{"id":7443,"date":"2018-11-13T09:13:05","date_gmt":"2018-11-13T08:13:05","guid":{"rendered":"https:\/\/www.dev.bison.cz\/en\/?page_id=7443"},"modified":"2020-01-15T12:59:13","modified_gmt":"2020-01-15T11:59:13","slug":"team-pillows","status":"publish","type":"page","link":"https:\/\/dev.bison.cz\/en\/sports\/fan-products\/team-pillows\/","title":{"rendered":"Team pillows"},"content":{"rendered":"\n<h2>T\u00fdmov\u00fd pol\u0161t\u00e1\u0159<\/h2>\n\n\n\n<div class=\"wp-block-columns has-2-columns\">\n<div class=\"wp-block-column\">\n<figure class=\"wp-block-image\"><img width=\"701\" height=\"570\" src=\"https:\/\/www.dev.bison.cz\/en\/wp-content\/uploads\/2020\/01\/FAN-PREDMETY_POLSTAR_1KROK.png\" alt=\"\" class=\"wp-image-8533\" srcset=\"https:\/\/dev.bison.cz\/en\/wp-content\/uploads\/2020\/01\/FAN-PREDMETY_POLSTAR_1KROK.png 701w, https:\/\/dev.bison.cz\/en\/wp-content\/uploads\/2020\/01\/FAN-PREDMETY_POLSTAR_1KROK-300x244.png 300w\" sizes=\"(max-width: 701px) 100vw, 701px\" \/><\/figure>\n<\/div>\n\n\n\n<div class=\"wp-block-column\">\n<p><strong>P\u0159iprav\u00edme v\u00e1m origin\u00e1ln\u00ed design p\u0159esn\u011b podle va\u0161ich po\u017eadavk\u016f.<\/strong><\/p>\n\n\n\n<p>Atraktivn\u00ed t\u00fdmov\u00fd pol\u0161t\u00e1\u0159ek. Mo\u017enost v\u00fdroby ve vlastn\u00edm designu, s r\u016fzn\u00fdmi \u010d\u00edsly a jm\u00e9ny.<\/p>\n\n\n\n<p>Rozm\u011bry 40x40cm.<\/p>\n<\/div>\n<\/div>\n\n\n\n<hr class=\"wp-block-separator\"\/>\n\n\n\n<p class=\"krok-zpet\"><a href=\"\/en\/sports\/fan-products\">Back<\/a><\/p>\n","protected":false},"excerpt":{"rendered":"<p>T\u00fdmov\u00fd pol\u0161t\u00e1\u0159 P\u0159iprav\u00edme v\u00e1m origin\u00e1ln\u00ed design p\u0159esn\u011b podle va\u0161ich po\u017eadavk\u016f. Atraktivn\u00ed t\u00fdmov\u00fd pol\u0161t\u00e1\u0159ek. Mo\u017enost v\u00fdroby ve vlastn\u00edm designu, s r\u016fzn\u00fdmi \u010d\u00edsly a jm\u00e9ny. Rozm\u011bry 40x40cm. Back<\/p>\n","protected":false},"author":1,"featured_media":0,"parent":130,"menu_order":0,"comment_status":"closed","ping_status":"closed","template":"","meta":[],"_links":{"self":[{"href":"https:\/\/dev.bison.cz\/en\/wp-json\/wp\/v2\/pages\/7443"}],"collection":[{"href":"https:\/\/dev.bison.cz\/en\/wp-json\/wp\/v2\/pages"}],"about":[{"href":"https:\/\/dev.bison.cz\/en\/wp-json\/wp\/v2\/types\/page"}],"author":[{"embeddable":true,"href":"https:\/\/dev.bison.cz\/en\/wp-json\/wp\/v2\/users\/1"}],"replies":[{"embeddable":true,"href":"https:\/\/dev.bison.cz\/en\/wp-json\/wp\/v2\/comments?post=7443"}],"version-history":[{"count":3,"href":"https:\/\/dev.bison.cz\/en\/wp-json\/wp\/v2\/pages\/7443\/revisions"}],"predecessor-version":[{"id":8534,"href":"https:\/\/dev.bison.cz\/en\/wp-json\/wp\/v2\/pages\/7443\/revisions\/8534"}],"up":[{"embeddable":true,"href":"https:\/\/dev.bison.cz\/en\/wp-json\/wp\/v2\/pages\/130"}],"wp:attachment":[{"href":"https:\/\/dev.bison.cz\/en\/wp-json\/wp\/v2\/media?parent=7443"}],"curies":[{"name":"wp","href":"https:\/\/api.w.org\/{rel}","templated":true}]}}