{"id":736,"date":"2016-01-26T17:58:10","date_gmt":"2016-01-26T16:58:10","guid":{"rendered":"https:\/\/www.dev.bison.cz\/en\/?page_id=736"},"modified":"2018-11-08T08:22:54","modified_gmt":"2018-11-08T07:22:54","slug":"athletics-jerseys","status":"publish","type":"page","link":"https:\/\/dev.bison.cz\/en\/sports\/athletics\/size-tables\/athletics-jerseys\/","title":{"rendered":"Athletics jerseys"},"content":{"rendered":"<div class=\"menu-inline\">\n<h1>Velikostn\u00ed tabulky dres\u016f atletika.<\/h1>\n<h3>VELIKOSTN\u00cd TABULKA &#8211; DODATEK<\/h3>\n<p>Uveden\u00e9 rozm\u011bry uv\u00e1d\u011bj\u00ed \u0161\u00ed\u0159ku dresu, NE obvod.<\/p>\n<p>Doporu\u010den\u00fd zp\u016fsob zji\u0161t\u011bn\u00ed pot\u0159ebn\u00e9 velikosti: tri\u010dko \u010di kalhoty, kter\u00e9 V\u00e1m p\u0159esn\u011b sed\u00ed, polo\u017ete na st\u016fl a v napnut\u00e9m stavu zm\u011b\u0159te \u0161\u00ed\u0159ku i v\u00fd\u0161ku dresu. Nam\u011b\u0159en\u00e9 hodnoty porovnejte s tabulkou.<\/p>\n<p>Pozor, rozm\u011br pr\u016framku m\u016f\u017ee ovlivnit i vybran\u00fd typ l\u00edmce. Velikostn\u00ed tabulky jsou pouze orienta\u010dn\u00ed. Jestli\u017ee budete na rozhran\u00ed dvou velikost\u00ed, pro v\u011bt\u0161\u00ed pohodl\u00ed doporu\u010dujeme zvolit vy\u0161\u0161\u00ed velikost. Pozor: tolerance \u0161\u00ed\u0159e i d\u00e9lky dresu +\/- 2cm<\/p>\n<p>V p\u0159\u00edpad\u011b po\u017eadavku na individu\u00e1ln\u00ed \u00fapravy d\u00e9lek produkt\u016f mimo rozm\u011bry uveden\u00e9 v tabulce si \u00fa\u010dtujeme poplatek 50,- K\u010d\/ks bez DPH.<\/p>\n<hr \/>\n<h3 style=\"text-align: center;\"><a href=\"#pansky\">P\u00e1nsk\u00fd<\/a>\u00a0\/\u00a0<a href=\"#damsky\">D\u00e1msk\u00fd<\/a><\/h3>\n<\/div>\n<hr \/>\n<p><img id=\"pansky\" class=\"aligncenter size-full wp-image-738\" src=\"https:\/\/www.dev.bison.cz\/en\/wp-content\/uploads\/2016\/01\/pansky.jpg\" alt=\"pansky\" width=\"649\" height=\"889\" srcset=\"https:\/\/dev.bison.cz\/en\/wp-content\/uploads\/2016\/01\/pansky.jpg 649w, https:\/\/dev.bison.cz\/en\/wp-content\/uploads\/2016\/01\/pansky-219x300.jpg 219w\" sizes=\"(max-width: 649px) 100vw, 649px\" \/><\/p>\n<hr \/>\n<p><img id=\"damsky\" class=\"aligncenter size-full wp-image-737\" src=\"https:\/\/www.dev.bison.cz\/en\/wp-content\/uploads\/2016\/01\/damsky.jpg\" alt=\"damsky\" width=\"649\" height=\"809\" srcset=\"https:\/\/dev.bison.cz\/en\/wp-content\/uploads\/2016\/01\/damsky.jpg 649w, https:\/\/dev.bison.cz\/en\/wp-content\/uploads\/2016\/01\/damsky-241x300.jpg 241w\" sizes=\"(max-width: 649px) 100vw, 649px\" \/><\/p>\n<hr \/>\n<p><a class=\"krok-zpet\" href=\"https:\/\/www.dev.bison.cz\/en\/sports\/athletics\/size-tables\">Back<\/a><\/p>\n","protected":false},"excerpt":{"rendered":"<p>Velikostn\u00ed tabulky dres\u016f atletika. VELIKOSTN\u00cd TABULKA &#8211; DODATEK Uveden\u00e9 rozm\u011bry uv\u00e1d\u011bj\u00ed \u0161\u00ed\u0159ku dresu, NE obvod. Doporu\u010den\u00fd zp\u016fsob zji\u0161t\u011bn\u00ed pot\u0159ebn\u00e9 velikosti: tri\u010dko \u010di kalhoty, kter\u00e9 V\u00e1m p\u0159esn\u011b sed\u00ed, polo\u017ete na st\u016fl a v napnut\u00e9m stavu zm\u011b\u0159te \u0161\u00ed\u0159ku i v\u00fd\u0161ku dresu. Nam\u011b\u0159en\u00e9&hellip; <br \/><a class=\"read-more-button\" href=\"https:\/\/dev.bison.cz\/en\/sports\/athletics\/size-tables\/athletics-jerseys\/\">Read more<\/a><\/p>\n","protected":false},"author":1,"featured_media":0,"parent":560,"menu_order":0,"comment_status":"closed","ping_status":"closed","template":"","meta":[],"_links":{"self":[{"href":"https:\/\/dev.bison.cz\/en\/wp-json\/wp\/v2\/pages\/736"}],"collection":[{"href":"https:\/\/dev.bison.cz\/en\/wp-json\/wp\/v2\/pages"}],"about":[{"href":"https:\/\/dev.bison.cz\/en\/wp-json\/wp\/v2\/types\/page"}],"author":[{"embeddable":true,"href":"https:\/\/dev.bison.cz\/en\/wp-json\/wp\/v2\/users\/1"}],"replies":[{"embeddable":true,"href":"https:\/\/dev.bison.cz\/en\/wp-json\/wp\/v2\/comments?post=736"}],"version-history":[{"count":6,"href":"https:\/\/dev.bison.cz\/en\/wp-json\/wp\/v2\/pages\/736\/revisions"}],"predecessor-version":[{"id":7385,"href":"https:\/\/dev.bison.cz\/en\/wp-json\/wp\/v2\/pages\/736\/revisions\/7385"}],"up":[{"embeddable":true,"href":"https:\/\/dev.bison.cz\/en\/wp-json\/wp\/v2\/pages\/560"}],"wp:attachment":[{"href":"https:\/\/dev.bison.cz\/en\/wp-json\/wp\/v2\/media?parent=736"}],"curies":[{"name":"wp","href":"https:\/\/api.w.org\/{rel}","templated":true}]}}