{"id":611,"date":"2016-01-11T14:23:36","date_gmt":"2016-01-11T13:23:36","guid":{"rendered":"https:\/\/www.dev.bison.cz\/en\/?page_id=611"},"modified":"2018-11-05T14:23:50","modified_gmt":"2018-11-05T13:23:50","slug":"size-tables","status":"publish","type":"page","link":"https:\/\/dev.bison.cz\/en\/sports\/volleyball\/size-tables\/","title":{"rendered":"Size Tables"},"content":{"rendered":"<h1>Velikostn\u00ed tabulky Bison Sportswear pro produkty volejbal.<\/h1>\n<table class=\"no-border\">\n<tbody>\n<tr>\n<td style=\"text-align: center;\">\n<h3><a href=\"https:\/\/www.dev.bison.cz\/en\/sports\/volleyball\/size-tables\/volleyball-jerseys\/\">Volejbalov\u00e9 dresy<\/a><\/h3>\n<hr \/>\n<p><img class=\"aligncenter size-medium wp-image-357\" src=\"https:\/\/www.dev.bison.cz\/en\/wp-content\/uploads\/2016\/01\/fotbal-klasik-muzi-velikost-203x300.jpg\" alt=\"fotbal-klasik-muzi-velikost\" width=\"203\" height=\"300\" srcset=\"https:\/\/dev.bison.cz\/en\/wp-content\/uploads\/2016\/01\/fotbal-klasik-muzi-velikost-203x300.jpg 203w, https:\/\/dev.bison.cz\/en\/wp-content\/uploads\/2016\/01\/fotbal-klasik-muzi-velikost.jpg 650w\" sizes=\"(max-width: 203px) 100vw, 203px\" \/><\/td>\n<td>\n<h3 style=\"text-align: center;\"><a href=\"https:\/\/www.dev.bison.cz\/en\/sports\/volleyball\/size-tables\/volleyball-shorts\/\">Volejbalov\u00e9 tren\u00fdrky<\/a><\/h3>\n<hr \/>\n<p><img class=\"aligncenter size-medium wp-image-575\" src=\"https:\/\/www.dev.bison.cz\/en\/wp-content\/uploads\/2016\/01\/fotbal-muzi-212x300.jpg\" alt=\"fotbal-muzi\" width=\"212\" height=\"300\" srcset=\"https:\/\/dev.bison.cz\/en\/wp-content\/uploads\/2016\/01\/fotbal-muzi-212x300.jpg 212w, https:\/\/dev.bison.cz\/en\/wp-content\/uploads\/2016\/01\/fotbal-muzi.jpg 651w\" sizes=\"(max-width: 212px) 100vw, 212px\" \/><\/td>\n<\/tr>\n<tr>\n<td colspan=\"2\">\n<h3 style=\"text-align: center;\"><a href=\"https:\/\/www.dev.bison.cz\/en\/sports\/volleyball\/size-tables\/racerback-women\/\">Racerback D\u00e1msk\u00fd<\/a><\/h3>\n<hr \/>\n<p><img class=\"wp-image-7014 size-full aligncenter\" src=\"https:\/\/www.dev.bison.cz\/en\/wp-content\/uploads\/2018\/07\/RACERBACK-D\u00c1MSK\u00dd-nahled.jpg\" alt=\"\" width=\"248\" height=\"336\" srcset=\"https:\/\/dev.bison.cz\/en\/wp-content\/uploads\/2018\/07\/RACERBACK-D\u00c1MSK\u00dd-nahled.jpg 248w, https:\/\/dev.bison.cz\/en\/wp-content\/uploads\/2018\/07\/RACERBACK-D\u00c1MSK\u00dd-nahled-221x300.jpg 221w\" sizes=\"(max-width: 248px) 100vw, 248px\" \/><\/td>\n<\/tr>\n<\/tbody>\n<\/table>\n<hr \/>\n<p><a class=\"krok-zpet\" href=\"https:\/\/www.dev.bison.cz\/en\/sports\/volleyball\/\">Back<\/a><\/p>\n","protected":false},"excerpt":{"rendered":"<p>Velikostn\u00ed tabulky Bison Sportswear pro produkty volejbal. Volejbalov\u00e9 dresy Volejbalov\u00e9 tren\u00fdrky Racerback D\u00e1msk\u00fd Back<\/p>\n","protected":false},"author":1,"featured_media":0,"parent":118,"menu_order":4,"comment_status":"closed","ping_status":"closed","template":"","meta":[],"_links":{"self":[{"href":"https:\/\/dev.bison.cz\/en\/wp-json\/wp\/v2\/pages\/611"}],"collection":[{"href":"https:\/\/dev.bison.cz\/en\/wp-json\/wp\/v2\/pages"}],"about":[{"href":"https:\/\/dev.bison.cz\/en\/wp-json\/wp\/v2\/types\/page"}],"author":[{"embeddable":true,"href":"https:\/\/dev.bison.cz\/en\/wp-json\/wp\/v2\/users\/1"}],"replies":[{"embeddable":true,"href":"https:\/\/dev.bison.cz\/en\/wp-json\/wp\/v2\/comments?post=611"}],"version-history":[{"count":11,"href":"https:\/\/dev.bison.cz\/en\/wp-json\/wp\/v2\/pages\/611\/revisions"}],"predecessor-version":[{"id":7345,"href":"https:\/\/dev.bison.cz\/en\/wp-json\/wp\/v2\/pages\/611\/revisions\/7345"}],"up":[{"embeddable":true,"href":"https:\/\/dev.bison.cz\/en\/wp-json\/wp\/v2\/pages\/118"}],"wp:attachment":[{"href":"https:\/\/dev.bison.cz\/en\/wp-json\/wp\/v2\/media?parent=611"}],"curies":[{"name":"wp","href":"https:\/\/api.w.org\/{rel}","templated":true}]}}