{"id":6002,"date":"2018-01-26T16:50:33","date_gmt":"2018-01-26T15:50:33","guid":{"rendered":"https:\/\/www.dev.bison.cz\/en\/?page_id=6002"},"modified":"2024-04-15T14:03:30","modified_gmt":"2024-04-15T12:03:30","slug":"swimming-skirts","status":"publish","type":"page","link":"https:\/\/dev.bison.cz\/en\/sports\/swimming-sports\/size-tables\/swimming-skirts\/","title":{"rendered":"Swimming skirts"},"content":{"rendered":"<h1>Velikostn\u00ed tabulky pro suk\u00fdnky plaveck\u00e9ho sportu.<\/h1>\n<h3>VELIKOSTN\u00cd TABULKA &#8211; DODATEK<\/h3>\n<p>Uveden\u00e9 rozm\u011bry uv\u00e1d\u011bj\u00ed \u0161\u00ed\u0159ku suk\u00fdnky, NE obvod.<\/p>\n<p>Doporu\u010den\u00fd zp\u016fsob zji\u0161t\u011bn\u00ed pot\u0159ebn\u00e9 velikosti: suk\u00fdnku, kter\u00e1 V\u00e1m p\u0159esn\u011b sed\u00ed, polo\u017ete na st\u016fl a v napnut\u00e9m stavu zm\u011b\u0159te v nazna\u010den\u00fdch bodech. Nam\u011b\u0159en\u00e9 hodnoty porovnejte s tabulkou.<\/p>\n<p>Velikostn\u00ed tabulky jsou pouze orienta\u010dn\u00ed. Jestli\u017ee budete na rozhran\u00ed dvou velikost\u00ed, pro v\u011bt\u0161\u00ed pohodl\u00ed doporu\u010dujeme zvolit vy\u0161\u0161\u00ed velikost. Pozor: tolerance \u0161\u00ed\u0159e i d\u00e9lky\u00a0 +\/- 2cm<\/p>\n<p>V p\u0159\u00edpad\u011b po\u017eadavku na individu\u00e1ln\u00ed \u00fapravy d\u00e9lek produkt\u016f mimo rozm\u011bry uveden\u00e9 v tabulce si \u00fa\u010dtujeme poplatek 50,- K\u010d\/ks bez DPH.<\/p>\n<hr \/>\n<p><img class=\"wp-image-314356 size-full aligncenter\" src=\"https:\/\/www.dev.bison.cz\/en\/wp-content\/uploads\/2024\/04\/sukynka-new-3_8.4.2024-4.jpg\" alt=\"\" width=\"1500\" height=\"1924\" srcset=\"https:\/\/dev.bison.cz\/en\/wp-content\/uploads\/2024\/04\/sukynka-new-3_8.4.2024-4.jpg 1500w, https:\/\/dev.bison.cz\/en\/wp-content\/uploads\/2024\/04\/sukynka-new-3_8.4.2024-4-234x300.jpg 234w, https:\/\/dev.bison.cz\/en\/wp-content\/uploads\/2024\/04\/sukynka-new-3_8.4.2024-4-798x1024.jpg 798w, https:\/\/dev.bison.cz\/en\/wp-content\/uploads\/2024\/04\/sukynka-new-3_8.4.2024-4-1198x1536.jpg 1198w, https:\/\/dev.bison.cz\/en\/wp-content\/uploads\/2024\/04\/sukynka-new-3_8.4.2024-4-1170x1501.jpg 1170w\" sizes=\"(max-width: 1500px) 100vw, 1500px\" \/><\/p>\n<hr \/>\n<p><a class=\"krok-zpet\" href=\"https:\/\/www.dev.bison.cz\/en\/sports\/swimming-sports\/size-tables\">Back<\/a><\/p>\n","protected":false},"excerpt":{"rendered":"<p>Velikostn\u00ed tabulky pro suk\u00fdnky plaveck\u00e9ho sportu. VELIKOSTN\u00cd TABULKA &#8211; DODATEK Uveden\u00e9 rozm\u011bry uv\u00e1d\u011bj\u00ed \u0161\u00ed\u0159ku suk\u00fdnky, NE obvod. Doporu\u010den\u00fd zp\u016fsob zji\u0161t\u011bn\u00ed pot\u0159ebn\u00e9 velikosti: suk\u00fdnku, kter\u00e1 V\u00e1m p\u0159esn\u011b sed\u00ed, polo\u017ete na st\u016fl a v napnut\u00e9m stavu zm\u011b\u0159te v nazna\u010den\u00fdch bodech. Nam\u011b\u0159en\u00e9 hodnoty&hellip; <br \/><a class=\"read-more-button\" href=\"https:\/\/dev.bison.cz\/en\/sports\/swimming-sports\/size-tables\/swimming-skirts\/\">Read more<\/a><\/p>\n","protected":false},"author":1,"featured_media":0,"parent":5774,"menu_order":0,"comment_status":"closed","ping_status":"closed","template":"","meta":[],"_links":{"self":[{"href":"https:\/\/dev.bison.cz\/en\/wp-json\/wp\/v2\/pages\/6002"}],"collection":[{"href":"https:\/\/dev.bison.cz\/en\/wp-json\/wp\/v2\/pages"}],"about":[{"href":"https:\/\/dev.bison.cz\/en\/wp-json\/wp\/v2\/types\/page"}],"author":[{"embeddable":true,"href":"https:\/\/dev.bison.cz\/en\/wp-json\/wp\/v2\/users\/1"}],"replies":[{"embeddable":true,"href":"https:\/\/dev.bison.cz\/en\/wp-json\/wp\/v2\/comments?post=6002"}],"version-history":[{"count":10,"href":"https:\/\/dev.bison.cz\/en\/wp-json\/wp\/v2\/pages\/6002\/revisions"}],"predecessor-version":[{"id":314360,"href":"https:\/\/dev.bison.cz\/en\/wp-json\/wp\/v2\/pages\/6002\/revisions\/314360"}],"up":[{"embeddable":true,"href":"https:\/\/dev.bison.cz\/en\/wp-json\/wp\/v2\/pages\/5774"}],"wp:attachment":[{"href":"https:\/\/dev.bison.cz\/en\/wp-json\/wp\/v2\/media?parent=6002"}],"curies":[{"name":"wp","href":"https:\/\/api.w.org\/{rel}","templated":true}]}}