{"id":5976,"date":"2018-01-26T16:45:47","date_gmt":"2018-01-26T15:45:47","guid":{"rendered":"https:\/\/www.dev.bison.cz\/en\/?page_id=5976"},"modified":"2021-05-08T08:43:40","modified_gmt":"2021-05-08T06:43:40","slug":"table-tennis-shorts","status":"publish","type":"page","link":"https:\/\/dev.bison.cz\/en\/sports\/table-tennis\/size-tables\/table-tennis-shorts\/","title":{"rendered":"Table tennis shorts"},"content":{"rendered":"<div class=\"menu-inline\">\n<h1>Velikostn\u00ed tabulky tren\u00fdrky stoln\u00edho tenisu.<\/h1>\n<h3>Legenda<\/h3>\n<p>A &#8211; obvod pasu<br \/>\nB &#8211; v\u00fd\u0161ka tren\u00fdrek<br \/>\nC &#8211; obvod nohavice (spodn\u00ed \u010d\u00e1st)<\/p>\n<p>Jako jednotka jsou pou\u017eity centimetry.<\/p>\n<h3>VELIKOSTN\u00cd TABULKA &#8211; DODATEK<\/h3>\n<p>Uveden\u00e9 rozm\u011bry uv\u00e1d\u011bj\u00ed \u0161\u00ed\u0159ku dresu, NE obvod.<\/p>\n<p>Doporu\u010den\u00fd zp\u016fsob zji\u0161t\u011bn\u00ed pot\u0159ebn\u00e9 velikosti: tri\u010dko \u010di kalhoty, kter\u00e9 V\u00e1m p\u0159esn\u011b sed\u00ed, polo\u017ete na st\u016fl a v napnut\u00e9m stavu zm\u011b\u0159te \u0161\u00ed\u0159ku i v\u00fd\u0161ku dresu. Nam\u011b\u0159en\u00e9 hodnoty porovnejte s tabulkou.<\/p>\n<p>Pozor, rozm\u011br pr\u016framku m\u016f\u017ee ovlivnit i vybran\u00fd typ l\u00edmce. Velikostn\u00ed tabulky jsou pouze orienta\u010dn\u00ed. Jestli\u017ee budete na rozhran\u00ed dvou velikost\u00ed, pro v\u011bt\u0161\u00ed pohodl\u00ed doporu\u010dujeme zvolit vy\u0161\u0161\u00ed velikost. Pozor: tolerance \u0161\u00ed\u0159e i d\u00e9lky dresu +\/- 2cm<\/p>\n<p>V p\u0159\u00edpad\u011b po\u017eadavku na individu\u00e1ln\u00ed \u00fapravy d\u00e9lek produkt\u016f mimo rozm\u011bry uveden\u00e9 v tabulce si \u00fa\u010dtujeme poplatek 50,- K\u010d\/ks bez DPH.<\/p>\n<hr \/>\n<h3 style=\"text-align: center;\"><a href=\"#klasik-muzi\">P\u00e1nsk\u00e9<\/a>\u00a0\/\u00a0<a href=\"#klasik-zeny\">D\u00e1msk\u00e9<\/a><\/h3>\n<\/div>\n<hr \/>\n<p><img id=\"klasik-muzi\" class=\"aligncenter wp-image-28140 size-large\" src=\"https:\/\/www.dev.bison.cz\/en\/wp-content\/uploads\/2021\/05\/vel_tab_trenky_fotbal-new-1-1-741x1024.jpg\" alt=\"\" width=\"741\" height=\"1024\" srcset=\"https:\/\/dev.bison.cz\/en\/wp-content\/uploads\/2021\/05\/vel_tab_trenky_fotbal-new-1-1-741x1024.jpg 741w, https:\/\/dev.bison.cz\/en\/wp-content\/uploads\/2021\/05\/vel_tab_trenky_fotbal-new-1-1-217x300.jpg 217w, https:\/\/dev.bison.cz\/en\/wp-content\/uploads\/2021\/05\/vel_tab_trenky_fotbal-new-1-1-1111x1536.jpg 1111w, https:\/\/dev.bison.cz\/en\/wp-content\/uploads\/2021\/05\/vel_tab_trenky_fotbal-new-1-1-scaled.jpg 1481w, https:\/\/dev.bison.cz\/en\/wp-content\/uploads\/2021\/05\/vel_tab_trenky_fotbal-new-1-1-1170x1618.jpg 1170w\" sizes=\"(max-width: 741px) 100vw, 741px\" \/><\/p>\n<hr \/>\n<p><img id=\"klasik-zeny\" class=\"wp-image-8225 size-full aligncenter\" src=\"https:\/\/www.dev.bison.cz\/en\/wp-content\/uploads\/2019\/11\/vel_tab_trenky_fotbal-new-d\u00e1msk\u00e9-1.jpg\" alt=\"\" width=\"800\" height=\"1048\" srcset=\"https:\/\/dev.bison.cz\/en\/wp-content\/uploads\/2019\/11\/vel_tab_trenky_fotbal-new-d\u00e1msk\u00e9-1.jpg 800w, https:\/\/dev.bison.cz\/en\/wp-content\/uploads\/2019\/11\/vel_tab_trenky_fotbal-new-d\u00e1msk\u00e9-1-229x300.jpg 229w, https:\/\/dev.bison.cz\/en\/wp-content\/uploads\/2019\/11\/vel_tab_trenky_fotbal-new-d\u00e1msk\u00e9-1-782x1024.jpg 782w\" sizes=\"(max-width: 800px) 100vw, 800px\" \/><\/p>\n<hr \/>\n<p><a class=\"krok-zpet\" href=\"https:\/\/www.dev.bison.cz\/en\/sports\/table-tennis\/size-tables\">Back<\/a><\/p>\n","protected":false},"excerpt":{"rendered":"<p>Velikostn\u00ed tabulky tren\u00fdrky stoln\u00edho tenisu. Legenda A &#8211; obvod pasu B &#8211; v\u00fd\u0161ka tren\u00fdrek C &#8211; obvod nohavice (spodn\u00ed \u010d\u00e1st) Jako jednotka jsou pou\u017eity centimetry. VELIKOSTN\u00cd TABULKA &#8211; DODATEK Uveden\u00e9 rozm\u011bry uv\u00e1d\u011bj\u00ed \u0161\u00ed\u0159ku dresu, NE obvod. Doporu\u010den\u00fd zp\u016fsob zji\u0161t\u011bn\u00ed pot\u0159ebn\u00e9&hellip; <br \/><a class=\"read-more-button\" href=\"https:\/\/dev.bison.cz\/en\/sports\/table-tennis\/size-tables\/table-tennis-shorts\/\">Read more<\/a><\/p>\n","protected":false},"author":1,"featured_media":0,"parent":5768,"menu_order":0,"comment_status":"closed","ping_status":"closed","template":"","meta":[],"_links":{"self":[{"href":"https:\/\/dev.bison.cz\/en\/wp-json\/wp\/v2\/pages\/5976"}],"collection":[{"href":"https:\/\/dev.bison.cz\/en\/wp-json\/wp\/v2\/pages"}],"about":[{"href":"https:\/\/dev.bison.cz\/en\/wp-json\/wp\/v2\/types\/page"}],"author":[{"embeddable":true,"href":"https:\/\/dev.bison.cz\/en\/wp-json\/wp\/v2\/users\/1"}],"replies":[{"embeddable":true,"href":"https:\/\/dev.bison.cz\/en\/wp-json\/wp\/v2\/comments?post=5976"}],"version-history":[{"count":6,"href":"https:\/\/dev.bison.cz\/en\/wp-json\/wp\/v2\/pages\/5976\/revisions"}],"predecessor-version":[{"id":28161,"href":"https:\/\/dev.bison.cz\/en\/wp-json\/wp\/v2\/pages\/5976\/revisions\/28161"}],"up":[{"embeddable":true,"href":"https:\/\/dev.bison.cz\/en\/wp-json\/wp\/v2\/pages\/5768"}],"wp:attachment":[{"href":"https:\/\/dev.bison.cz\/en\/wp-json\/wp\/v2\/media?parent=5976"}],"curies":[{"name":"wp","href":"https:\/\/api.w.org\/{rel}","templated":true}]}}