{"id":5772,"date":"2018-01-17T17:39:39","date_gmt":"2018-01-17T16:39:39","guid":{"rendered":"https:\/\/www.dev.bison.cz\/en\/?page_id=5772"},"modified":"2018-11-08T10:37:32","modified_gmt":"2018-11-08T09:37:32","slug":"size-tables","status":"publish","type":"page","link":"https:\/\/dev.bison.cz\/en\/sports\/squash\/size-tables\/","title":{"rendered":"Size Tables"},"content":{"rendered":"<h1>Velikostn\u00ed tabulky Bison Sportswear pro produkty squash.<\/h1>\n<p>&nbsp;<\/p>\n<table class=\"no-border\">\n<tbody>\n<tr>\n<td style=\"text-align: center;\">\n<h3><a href=\"\/en\/sports\/squash\/size-tables\/squash-jerseys\">Squashov\u00e9 dresy<\/a><\/h3>\n<hr \/>\n<p><img class=\"aligncenter size-medium wp-image-357\" src=\"https:\/\/www.dev.bison.cz\/en\/wp-content\/uploads\/2016\/01\/fotbal-klasik-muzi-velikost-203x300.jpg\" alt=\"fotbal-klasik-muzi-velikost\" width=\"203\" height=\"300\" srcset=\"https:\/\/dev.bison.cz\/en\/wp-content\/uploads\/2016\/01\/fotbal-klasik-muzi-velikost-203x300.jpg 203w, https:\/\/dev.bison.cz\/en\/wp-content\/uploads\/2016\/01\/fotbal-klasik-muzi-velikost.jpg 650w\" sizes=\"(max-width: 203px) 100vw, 203px\" \/><\/td>\n<td>\n<h3 style=\"text-align: center;\"><a href=\"\/en\/sports\/squash\/size-tables\/squash-shorts\">Squashov\u00e9 tren\u00fdrky<\/a><\/h3>\n<hr \/>\n<p><img class=\"aligncenter size-medium wp-image-575\" src=\"https:\/\/www.dev.bison.cz\/en\/wp-content\/uploads\/2016\/01\/fotbal-muzi-212x300.jpg\" alt=\"fotbal-muzi\" width=\"212\" height=\"300\" srcset=\"https:\/\/dev.bison.cz\/en\/wp-content\/uploads\/2016\/01\/fotbal-muzi-212x300.jpg 212w, https:\/\/dev.bison.cz\/en\/wp-content\/uploads\/2016\/01\/fotbal-muzi.jpg 651w\" sizes=\"(max-width: 212px) 100vw, 212px\" \/><\/td>\n<\/tr>\n<tr>\n<td style=\"text-align: center;\">\n<h3><a href=\"\/en\/sports\/squash\/size-tables\/squash-poloshirts\">Squashov\u00e9 poloko\u0161ile<\/a><\/h3>\n<hr \/>\n<p><img class=\"aligncenter wp-image-3324 size-medium\" src=\"https:\/\/www.dev.bison.cz\/en\/wp-content\/uploads\/2016\/01\/vel_tabulky_kuzelky_polokosile_panske-180x300.jpg\" alt=\"\" width=\"180\" height=\"300\" srcset=\"https:\/\/dev.bison.cz\/en\/wp-content\/uploads\/2016\/01\/vel_tabulky_kuzelky_polokosile_panske-180x300.jpg 180w, https:\/\/dev.bison.cz\/en\/wp-content\/uploads\/2016\/01\/vel_tabulky_kuzelky_polokosile_panske-615x1024.jpg 615w, https:\/\/dev.bison.cz\/en\/wp-content\/uploads\/2016\/01\/vel_tabulky_kuzelky_polokosile_panske.jpg 652w\" sizes=\"(max-width: 180px) 100vw, 180px\" \/><\/td>\n<td>\n<h3 style=\"text-align: center;\"><a href=\"https:\/\/www.dev.bison.cz\/en\/sports\/squash\/size-tables\/squash-skirts\/\">Squashov\u00e1 sukn\u011b<\/a><\/h3>\n<hr \/>\n<p><img class=\"aligncenter wp-image-5130 size-medium\" src=\"https:\/\/www.dev.bison.cz\/en\/wp-content\/uploads\/2017\/12\/suk\u00fdnka-216x300.jpg\" alt=\"Florbalov\u00e1 suk\u00fdnka Bison Sportswear - velikostn\u00ed tabulka.\" width=\"216\" height=\"300\" \/><\/td>\n<\/tr>\n<tr>\n<td colspan=\"2\">\n<h3 style=\"text-align: center;\"><a href=\"https:\/\/www.dev.bison.cz\/en\/sports\/squash\/size-tables\/racerback-women\/\">Racerback D\u00e1msk\u00fd<\/a><\/h3>\n<hr \/>\n<p><img class=\"wp-image-7014 size-full aligncenter\" src=\"https:\/\/www.dev.bison.cz\/en\/wp-content\/uploads\/2018\/07\/RACERBACK-D\u00c1MSK\u00dd-nahled.jpg\" alt=\"\" width=\"248\" height=\"336\" srcset=\"https:\/\/dev.bison.cz\/en\/wp-content\/uploads\/2018\/07\/RACERBACK-D\u00c1MSK\u00dd-nahled.jpg 248w, https:\/\/dev.bison.cz\/en\/wp-content\/uploads\/2018\/07\/RACERBACK-D\u00c1MSK\u00dd-nahled-221x300.jpg 221w\" sizes=\"(max-width: 248px) 100vw, 248px\" \/><\/td>\n<\/tr>\n<\/tbody>\n<\/table>\n<hr \/>\n<p><a class=\"krok-zpet\" href=\"https:\/\/www.dev.bison.cz\/en\/sports\/squash\/\">Back<\/a><\/p>\n","protected":false},"excerpt":{"rendered":"<p>Velikostn\u00ed tabulky Bison Sportswear pro produkty squash. &nbsp; Squashov\u00e9 dresy Squashov\u00e9 tren\u00fdrky Squashov\u00e9 poloko\u0161ile Squashov\u00e1 sukn\u011b Racerback D\u00e1msk\u00fd Back<\/p>\n","protected":false},"author":1,"featured_media":0,"parent":5645,"menu_order":0,"comment_status":"closed","ping_status":"closed","template":"","meta":[],"_links":{"self":[{"href":"https:\/\/dev.bison.cz\/en\/wp-json\/wp\/v2\/pages\/5772"}],"collection":[{"href":"https:\/\/dev.bison.cz\/en\/wp-json\/wp\/v2\/pages"}],"about":[{"href":"https:\/\/dev.bison.cz\/en\/wp-json\/wp\/v2\/types\/page"}],"author":[{"embeddable":true,"href":"https:\/\/dev.bison.cz\/en\/wp-json\/wp\/v2\/users\/1"}],"replies":[{"embeddable":true,"href":"https:\/\/dev.bison.cz\/en\/wp-json\/wp\/v2\/comments?post=5772"}],"version-history":[{"count":7,"href":"https:\/\/dev.bison.cz\/en\/wp-json\/wp\/v2\/pages\/5772\/revisions"}],"predecessor-version":[{"id":7414,"href":"https:\/\/dev.bison.cz\/en\/wp-json\/wp\/v2\/pages\/5772\/revisions\/7414"}],"up":[{"embeddable":true,"href":"https:\/\/dev.bison.cz\/en\/wp-json\/wp\/v2\/pages\/5645"}],"wp:attachment":[{"href":"https:\/\/dev.bison.cz\/en\/wp-json\/wp\/v2\/media?parent=5772"}],"curies":[{"name":"wp","href":"https:\/\/api.w.org\/{rel}","templated":true}]}}