{"id":5760,"date":"2018-01-17T17:34:24","date_gmt":"2018-01-17T16:34:24","guid":{"rendered":"https:\/\/www.dev.bison.cz\/en\/?page_id=5760"},"modified":"2019-11-21T09:52:15","modified_gmt":"2019-11-21T08:52:15","slug":"gallery-of-graphics","status":"publish","type":"page","link":"https:\/\/dev.bison.cz\/en\/sports\/swimming-sports\/gallery-of-graphics\/","title":{"rendered":"Gallery of Graphics"},"content":{"rendered":"\r\n<div id=\"sport-squares\">\r\n                <div>\r\n\t\t\t\t\t<img src=\"\/en\/wp-content\/themes\/naturespace\/img\/squares\/fotogalerie-dresu.jpg\" \/>\r\n\t\t\t\t\t<a href=\"\/en\/sports\/wp-json\/photogallery-of-clothes\/\">Photogallery of jerseys<\/a>\r\n                <\/div>\r\n\r\n                <div>\r\n                    <img src=\"\/en\/wp-content\/themes\/naturespace\/img\/squares\/fotogalerie-tymu.jpg\" \/>\r\n\t\t\t\t\t<a href=\"\/en\/sports\/wp-json\/photogallery-of-teams\/\">Photogallery of teams<\/a>\r\n                <\/div>               \r\n\r\n\t\t\t\t<div>\r\n                    <img src=\"\/en\/wp-content\/themes\/naturespace\/img\/squares\/galerie-grafiky.jpg\" \/>\r\n\t\t\t\t\t<a href=\"\/en\/sports\/wp-json\/gallery-of-graphics\/\">Gallery of graphics<\/a>\r\n                <\/div>\r\n\t\r\n                <div style=\"margin-right: 0px; float: right;\">\r\n                    <img src=\"\/en\/wp-content\/themes\/naturespace\/img\/squares\/designova-inspirace.jpg\" \/>\r\n\t\t\t\t\t<a href=\"\/en\/sports\/wp-json\/designs-inspiration\/\">Designs inspiration<\/a>\r\n                <\/div>\r\n<\/div>\r\n<div style=\"clear: both;\"><\/div>\r\n\r\n\n\n\n\n<hr class=\"wp-block-separator\"\/>\n\n\n<!-- Final Tiles Grid Gallery for WordPress v3.5.1 free --><style>#ftg-7070 .tile .icon { color:#ffffff; }#ftg-7070 .ftg-items .loading-bar i { background:#666; }#ftg-7070 .ftg-items .loading-bar { background:#fff; }#ftg-7070 .tile .icon { font-size:12px; }#ftg-7070 .tile .icon { margin: -6px 0 0 -6px; }#ftg-7070 .tile .caption-block .text-wrapper span.text { font-size:12px; }#ftg-7070 .tile .caption-outside .text-wrapper span.text { font-size:12px; }#ftg-7070 .tile .caption-block .text-wrapper span.title { font-size:14px; }#ftg-7070 .tile .caption-outside .text-wrapper span.title { font-size:14px; }#ftg-7070 .tile { background-color: transparent; }#ftg-7070 .tile .caption-block .text-wrapper span.text { color: #ffffff; }#ftg-7070 .tile .caption-block .text-wrapper span.title { color: #ffffff; }#ftg-7070 .tile .caption-outside .text-wrapper span.text { color: #ffffff; }#ftg-7070 .tile .caption-outside .text-wrapper span.title { color: #ffffff; }#ftg-7070 .tile .ftg-social a { color: #ffffff; }#ftg-7070 .tile .caption-block { transition-duration:0.25s; }#ftg-7070 .tile .tile-inner:before { background-color: #000000; }#ftg-7070 .tile .tile-inner:before { background-color: rgba(0, 0, 0, 0.8); }#ftg-7070 .tile:hover img {-moz-transform: ;-webkit-transform: ;-o-transform: ;-ms-transform: ;transform: ;}<\/style><a name='70'><\/a><div class='final-tiles-gallery  ftg-hover-enabled caption-inside  caption-none caption-middle caption-center' id='ftg-7070' style='width:100%'><div class='ftg-items'><div class='loading-bar'><i><\/i><\/div><div  class='tile ftg-preload  '><a title=\"Krokod\u00fdl-Brno-dres\" data-lightbox='ftg-7070' rel='ftg-7070'  class=' tile-inner  ftg-lightbox' href='https:\/\/dev.bison.cz\/en\/wp-content\/uploads\/2019\/11\/Krokod\u00fdl-Brno-dres-568x1024.jpg' ><img alt='Krokod\u00fdl-Brno-dres' class='item skip-lazy' data-class='item' data-ftg-source='https:\/\/www.bison.cz\/en\/wp-content\/uploads\/2019\/11\/Krokod\u00fdl-Brno-dres-568x1024.jpg' src='https:\/\/www.bison.cz\/en\/wp-content\/uploads\/2019\/11\/Krokod\u00fdl-Brno-dres-568x1024.jpg' width='1555' height='2803' \/><div class='caption-block'><div class='text-wrapper'><span class='title'>Krokod\u00fdl-Brno-dres<\/span><\/div><\/div><\/a><div class='ftg-social'><\/div><\/div><div  class='tile ftg-preload  '><a title=\"Krokod\u00fdl-Brno-mikina\" data-lightbox='ftg-7070' rel='ftg-7070'  class=' tile-inner  ftg-lightbox' href='https:\/\/dev.bison.cz\/en\/wp-content\/uploads\/2019\/11\/Krokod\u00fdl-Brno-mikina-904x1024.jpg' ><img alt='Krokod\u00fdl-Brno-mikina' class='item skip-lazy' data-class='item' data-ftg-source='https:\/\/www.bison.cz\/en\/wp-content\/uploads\/2019\/11\/Krokod\u00fdl-Brno-mikina-904x1024.jpg' src='https:\/\/www.bison.cz\/en\/wp-content\/uploads\/2019\/11\/Krokod\u00fdl-Brno-mikina-904x1024.jpg' width='1807' height='2048' \/><div class='caption-block'><div class='text-wrapper'><span class='title'>Krokod\u00fdl-Brno-mikina<\/span><\/div><\/div><\/a><div class='ftg-social'><\/div><\/div><div  class='tile ftg-preload  '><a title=\"Krokod\u00fdl-Brno-tepl\u00e1kovka\" data-lightbox='ftg-7070' rel='ftg-7070'  class=' tile-inner  ftg-lightbox' href='https:\/\/dev.bison.cz\/en\/wp-content\/uploads\/2019\/11\/Krokod\u00fdl-Brno-tepl\u00e1kovka-543x1024.jpg' ><img alt='Krokod\u00fdl-Brno-tepl\u00e1kovka' class='item skip-lazy' data-class='item' data-ftg-source='https:\/\/www.bison.cz\/en\/wp-content\/uploads\/2019\/11\/Krokod\u00fdl-Brno-tepl\u00e1kovka-543x1024.jpg' src='https:\/\/www.bison.cz\/en\/wp-content\/uploads\/2019\/11\/Krokod\u00fdl-Brno-tepl\u00e1kovka-543x1024.jpg' width='1085' height='2048' \/><div class='caption-block'><div class='text-wrapper'><span class='title'>Krokod\u00fdl-Brno-tepl\u00e1kovka<\/span><\/div><\/div><\/a><div class='ftg-social'><\/div><\/div><div  class='tile ftg-preload  '><a title=\"Swimming-team-3D-dres\" data-lightbox='ftg-7070' rel='ftg-7070'  class=' tile-inner  ftg-lightbox' href='https:\/\/dev.bison.cz\/en\/wp-content\/uploads\/2019\/11\/Swimming-team-3D-dres-568x1024.jpg' ><img alt='Swimming-team-3D-dres' class='item skip-lazy' data-class='item' data-ftg-source='https:\/\/www.bison.cz\/en\/wp-content\/uploads\/2019\/11\/Swimming-team-3D-dres-568x1024.jpg' src='https:\/\/www.bison.cz\/en\/wp-content\/uploads\/2019\/11\/Swimming-team-3D-dres-568x1024.jpg' width='1555' height='2803' \/><div class='caption-block'><div class='text-wrapper'><span class='title'>Swimming-team-3D-dres<\/span><\/div><\/div><\/a><div class='ftg-social'><\/div><\/div><div  class='tile ftg-preload  '><a title=\"Swimming-team-3D-mikina\" data-lightbox='ftg-7070' rel='ftg-7070'  class=' tile-inner  ftg-lightbox' href='https:\/\/dev.bison.cz\/en\/wp-content\/uploads\/2019\/11\/Swimming-team-3D-mikina-843x1024.jpg' ><img alt='Swimming-team-3D-mikina' class='item skip-lazy' data-class='item' data-ftg-source='https:\/\/www.bison.cz\/en\/wp-content\/uploads\/2019\/11\/Swimming-team-3D-mikina-843x1024.jpg' src='https:\/\/www.bison.cz\/en\/wp-content\/uploads\/2019\/11\/Swimming-team-3D-mikina-843x1024.jpg' width='1686' height='2048' \/><div class='caption-block'><div class='text-wrapper'><span class='title'>Swimming-team-3D-mikina<\/span><\/div><\/div><\/a><div class='ftg-social'><\/div><\/div><div  class='tile ftg-preload  '><a title=\"Swimming-team-3D-tepl\u00e1kovka\" data-lightbox='ftg-7070' rel='ftg-7070'  class=' tile-inner  ftg-lightbox' href='https:\/\/dev.bison.cz\/en\/wp-content\/uploads\/2019\/11\/Swimming-team-3D-tepl\u00e1kovka-519x1024.jpg' ><img alt='Swimming-team-3D-tepl\u00e1kovka' class='item skip-lazy' data-class='item' data-ftg-source='https:\/\/www.bison.cz\/en\/wp-content\/uploads\/2019\/11\/Swimming-team-3D-tepl\u00e1kovka-519x1024.jpg' src='https:\/\/www.bison.cz\/en\/wp-content\/uploads\/2019\/11\/Swimming-team-3D-tepl\u00e1kovka-519x1024.jpg' width='1038' height='2048' \/><div class='caption-block'><div class='text-wrapper'><span class='title'>Swimming-team-3D-tepl\u00e1kovka<\/span><\/div><\/div><\/a><div class='ftg-social'><\/div><\/div><div  class='tile ftg-preload  '><a title=\"XBS-swim-team-WHITE\" data-lightbox='ftg-7070' rel='ftg-7070'  class=' tile-inner  ftg-lightbox' href='https:\/\/dev.bison.cz\/en\/wp-content\/uploads\/2019\/11\/XBS-swim-team-WHITE-568x1024.jpg' ><img alt='XBS-swim-team-WHITE' class='item skip-lazy' data-class='item' data-ftg-source='https:\/\/www.bison.cz\/en\/wp-content\/uploads\/2019\/11\/XBS-swim-team-WHITE-568x1024.jpg' src='https:\/\/www.bison.cz\/en\/wp-content\/uploads\/2019\/11\/XBS-swim-team-WHITE-568x1024.jpg' width='1555' height='2803' \/><div class='caption-block'><div class='text-wrapper'><span class='title'>XBS-swim-team-WHITE<\/span><\/div><\/div><\/a><div class='ftg-social'><\/div><\/div><div  class='tile ftg-preload  '><a title=\"XBS-swim-team-orange\" data-lightbox='ftg-7070' rel='ftg-7070'  class=' tile-inner  ftg-lightbox' href='https:\/\/dev.bison.cz\/en\/wp-content\/uploads\/2019\/11\/XBS-swim-team-orange-568x1024.jpg' ><img alt='XBS-swim-team-orange' class='item skip-lazy' data-class='item' data-ftg-source='https:\/\/www.bison.cz\/en\/wp-content\/uploads\/2019\/11\/XBS-swim-team-orange-568x1024.jpg' src='https:\/\/www.bison.cz\/en\/wp-content\/uploads\/2019\/11\/XBS-swim-team-orange-568x1024.jpg' width='1555' height='2803' \/><div class='caption-block'><div class='text-wrapper'><span class='title'>XBS-swim-team-orange<\/span><\/div><\/div><\/a><div class='ftg-social'><\/div><\/div><div  class='tile ftg-preload  '><a title=\"XBS-swim-team-WHITE-mikina\" data-lightbox='ftg-7070' rel='ftg-7070'  class=' tile-inner  ftg-lightbox' href='https:\/\/dev.bison.cz\/en\/wp-content\/uploads\/2019\/11\/XBS-swim-team-WHITE-mikina-857x1024.jpg' ><img alt='XBS-swim-team-WHITE-mikina' class='item skip-lazy' data-class='item' data-ftg-source='https:\/\/www.bison.cz\/en\/wp-content\/uploads\/2019\/11\/XBS-swim-team-WHITE-mikina-857x1024.jpg' src='https:\/\/www.bison.cz\/en\/wp-content\/uploads\/2019\/11\/XBS-swim-team-WHITE-mikina-857x1024.jpg' width='1714' height='2048' \/><div class='caption-block'><div class='text-wrapper'><span class='title'>XBS-swim-team-WHITE-mikina<\/span><\/div><\/div><\/a><div class='ftg-social'><\/div><\/div><div  class='tile ftg-preload  '><a title=\"XBS-swim-team-WHITE-tepl\u00e1kovka\" data-lightbox='ftg-7070' rel='ftg-7070'  class=' tile-inner  ftg-lightbox' href='https:\/\/dev.bison.cz\/en\/wp-content\/uploads\/2019\/11\/XBS-swim-team-WHITE-tepl\u00e1kovka-492x1024.jpg' ><img alt='XBS-swim-team-WHITE-tepl\u00e1kovka' class='item skip-lazy' data-class='item' data-ftg-source='https:\/\/www.bison.cz\/en\/wp-content\/uploads\/2019\/11\/XBS-swim-team-WHITE-tepl\u00e1kovka-492x1024.jpg' src='https:\/\/www.bison.cz\/en\/wp-content\/uploads\/2019\/11\/XBS-swim-team-WHITE-tepl\u00e1kovka-492x1024.jpg' width='984' height='2048' \/><div class='caption-block'><div class='text-wrapper'><span class='title'>XBS-swim-team-WHITE-tepl\u00e1kovka<\/span><\/div><\/div><\/a><div class='ftg-social'><\/div><\/div><div  class='tile ftg-preload  '><a title=\"XBS-swim-team-gray-mikina\" data-lightbox='ftg-7070' rel='ftg-7070'  class=' tile-inner  ftg-lightbox' href='https:\/\/dev.bison.cz\/en\/wp-content\/uploads\/2019\/11\/XBS-swim-team-gray-mikina-839x1024.jpg' ><img alt='XBS-swim-team-gray-mikina' class='item skip-lazy' data-class='item' data-ftg-source='https:\/\/www.bison.cz\/en\/wp-content\/uploads\/2019\/11\/XBS-swim-team-gray-mikina-839x1024.jpg' src='https:\/\/www.bison.cz\/en\/wp-content\/uploads\/2019\/11\/XBS-swim-team-gray-mikina-839x1024.jpg' width='1678' height='2048' \/><div class='caption-block'><div class='text-wrapper'><span class='title'>XBS-swim-team-gray-mikina<\/span><\/div><\/div><\/a><div class='ftg-social'><\/div><\/div><div  class='tile ftg-preload  '><a title=\"XBS-swim-team-gray-mikina\" data-lightbox='ftg-7070' rel='ftg-7070'  class=' tile-inner  ftg-lightbox' href='https:\/\/dev.bison.cz\/en\/wp-content\/uploads\/2019\/11\/XBS-swim-team-gray-mikina-839x1024.jpg' ><img alt='XBS-swim-team-gray-mikina' class='item skip-lazy' data-class='item' data-ftg-source='https:\/\/www.bison.cz\/en\/wp-content\/uploads\/2019\/11\/XBS-swim-team-gray-mikina-839x1024.jpg' src='https:\/\/www.bison.cz\/en\/wp-content\/uploads\/2019\/11\/XBS-swim-team-gray-mikina-839x1024.jpg' width='1678' height='2048' \/><div class='caption-block'><div class='text-wrapper'><span class='title'>XBS-swim-team-gray-mikina<\/span><\/div><\/div><\/a><div class='ftg-social'><\/div><\/div><div  class='tile ftg-preload  '><a title=\"XBS-swim-team-gray-tepl\u00e1kovka\" data-lightbox='ftg-7070' rel='ftg-7070'  class=' tile-inner  ftg-lightbox' href='https:\/\/dev.bison.cz\/en\/wp-content\/uploads\/2019\/11\/XBS-swim-team-gray-tepl\u00e1kovka-504x1024.jpg' ><img alt='XBS-swim-team-gray-tepl\u00e1kovka' class='item skip-lazy' data-class='item' data-ftg-source='https:\/\/www.bison.cz\/en\/wp-content\/uploads\/2019\/11\/XBS-swim-team-gray-tepl\u00e1kovka-504x1024.jpg' src='https:\/\/www.bison.cz\/en\/wp-content\/uploads\/2019\/11\/XBS-swim-team-gray-tepl\u00e1kovka-504x1024.jpg' width='1008' height='2048' \/><div class='caption-block'><div class='text-wrapper'><span class='title'>XBS-swim-team-gray-tepl\u00e1kovka<\/span><\/div><\/div><\/a><div class='ftg-social'><\/div><\/div><div  class='tile ftg-preload  '><a title=\"RZPL 01 PD\" data-lightbox='ftg-7070' rel='ftg-7070'  class=' tile-inner  ftg-lightbox' href='https:\/\/dev.bison.cz\/en\/wp-content\/uploads\/2021\/04\/RZPL-01-PD-568x1024.jpg' ><img alt='RZPL 01 PD' class='item skip-lazy' data-class='item' data-ftg-source='https:\/\/www.bison.cz\/en\/wp-content\/uploads\/2021\/04\/RZPL-01-PD-568x1024.jpg' src='https:\/\/www.bison.cz\/en\/wp-content\/uploads\/2021\/04\/RZPL-01-PD-568x1024.jpg' width='832' height='1500' \/><div class='caption-block'><div class='text-wrapper'><span class='title'>RZPL 01 PD<\/span><\/div><\/div><\/a><div class='ftg-social'><\/div><\/div><div  class='tile ftg-preload  '><a title=\"RZPL 01 ZD\" data-lightbox='ftg-7070' rel='ftg-7070'  class=' tile-inner  ftg-lightbox' href='https:\/\/dev.bison.cz\/en\/wp-content\/uploads\/2021\/04\/RZPL-01-ZD-599x1024.jpg' ><img alt='RZPL 01 ZD' class='item skip-lazy' data-class='item' data-ftg-source='https:\/\/www.bison.cz\/en\/wp-content\/uploads\/2021\/04\/RZPL-01-ZD-599x1024.jpg' src='https:\/\/www.bison.cz\/en\/wp-content\/uploads\/2021\/04\/RZPL-01-ZD-599x1024.jpg' width='878' height='1500' \/><div class='caption-block'><div class='text-wrapper'><span class='title'>RZPL 01 ZD<\/span><\/div><\/div><\/a><div class='ftg-social'><\/div><\/div><div  class='tile ftg-preload  '><a title=\"RZPL 02 PD\" data-lightbox='ftg-7070' rel='ftg-7070'  class=' tile-inner  ftg-lightbox' href='https:\/\/dev.bison.cz\/en\/wp-content\/uploads\/2021\/04\/RZPL-02-PD-568x1024.jpg' ><img alt='RZPL 02 PD' class='item skip-lazy' data-class='item' data-ftg-source='https:\/\/www.bison.cz\/en\/wp-content\/uploads\/2021\/04\/RZPL-02-PD-568x1024.jpg' src='https:\/\/www.bison.cz\/en\/wp-content\/uploads\/2021\/04\/RZPL-02-PD-568x1024.jpg' width='832' height='1500' \/><div class='caption-block'><div class='text-wrapper'><span class='title'>RZPL 02 PD<\/span><\/div><\/div><\/a><div class='ftg-social'><\/div><\/div><div  class='tile ftg-preload  '><a title=\"RZPL 02 ZD\" data-lightbox='ftg-7070' rel='ftg-7070'  class=' tile-inner  ftg-lightbox' href='https:\/\/dev.bison.cz\/en\/wp-content\/uploads\/2021\/04\/RZPL-02-ZD-599x1024.jpg' ><img alt='RZPL 02 ZD' class='item skip-lazy' data-class='item' data-ftg-source='https:\/\/www.bison.cz\/en\/wp-content\/uploads\/2021\/04\/RZPL-02-ZD-599x1024.jpg' src='https:\/\/www.bison.cz\/en\/wp-content\/uploads\/2021\/04\/RZPL-02-ZD-599x1024.jpg' width='878' height='1500' \/><div class='caption-block'><div class='text-wrapper'><span class='title'>RZPL 02 ZD<\/span><\/div><\/div><\/a><div class='ftg-social'><\/div><\/div><div  class='tile ftg-preload  '><a title=\"RZPL 03 PD\" data-lightbox='ftg-7070' rel='ftg-7070'  class=' tile-inner  ftg-lightbox' href='https:\/\/dev.bison.cz\/en\/wp-content\/uploads\/2021\/04\/RZPL-03-PD-568x1024.jpg' ><img alt='RZPL 03 PD' class='item skip-lazy' data-class='item' data-ftg-source='https:\/\/www.bison.cz\/en\/wp-content\/uploads\/2021\/04\/RZPL-03-PD-568x1024.jpg' src='https:\/\/www.bison.cz\/en\/wp-content\/uploads\/2021\/04\/RZPL-03-PD-568x1024.jpg' width='832' height='1500' \/><div class='caption-block'><div class='text-wrapper'><span class='title'>RZPL 03 PD<\/span><\/div><\/div><\/a><div class='ftg-social'><\/div><\/div><div  class='tile ftg-preload  '><a title=\"RZPL 03 ZD\" data-lightbox='ftg-7070' rel='ftg-7070'  class=' tile-inner  ftg-lightbox' href='https:\/\/dev.bison.cz\/en\/wp-content\/uploads\/2021\/04\/RZPL-03-ZD-599x1024.jpg' ><img alt='RZPL 03 ZD' class='item skip-lazy' data-class='item' data-ftg-source='https:\/\/www.bison.cz\/en\/wp-content\/uploads\/2021\/04\/RZPL-03-ZD-599x1024.jpg' src='https:\/\/www.bison.cz\/en\/wp-content\/uploads\/2021\/04\/RZPL-03-ZD-599x1024.jpg' width='878' height='1500' \/><div class='caption-block'><div class='text-wrapper'><span class='title'>RZPL 03 ZD<\/span><\/div><\/div><\/a><div class='ftg-social'><\/div><\/div><div  class='tile ftg-preload  '><a title=\"RZPL 04 PD\" data-lightbox='ftg-7070' rel='ftg-7070'  class=' tile-inner  ftg-lightbox' href='https:\/\/dev.bison.cz\/en\/wp-content\/uploads\/2021\/04\/RZPL-04-PD-568x1024.jpg' ><img alt='RZPL 04 PD' class='item skip-lazy' data-class='item' data-ftg-source='https:\/\/www.bison.cz\/en\/wp-content\/uploads\/2021\/04\/RZPL-04-PD-568x1024.jpg' src='https:\/\/www.bison.cz\/en\/wp-content\/uploads\/2021\/04\/RZPL-04-PD-568x1024.jpg' width='832' height='1500' \/><div class='caption-block'><div class='text-wrapper'><span class='title'>RZPL 04 PD<\/span><\/div><\/div><\/a><div class='ftg-social'><\/div><\/div><div  class='tile ftg-preload  '><a title=\"RZPL 04 ZD\" data-lightbox='ftg-7070' rel='ftg-7070'  class=' tile-inner  ftg-lightbox' href='https:\/\/dev.bison.cz\/en\/wp-content\/uploads\/2021\/04\/RZPL-04-ZD-599x1024.jpg' ><img alt='RZPL 04 ZD' class='item skip-lazy' data-class='item' data-ftg-source='https:\/\/www.bison.cz\/en\/wp-content\/uploads\/2021\/04\/RZPL-04-ZD-599x1024.jpg' src='https:\/\/www.bison.cz\/en\/wp-content\/uploads\/2021\/04\/RZPL-04-ZD-599x1024.jpg' width='878' height='1500' \/><div class='caption-block'><div class='text-wrapper'><span class='title'>RZPL 04 ZD<\/span><\/div><\/div><\/a><div class='ftg-social'><\/div><\/div><div  class='tile ftg-preload  '><a title=\"RZPL 05 PD\" data-lightbox='ftg-7070' rel='ftg-7070'  class=' tile-inner  ftg-lightbox' href='https:\/\/dev.bison.cz\/en\/wp-content\/uploads\/2021\/04\/RZPL-05-PD-568x1024.jpg' ><img alt='RZPL 05 PD' class='item skip-lazy' data-class='item' data-ftg-source='https:\/\/www.bison.cz\/en\/wp-content\/uploads\/2021\/04\/RZPL-05-PD-568x1024.jpg' src='https:\/\/www.bison.cz\/en\/wp-content\/uploads\/2021\/04\/RZPL-05-PD-568x1024.jpg' width='832' height='1500' \/><div class='caption-block'><div class='text-wrapper'><span class='title'>RZPL 05 PD<\/span><\/div><\/div><\/a><div class='ftg-social'><\/div><\/div><div  class='tile ftg-preload  '><a title=\"RZPL 05 ZD\" data-lightbox='ftg-7070' rel='ftg-7070'  class=' tile-inner  ftg-lightbox' href='https:\/\/dev.bison.cz\/en\/wp-content\/uploads\/2021\/04\/RZPL-05-ZD-599x1024.jpg' ><img alt='RZPL 05 ZD' class='item skip-lazy' data-class='item' data-ftg-source='https:\/\/www.bison.cz\/en\/wp-content\/uploads\/2021\/04\/RZPL-05-ZD-599x1024.jpg' src='https:\/\/www.bison.cz\/en\/wp-content\/uploads\/2021\/04\/RZPL-05-ZD-599x1024.jpg' width='878' height='1500' \/><div class='caption-block'><div class='text-wrapper'><span class='title'>RZPL 05 ZD<\/span><\/div><\/div><\/a><div class='ftg-social'><\/div><\/div><div  class='tile ftg-preload  '><a title=\"RZPL 06 PD\" data-lightbox='ftg-7070' rel='ftg-7070'  class=' tile-inner  ftg-lightbox' href='https:\/\/dev.bison.cz\/en\/wp-content\/uploads\/2021\/04\/RZPL-06-PD-568x1024.jpg' ><img alt='RZPL 06 PD' class='item skip-lazy' data-class='item' data-ftg-source='https:\/\/www.bison.cz\/en\/wp-content\/uploads\/2021\/04\/RZPL-06-PD-568x1024.jpg' src='https:\/\/www.bison.cz\/en\/wp-content\/uploads\/2021\/04\/RZPL-06-PD-568x1024.jpg' width='832' height='1500' \/><div class='caption-block'><div class='text-wrapper'><span class='title'>RZPL 06 PD<\/span><\/div><\/div><\/a><div class='ftg-social'><\/div><\/div><div  class='tile ftg-preload  '><a title=\"RZPL 06 ZD\" data-lightbox='ftg-7070' rel='ftg-7070'  class=' tile-inner  ftg-lightbox' href='https:\/\/dev.bison.cz\/en\/wp-content\/uploads\/2021\/04\/RZPL-06-ZD-599x1024.jpg' ><img alt='RZPL 06 ZD' class='item skip-lazy' data-class='item' data-ftg-source='https:\/\/www.bison.cz\/en\/wp-content\/uploads\/2021\/04\/RZPL-06-ZD-599x1024.jpg' src='https:\/\/www.bison.cz\/en\/wp-content\/uploads\/2021\/04\/RZPL-06-ZD-599x1024.jpg' width='878' height='1500' \/><div class='caption-block'><div class='text-wrapper'><span class='title'>RZPL 06 ZD<\/span><\/div><\/div><\/a><div class='ftg-social'><\/div><\/div><div  class='tile ftg-preload  '><a title=\"RZPL 07 PD\" data-lightbox='ftg-7070' rel='ftg-7070'  class=' tile-inner  ftg-lightbox' href='https:\/\/dev.bison.cz\/en\/wp-content\/uploads\/2021\/04\/RZPL-07-PD-568x1024.jpg' ><img alt='RZPL 07 PD' class='item skip-lazy' data-class='item' data-ftg-source='https:\/\/www.bison.cz\/en\/wp-content\/uploads\/2021\/04\/RZPL-07-PD-568x1024.jpg' src='https:\/\/www.bison.cz\/en\/wp-content\/uploads\/2021\/04\/RZPL-07-PD-568x1024.jpg' width='832' height='1500' \/><div class='caption-block'><div class='text-wrapper'><span class='title'>RZPL 07 PD<\/span><\/div><\/div><\/a><div class='ftg-social'><\/div><\/div><div  class='tile ftg-preload  '><a title=\"RZPL 07 ZD\" data-lightbox='ftg-7070' rel='ftg-7070'  class=' tile-inner  ftg-lightbox' href='https:\/\/dev.bison.cz\/en\/wp-content\/uploads\/2021\/04\/RZPL-07-ZD-599x1024.jpg' ><img alt='RZPL 07 ZD' class='item skip-lazy' data-class='item' data-ftg-source='https:\/\/www.bison.cz\/en\/wp-content\/uploads\/2021\/04\/RZPL-07-ZD-599x1024.jpg' src='https:\/\/www.bison.cz\/en\/wp-content\/uploads\/2021\/04\/RZPL-07-ZD-599x1024.jpg' width='878' height='1500' \/><div class='caption-block'><div class='text-wrapper'><span class='title'>RZPL 07 ZD<\/span><\/div><\/div><\/a><div class='ftg-social'><\/div><\/div><div  class='tile ftg-preload  '><a title=\"RZPL 08 PD\" data-lightbox='ftg-7070' rel='ftg-7070'  class=' tile-inner  ftg-lightbox' href='https:\/\/dev.bison.cz\/en\/wp-content\/uploads\/2021\/04\/RZPL-08-PD-568x1024.jpg' ><img alt='RZPL 08 PD' class='item skip-lazy' data-class='item' data-ftg-source='https:\/\/www.bison.cz\/en\/wp-content\/uploads\/2021\/04\/RZPL-08-PD-568x1024.jpg' src='https:\/\/www.bison.cz\/en\/wp-content\/uploads\/2021\/04\/RZPL-08-PD-568x1024.jpg' width='832' height='1500' \/><div class='caption-block'><div class='text-wrapper'><span class='title'>RZPL 08 PD<\/span><\/div><\/div><\/a><div class='ftg-social'><\/div><\/div><div  class='tile ftg-preload  '><a title=\"RZPL 08 ZD\" data-lightbox='ftg-7070' rel='ftg-7070'  class=' tile-inner  ftg-lightbox' href='https:\/\/dev.bison.cz\/en\/wp-content\/uploads\/2021\/04\/RZPL-08-ZD-599x1024.jpg' ><img alt='RZPL 08 ZD' class='item skip-lazy' data-class='item' data-ftg-source='https:\/\/www.bison.cz\/en\/wp-content\/uploads\/2021\/04\/RZPL-08-ZD-599x1024.jpg' src='https:\/\/www.bison.cz\/en\/wp-content\/uploads\/2021\/04\/RZPL-08-ZD-599x1024.jpg' width='878' height='1500' \/><div class='caption-block'><div class='text-wrapper'><span class='title'>RZPL 08 ZD<\/span><\/div><\/div><\/a><div class='ftg-social'><\/div><\/div><\/div><\/div><script type='text\/javascript'>jQuery('#ftg-7070 img.item').removeAttr('src');jQuery(document).ready(function () {setTimeout(function () {jQuery('#ftg-7070').finalTilesGallery({minTileWidth: 250,margin: 10,loadMethod: 'sequential',nonce: '3ed80b00f0',galleryId: '70',setupFilters: true,layout: 'final',debug: false,gridSize: 25,disableGridSizeBelow:800,allowEnlargement: true,imageSizeFactor: [ [4000, 0.3],[1024, 0.3],[768, 0.2],[640, 0.3],[320, 0.2]],selectedFilter: 'n-a'});jQuery(function () {(function () {var rel = '';jQuery('#ftg-7070 .ftg-lightbox').click(function (e) {rel = jQuery(this).attr('rel');jQuery('#ftg-7070 .ftg-current').removeClass('ftg-current');jQuery('#ftg-7070 [rel=\"'+rel+'\"]').addClass('ftg-current');});})();});}, 0);});<\/script>\n\n\n\n<hr class=\"wp-block-separator\"\/>\n\n\n\n<p class=\"krok-zpet\"><a href=\"https:\/\/www.dev.bison.cz\/en\/sports\/swimming-sports\/\">Back<\/a><\/p>\n","protected":false},"excerpt":{"rendered":"<p>Back<\/p>\n","protected":false},"author":1,"featured_media":0,"parent":5647,"menu_order":0,"comment_status":"closed","ping_status":"closed","template":"","meta":[],"_links":{"self":[{"href":"https:\/\/dev.bison.cz\/en\/wp-json\/wp\/v2\/pages\/5760"}],"collection":[{"href":"https:\/\/dev.bison.cz\/en\/wp-json\/wp\/v2\/pages"}],"about":[{"href":"https:\/\/dev.bison.cz\/en\/wp-json\/wp\/v2\/types\/page"}],"author":[{"embeddable":true,"href":"https:\/\/dev.bison.cz\/en\/wp-json\/wp\/v2\/users\/1"}],"replies":[{"embeddable":true,"href":"https:\/\/dev.bison.cz\/en\/wp-json\/wp\/v2\/comments?post=5760"}],"version-history":[{"count":4,"href":"https:\/\/dev.bison.cz\/en\/wp-json\/wp\/v2\/pages\/5760\/revisions"}],"predecessor-version":[{"id":8418,"href":"https:\/\/dev.bison.cz\/en\/wp-json\/wp\/v2\/pages\/5760\/revisions\/8418"}],"up":[{"embeddable":true,"href":"https:\/\/dev.bison.cz\/en\/wp-json\/wp\/v2\/pages\/5647"}],"wp:attachment":[{"href":"https:\/\/dev.bison.cz\/en\/wp-json\/wp\/v2\/media?parent=5760"}],"curies":[{"name":"wp","href":"https:\/\/api.w.org\/{rel}","templated":true}]}}