{"id":5602,"date":"2018-01-17T16:31:51","date_gmt":"2018-01-17T15:31:51","guid":{"rendered":"https:\/\/www.dev.bison.cz\/en\/?page_id=5602"},"modified":"2018-08-07T13:59:00","modified_gmt":"2018-08-07T12:59:00","slug":"product-overview","status":"publish","type":"page","link":"https:\/\/dev.bison.cz\/en\/sports\/e-sport\/product-overview\/","title":{"rendered":"Product Overview"},"content":{"rendered":"<h1>Varianty proveden\u00ed produkt\u016f pro E-sport Bison Sportswear.<\/h1>\n<p>Pro lep\u0161\u00ed p\u0159ehlednost jsme pro v\u00e1s p\u0159ipravili jednoduch\u00fd p\u0159ehled dostupn\u00fdch proveden\u00ed produkt\u016f pro E-sport.<br \/>\nV\u0161echny vyobrazen\u00e9 varianty si m\u016f\u017eete zvolit v konfigur\u00e1toru, nebo n\u00e1m n\u00e1zev vybran\u00e9 varianty napi\u0161te do e-mailu.<\/p>\n<hr \/>\n<div id=\"prehled\">\n<div><img src=\"https:\/\/www.bison.cz\/wp-content\/themes\/naturespace\/konfigurator\/sources\/plavecky-sport\/plavecky-dres\/PLAVECKY-SPORT_PLAVECKY-DRES_4KROK_01PANSKY-STRIH-KLASIK.png\" \/><br \/>\n<img class=\"piktogram\" src=\"https:\/\/www.dev.bison.cz\/en\/wp-content\/themes\/naturespace\/img\/muz.png\" \/><\/p>\n<h3>Klasik<\/h3>\n<\/div>\n<div><img src=\"https:\/\/www.bison.cz\/wp-content\/themes\/naturespace\/konfigurator\/sources\/plavecky-sport\/plavecky-dres\/PLAVECKY-SPORT_PLAVECKY-DRES_4KROK_07PANSKY-STRIH-KLASIK-BEZ-RUKAVU.png\" \/><br \/>\n<img class=\"piktogram\" src=\"https:\/\/www.dev.bison.cz\/en\/wp-content\/themes\/naturespace\/img\/muz.png\" \/><\/p>\n<h3>Klasik bez ruk\u00e1v\u016f<\/h3>\n<\/div>\n<div><img src=\"https:\/\/www.bison.cz\/wp-content\/themes\/naturespace\/konfigurator\/sources\/plavecky-sport\/plavecky-dres\/PLAVECKY-SPORT_PLAVECKY-DRES_4KROK_08PANSKY-STRIH-KLASIK-VYPASOVANY.png\" \/><br \/>\n<img class=\"piktogram\" src=\"https:\/\/www.dev.bison.cz\/en\/wp-content\/themes\/naturespace\/img\/muz.png\" \/><\/p>\n<h3>Klasik vypasovan\u00fd<\/h3>\n<\/div>\n<div><img src=\"https:\/\/www.bison.cz\/wp-content\/themes\/naturespace\/konfigurator\/sources\/plavecky-sport\/plavecky-dres\/PLAVECKY-SPORT_PLAVECKY-DRES_1KROK_02RAGLAN.png\" \/><br \/>\n<img class=\"piktogram\" src=\"https:\/\/www.dev.bison.cz\/en\/wp-content\/themes\/naturespace\/img\/muz.png\" \/><\/p>\n<h3>Ragl\u00e1n<\/h3>\n<\/div>\n<div class=\"single\"><img src=\"https:\/\/www.bison.cz\/wp-content\/themes\/naturespace\/konfigurator\/sources\/plavecky-sport\/plavecky-dres\/PLAVECKY-SPORT_PLAVECKY-DRES_1KROK_03DOBLO.png\" \/><br \/>\n<img class=\"piktogram\" src=\"https:\/\/www.dev.bison.cz\/en\/wp-content\/themes\/naturespace\/img\/muz.png\" \/><\/p>\n<h3>Doblo<\/h3>\n<\/div>\n<div style=\"clear: both;\"><\/div>\n<\/div>\n<hr \/>\n<div id=\"prehled\">\n<div><img src=\"https:\/\/www.bison.cz\/wp-content\/themes\/naturespace\/konfigurator\/sources\/plavecky-sport\/plavecky-dres\/PLAVECKY-SPORT_PLAVECKY-DRES_4KROK_09DAMSKY-STRIH-KLASIK.png\" \/><br \/>\n<img class=\"piktogram\" src=\"https:\/\/www.dev.bison.cz\/en\/wp-content\/themes\/naturespace\/img\/zena.png\" \/><\/p>\n<h3>Klasik<\/h3>\n<\/div>\n<div><img src=\"https:\/\/www.bison.cz\/wp-content\/themes\/naturespace\/konfigurator\/sources\/plavecky-sport\/plavecky-dres\/PLAVECKY-SPORT_PLAVECKY-DRES_4KROK_14DAMSKY-STRIH-KLASIK-RUKAVY-EXTRA.png\" \/><br \/>\n<img class=\"piktogram\" src=\"https:\/\/www.dev.bison.cz\/en\/wp-content\/themes\/naturespace\/img\/zena.png\" \/><\/p>\n<h3>Klasik ruk\u00e1vy extra<\/h3>\n<\/div>\n<div><img src=\"https:\/\/www.bison.cz\/wp-content\/themes\/naturespace\/konfigurator\/sources\/plavecky-sport\/plavecky-dres\/PLAVECKY-SPORT_PLAVECKY-DRES_4KROK_13DAMSKY-STRIH-KLASIK-BEZ-RUKAVU.png\" \/><br \/>\n<img class=\"piktogram\" src=\"https:\/\/www.dev.bison.cz\/en\/wp-content\/themes\/naturespace\/img\/zena.png\" \/><\/p>\n<h3>Klasik bez ruk\u00e1v\u016f<\/h3>\n<\/div>\n<div><img src=\"https:\/\/www.bison.cz\/wp-content\/themes\/naturespace\/konfigurator\/sources\/plavecky-sport\/plavecky-dres\/PLAVECKY-SPORT_PLAVECKY-DRES_4KROK_10DAMSKY-STRIH-RAGLAN.png\" \/><br \/>\n<img class=\"piktogram\" src=\"https:\/\/www.dev.bison.cz\/en\/wp-content\/themes\/naturespace\/img\/zena.png\" \/><\/p>\n<h3>Ragl\u00e1n<\/h3>\n<\/div>\n<div class=\"double\"><img src=\"https:\/\/www.bison.cz\/wp-content\/themes\/naturespace\/konfigurator\/sources\/plavecky-sport\/plavecky-dres\/PLAVECKY-SPORT_PLAVECKY-DRES_4KROK_15DAMSKY-STRIH-RAGLAN-RUKAVY-EXTRA.png\" \/><br \/>\n<img class=\"piktogram\" src=\"https:\/\/www.dev.bison.cz\/en\/wp-content\/themes\/naturespace\/img\/zena.png\" \/><\/p>\n<h3>Ragl\u00e1n ruk\u00e1vy extra<\/h3>\n<\/div>\n<div class=\"double\"><img src=\"https:\/\/www.bison.cz\/wp-content\/themes\/naturespace\/konfigurator\/sources\/plavecky-sport\/plavecky-dres\/PLAVECKY-SPORT_PLAVECKY-DRES_4KROK_16DAMSKY-STRIH-DOBLO.png\" \/><br \/>\n<img class=\"piktogram\" src=\"https:\/\/www.dev.bison.cz\/en\/wp-content\/themes\/naturespace\/img\/zena.png\" \/><\/p>\n<h3>Doblo<\/h3>\n<\/div>\n<div style=\"clear: both;\"><\/div>\n<\/div>\n<hr \/>\n<p><a class=\"krok-zpet\" href=\"https:\/\/www.dev.bison.cz\/en\/sports\/e-sport\/\">Back<\/a><\/p>\n","protected":false},"excerpt":{"rendered":"<p>Varianty proveden\u00ed produkt\u016f pro E-sport Bison Sportswear. Pro lep\u0161\u00ed p\u0159ehlednost jsme pro v\u00e1s p\u0159ipravili jednoduch\u00fd p\u0159ehled dostupn\u00fdch proveden\u00ed produkt\u016f pro E-sport. V\u0161echny vyobrazen\u00e9 varianty si m\u016f\u017eete zvolit v konfigur\u00e1toru, nebo n\u00e1m n\u00e1zev vybran\u00e9 varianty napi\u0161te do e-mailu. Klasik Klasik bez&hellip; <br \/><a class=\"read-more-button\" href=\"https:\/\/dev.bison.cz\/en\/sports\/e-sport\/product-overview\/\">Read more<\/a><\/p>\n","protected":false},"author":1,"featured_media":0,"parent":707,"menu_order":0,"comment_status":"closed","ping_status":"closed","template":"","meta":[],"_links":{"self":[{"href":"https:\/\/dev.bison.cz\/en\/wp-json\/wp\/v2\/pages\/5602"}],"collection":[{"href":"https:\/\/dev.bison.cz\/en\/wp-json\/wp\/v2\/pages"}],"about":[{"href":"https:\/\/dev.bison.cz\/en\/wp-json\/wp\/v2\/types\/page"}],"author":[{"embeddable":true,"href":"https:\/\/dev.bison.cz\/en\/wp-json\/wp\/v2\/users\/1"}],"replies":[{"embeddable":true,"href":"https:\/\/dev.bison.cz\/en\/wp-json\/wp\/v2\/comments?post=5602"}],"version-history":[{"count":6,"href":"https:\/\/dev.bison.cz\/en\/wp-json\/wp\/v2\/pages\/5602\/revisions"}],"predecessor-version":[{"id":7166,"href":"https:\/\/dev.bison.cz\/en\/wp-json\/wp\/v2\/pages\/5602\/revisions\/7166"}],"up":[{"embeddable":true,"href":"https:\/\/dev.bison.cz\/en\/wp-json\/wp\/v2\/pages\/707"}],"wp:attachment":[{"href":"https:\/\/dev.bison.cz\/en\/wp-json\/wp\/v2\/media?parent=5602"}],"curies":[{"name":"wp","href":"https:\/\/api.w.org\/{rel}","templated":true}]}}