{"id":5598,"date":"2018-01-17T16:30:32","date_gmt":"2018-01-17T15:30:32","guid":{"rendered":"https:\/\/www.dev.bison.cz\/en\/?page_id=5598"},"modified":"2021-05-31T13:47:00","modified_gmt":"2021-05-31T11:47:00","slug":"product-overview","status":"publish","type":"page","link":"https:\/\/dev.bison.cz\/en\/sports\/basketball\/product-overview\/","title":{"rendered":"Product Overview"},"content":{"rendered":"<h1>Varianty proveden\u00ed basketbalov\u00fdch produkt\u016f.<\/h1>\n<p>Pro lep\u0161\u00ed p\u0159ehlednost jsme pro v\u00e1s p\u0159ipravili jednoduch\u00fd p\u0159ehled dostupn\u00fdch proveden\u00ed basketbalov\u00fdch dres\u016f, tren\u00fdrek a p\u0159evle\u010dn\u00edk\u016f.<br \/>\nV\u0161echny vyobrazen\u00e9 varianty si m\u016f\u017eete zvolit v konfigur\u00e1toru, nebo n\u00e1m n\u00e1zev vybran\u00e9 varianty napi\u0161te do e-mailu.<\/p>\n<hr>\n<div id=\"prehled\">\n<div><img src=\"https:\/\/www.bison.cz\/wp-content\/themes\/naturespace\/konfigurator\/sources\/basketbal\/basketbalovy-dres\/BASKETBAL_BASKETBALOVY-DRES_4KROK_01PANSKY-STRIH-ROZSIRENY.png\"><br \/>\n<img class=\"piktogram\" src=\"https:\/\/www.dev.bison.cz\/en\/wp-content\/themes\/naturespace\/img\/muz.png\">&nbsp;<\/p>\n<h3>Dres roz\u0161\u00ed\u0159en\u00fd<\/h3>\n<\/div>\n<div><img src=\"https:\/\/www.bison.cz\/wp-content\/themes\/naturespace\/img\/produkty\/basketbal_dres_lampas_pansky.png\"><br \/>\n<img class=\"piktogram\" src=\"https:\/\/www.dev.bison.cz\/en\/wp-content\/themes\/naturespace\/img\/muz.png\">&nbsp;<\/p>\n<h3>Dres roz\u0161\u00ed\u0159en\u00fd s lampasem<\/h3>\n<\/div>\n<div><img src=\"https:\/\/www.bison.cz\/wp-content\/themes\/naturespace\/konfigurator\/sources\/fotbal\/fotbalovy-dres\/FOTBAL_FOTBALOVY-DRES_4KROK_18DAMSKY-STRIH-DOBLO-RACERBACK.png\"><br \/>\n<img class=\"piktogram\" src=\"https:\/\/www.dev.bison.cz\/en\/wp-content\/themes\/naturespace\/img\/zena.png\">&nbsp;<\/p>\n<h3>Racerback<\/h3>\n<\/div>\n<div><img src=\"https:\/\/www.bison.cz\/wp-content\/themes\/naturespace\/konfigurator\/sources\/basketbal\/basketbalovy-dres\/BASKETBAL_BASKETBALOVY-DRES_4KROK_03DAMSKY-STRIH-ROZSIRENY.png\"><br \/>\n<img class=\"piktogram\" src=\"https:\/\/www.dev.bison.cz\/en\/wp-content\/themes\/naturespace\/img\/zena.png\">&nbsp;<\/p>\n<h3>Dres roz\u0161\u00ed\u0159en\u00fd<\/h3>\n<\/div>\n<div class=\"single\"><img src=\"https:\/\/www.bison.cz\/wp-content\/themes\/naturespace\/img\/produkty\/basketbal_dres_lampas_damsky.png\"><br \/>\n<img class=\"piktogram\" src=\"https:\/\/www.dev.bison.cz\/en\/wp-content\/themes\/naturespace\/img\/zena.png\">&nbsp;<\/p>\n<h3>Dres roz\u0161\u00ed\u0159en\u00fd s lampasem<\/h3>\n<\/div>\n<div style=\"clear: both;\">&nbsp;<\/div>\n<\/div>\n<hr>\n<div id=\"prehled\">\n<div class=\"double\"><img src=\"https:\/\/www.bison.cz\/wp-content\/themes\/naturespace\/konfigurator\/sources\/basketbal\/basketbalove-trenyrky\/BASKETBAL_BASKETBALOVE-TRENYRKY_4KROK_01PANSKY-STRIH.png\"><br \/>\n<img class=\"piktogram\" src=\"https:\/\/www.dev.bison.cz\/en\/wp-content\/themes\/naturespace\/img\/muz.png\">&nbsp;<\/p>\n<h3>Tren\u00fdrky<\/h3>\n<\/div>\n<div class=\"double\"><img src=\"https:\/\/www.bison.cz\/wp-content\/themes\/naturespace\/konfigurator\/sources\/basketbal\/basketbalove-trenyrky\/BASKETBAL_BASKETBALOVE-TRENYRKY_4KROK_02DAMSKY-STRIH.png\"><br \/>\n<img class=\"piktogram\" src=\"https:\/\/www.dev.bison.cz\/en\/wp-content\/themes\/naturespace\/img\/zena.png\">&nbsp;<\/p>\n<h3>Tren\u00fdrky<\/h3>\n<\/div>\n<div style=\"clear: both;\">&nbsp;<\/div>\n<\/div>\n<hr>\n<div id=\"prehled\">\n<div class=\"double nopikt\"><img src=\"https:\/\/www.bison.cz\/wp-content\/themes\/naturespace\/konfigurator\/sources\/basketbal\/basketbalovy-prevlecnik\/BASKETBAL_BASKETBALOVY-PREVLECNIK_4KROK_01KRATKY-RUKAV.png\">&nbsp;<\/p>\n<h3>P\u0159evle\u010dn\u00edk kr\u00e1tk\u00fd ruk\u00e1v<\/h3>\n<\/div>\n<div class=\"double nopikt\"><img src=\"https:\/\/www.bison.cz\/wp-content\/themes\/naturespace\/konfigurator\/sources\/basketbal\/basketbalovy-prevlecnik\/BASKETBAL_BASKETBALOVY-PREVLECNIK_4KROK_03DLOUHY-RUKAV.png\">&nbsp;<\/p>\n<h3>P\u0159evle\u010dn\u00edk dlouh\u00fd ruk\u00e1v<\/h3>\n<\/div>\n<div style=\"clear: both;\">&nbsp;<\/div>\n<\/div>\n<hr>\n<p><a class=\"krok-zpet\" href=\"https:\/\/www.dev.bison.cz\/en\/sports\/basketball\/\">Back<\/a><\/p>\n","protected":false},"excerpt":{"rendered":"<p>Varianty proveden\u00ed basketbalov\u00fdch produkt\u016f. Pro lep\u0161\u00ed p\u0159ehlednost jsme pro v\u00e1s p\u0159ipravili jednoduch\u00fd p\u0159ehled dostupn\u00fdch proveden\u00ed basketbalov\u00fdch dres\u016f, tren\u00fdrek a p\u0159evle\u010dn\u00edk\u016f. V\u0161echny vyobrazen\u00e9 varianty si m\u016f\u017eete zvolit v konfigur\u00e1toru, nebo n\u00e1m n\u00e1zev vybran\u00e9 varianty napi\u0161te do e-mailu. &nbsp; Dres roz\u0161\u00ed\u0159en\u00fd &nbsp;&hellip; <br \/><a class=\"read-more-button\" href=\"https:\/\/dev.bison.cz\/en\/sports\/basketball\/product-overview\/\">Read more<\/a><\/p>\n","protected":false},"author":1,"featured_media":0,"parent":116,"menu_order":0,"comment_status":"closed","ping_status":"closed","template":"","meta":[],"_links":{"self":[{"href":"https:\/\/dev.bison.cz\/en\/wp-json\/wp\/v2\/pages\/5598"}],"collection":[{"href":"https:\/\/dev.bison.cz\/en\/wp-json\/wp\/v2\/pages"}],"about":[{"href":"https:\/\/dev.bison.cz\/en\/wp-json\/wp\/v2\/types\/page"}],"author":[{"embeddable":true,"href":"https:\/\/dev.bison.cz\/en\/wp-json\/wp\/v2\/users\/1"}],"replies":[{"embeddable":true,"href":"https:\/\/dev.bison.cz\/en\/wp-json\/wp\/v2\/comments?post=5598"}],"version-history":[{"count":8,"href":"https:\/\/dev.bison.cz\/en\/wp-json\/wp\/v2\/pages\/5598\/revisions"}],"predecessor-version":[{"id":30234,"href":"https:\/\/dev.bison.cz\/en\/wp-json\/wp\/v2\/pages\/5598\/revisions\/30234"}],"up":[{"embeddable":true,"href":"https:\/\/dev.bison.cz\/en\/wp-json\/wp\/v2\/pages\/116"}],"wp:attachment":[{"href":"https:\/\/dev.bison.cz\/en\/wp-json\/wp\/v2\/media?parent=5598"}],"curies":[{"name":"wp","href":"https:\/\/api.w.org\/{rel}","templated":true}]}}