{"id":5592,"date":"2018-01-17T16:24:14","date_gmt":"2018-01-17T15:24:14","guid":{"rendered":"https:\/\/www.dev.bison.cz\/en\/?page_id=5592"},"modified":"2018-11-07T14:07:56","modified_gmt":"2018-11-07T13:07:56","slug":"product-overview","status":"publish","type":"page","link":"https:\/\/dev.bison.cz\/en\/sports\/american-football\/product-overview\/","title":{"rendered":"Product Overview"},"content":{"rendered":"<h1>Varianty proveden\u00ed produkt\u016f americk\u00fd fotbal.<\/h1>\n<p>Pro lep\u0161\u00ed p\u0159ehlednost jsme pro v\u00e1s p\u0159ipravili jednoduch\u00fd p\u0159ehled dostupn\u00fdch proveden\u00ed dres\u016f a kalhot pro americk\u00fd fotbal.<br \/>\nV\u0161echny vyobrazen\u00e9 varianty si m\u016f\u017eete zvolit v konfigur\u00e1toru, nebo n\u00e1m n\u00e1zev vybran\u00e9 varianty napi\u0161te do e-mailu.<\/p>\n<hr \/>\n<div id=\"prehled\">\n<div class=\"nopikt\"><img src=\"https:\/\/www.bison.cz\/wp-content\/themes\/naturespace\/konfigurator\/sources\/americky-fotbal\/americky-fotbal-dres\/AMERICKY-FOTBAL_AMERICKY-FOTBAL-DRES_4KROK_01STAR.png\" \/><\/p>\n<h3>STAR<\/h3>\n<\/div>\n<div class=\"nopikt\"><img src=\"https:\/\/www.bison.cz\/wp-content\/themes\/naturespace\/konfigurator\/sources\/americky-fotbal\/americky-fotbal-dres\/AMERICKY-FOTBAL_AMERICKY-FOTBAL-DRES_4KROK_02KLASIK.png\" \/><\/p>\n<h3>Klasik<\/h3>\n<\/div>\n<div class=\"nopikt\"><img src=\"https:\/\/www.bison.cz\/wp-content\/themes\/naturespace\/konfigurator\/sources\/americky-fotbal\/americky-fotbal-dres\/AMERICKY-FOTBAL_AMERICKY-FOTBAL-DRES_4KROK_03KLASIK-PRO.png\" \/><\/p>\n<h3>Klasik PRO<\/h3>\n<\/div>\n<div class=\"nopikt\"><img src=\"https:\/\/www.bison.cz\/wp-content\/themes\/naturespace\/konfigurator\/sources\/americky-fotbal\/americky-fotbal-dres\/AMERICKY-FOTBAL_AMERICKY-FOTBAL-DRES_4KROK_04AMS.png\" \/><\/p>\n<h3>AMS<\/h3>\n<\/div>\n<div style=\"clear: both;\"><\/div>\n<\/div>\n<hr \/>\n<div id=\"prehled\">\n<div class=\"single nopikt\"><img src=\"https:\/\/www.dev.bison.cz\/en\/wp-content\/uploads\/2017\/11\/AMERICKY-FOTBAL_REPLIKA-DRES_1KROK.png\" \/><\/p>\n<h3>AM Replika<\/h3>\n<\/div>\n<div style=\"clear: both;\"><\/div>\n<\/div>\n<hr \/>\n<div id=\"prehled\">\n<div class=\"double\"><img src=\"https:\/\/www.bison.cz\/wp-content\/themes\/naturespace\/konfigurator\/sources\/americky-fotbal\/americky-fotbal-dres-flag\/AMERICKY-FOTBAL_AMERICKY-FOTBAL-DRES_4KROK_05PANSKY-STRIH-FLAG-KLASIK.png\" \/><br \/>\n<img class=\"piktogram\" src=\"https:\/\/www.dev.bison.cz\/en\/wp-content\/themes\/naturespace\/img\/muz.png\" \/><\/p>\n<h3>FLAG Klasik<\/h3>\n<\/div>\n<div class=\"double\"><img src=\"https:\/\/www.bison.cz\/wp-content\/themes\/naturespace\/konfigurator\/sources\/americky-fotbal\/americky-fotbal-dres-flag\/AMERICKY-FOTBAL_AMERICKY-FOTBAL-DRES_4KROK_06PANSKY-STRIH-FLAG-RAGLAN.png\" \/><br \/>\n<img class=\"piktogram\" src=\"https:\/\/www.dev.bison.cz\/en\/wp-content\/themes\/naturespace\/img\/muz.png\" \/><\/p>\n<h3>FLAG Ragl\u00e1n<\/h3>\n<\/div>\n<div style=\"clear: both;\"><\/div>\n<\/div>\n<hr \/>\n<div id=\"prehled\">\n<div><img src=\"https:\/\/www.bison.cz\/wp-content\/themes\/naturespace\/konfigurator\/sources\/americky-fotbal\/americky-fotbal-dres-flag\/AMERICKY-FOTBAL_AMERICKY-FOTBAL-DRES_4KROK_07DAMSKY-STRIH-FLAG-KLASIK.png\" \/><br \/>\n<img class=\"piktogram\" src=\"https:\/\/www.dev.bison.cz\/en\/wp-content\/themes\/naturespace\/img\/zena.png\" \/><\/p>\n<h3>FLAG Klasik<\/h3>\n<\/div>\n<div><img src=\"https:\/\/www.bison.cz\/wp-content\/themes\/naturespace\/konfigurator\/sources\/americky-fotbal\/americky-fotbal-dres-flag\/AMERICKY-FOTBAL_AMERICKY-FOTBAL-DRES_4KROK_08DAMSKY-STRIH-FLAG-RAGLAN.png\" \/><br \/>\n<img class=\"piktogram\" src=\"https:\/\/www.dev.bison.cz\/en\/wp-content\/themes\/naturespace\/img\/zena.png\" \/><\/p>\n<h3>FLAG Ragl\u00e1n<\/h3>\n<\/div>\n<div><img src=\"https:\/\/www.bison.cz\/wp-content\/themes\/naturespace\/konfigurator\/sources\/americky-fotbal\/americky-fotbal-dres-flag\/AMERICKY-FOTBAL_AMERICKY-FOTBAL-DRES_4KROK_09DAMSKY-STRIH-FLAG-KLASIK-RUKAVY-EXTRA.png\" \/><br \/>\n<img class=\"piktogram\" src=\"https:\/\/www.dev.bison.cz\/en\/wp-content\/themes\/naturespace\/img\/zena.png\" \/><\/p>\n<h3>FLAG Klasik &#8211; ruk\u00e1vy extra<\/h3>\n<\/div>\n<div><img src=\"https:\/\/www.bison.cz\/wp-content\/themes\/naturespace\/konfigurator\/sources\/americky-fotbal\/americky-fotbal-dres-flag\/AMERICKY-FOTBAL_AMERICKY-FOTBAL-DRES_4KROK_10DAMSKY-STRIH-FLAG-RAGLAN-RUKAVY-EXTRA.png\" \/><br \/>\n<img class=\"piktogram\" src=\"https:\/\/www.dev.bison.cz\/en\/wp-content\/themes\/naturespace\/img\/zena.png\" \/><\/p>\n<h3>FLAG Ragl\u00e1n &#8211; ruk\u00e1vy extra<\/h3>\n<\/div>\n<div style=\"clear: both;\"><\/div>\n<\/div>\n<hr \/>\n<div id=\"prehled\">\n<div class=\"single nopikt\"><img src=\"https:\/\/www.bison.cz\/wp-content\/themes\/naturespace\/konfigurator\/sources\/americky-fotbal\/americky-fotbal-kalhoty\/AMERICKY-FOTBAL_AMERICKY-FOTBAL-KALHOTY_1KROK_KLASIK.png\" \/><\/p>\n<h3>AM Kalhoty<\/h3>\n<\/div>\n<div style=\"clear: both;\"><\/div>\n<\/div>\n<hr \/>\n<p><a class=\"krok-zpet\" href=\"https:\/\/www.dev.bison.cz\/en\/sports\/american-football\/\">Back<\/a><\/p>\n","protected":false},"excerpt":{"rendered":"<p>Varianty proveden\u00ed produkt\u016f americk\u00fd fotbal. Pro lep\u0161\u00ed p\u0159ehlednost jsme pro v\u00e1s p\u0159ipravili jednoduch\u00fd p\u0159ehled dostupn\u00fdch proveden\u00ed dres\u016f a kalhot pro americk\u00fd fotbal. V\u0161echny vyobrazen\u00e9 varianty si m\u016f\u017eete zvolit v konfigur\u00e1toru, nebo n\u00e1m n\u00e1zev vybran\u00e9 varianty napi\u0161te do e-mailu. STAR Klasik&hellip; <br \/><a class=\"read-more-button\" href=\"https:\/\/dev.bison.cz\/en\/sports\/american-football\/product-overview\/\">Read more<\/a><\/p>\n","protected":false},"author":1,"featured_media":0,"parent":112,"menu_order":0,"comment_status":"closed","ping_status":"closed","template":"","meta":[],"_links":{"self":[{"href":"https:\/\/dev.bison.cz\/en\/wp-json\/wp\/v2\/pages\/5592"}],"collection":[{"href":"https:\/\/dev.bison.cz\/en\/wp-json\/wp\/v2\/pages"}],"about":[{"href":"https:\/\/dev.bison.cz\/en\/wp-json\/wp\/v2\/types\/page"}],"author":[{"embeddable":true,"href":"https:\/\/dev.bison.cz\/en\/wp-json\/wp\/v2\/users\/1"}],"replies":[{"embeddable":true,"href":"https:\/\/dev.bison.cz\/en\/wp-json\/wp\/v2\/comments?post=5592"}],"version-history":[{"count":8,"href":"https:\/\/dev.bison.cz\/en\/wp-json\/wp\/v2\/pages\/5592\/revisions"}],"predecessor-version":[{"id":7360,"href":"https:\/\/dev.bison.cz\/en\/wp-json\/wp\/v2\/pages\/5592\/revisions\/7360"}],"up":[{"embeddable":true,"href":"https:\/\/dev.bison.cz\/en\/wp-json\/wp\/v2\/pages\/112"}],"wp:attachment":[{"href":"https:\/\/dev.bison.cz\/en\/wp-json\/wp\/v2\/media?parent=5592"}],"curies":[{"name":"wp","href":"https:\/\/api.w.org\/{rel}","templated":true}]}}