{"id":523,"date":"2016-01-11T13:37:39","date_gmt":"2016-01-11T12:37:39","guid":{"rendered":"https:\/\/www.dev.bison.cz\/en\/?page_id=523"},"modified":"2019-11-20T15:19:59","modified_gmt":"2019-11-20T14:19:59","slug":"gallery-of-graphics","status":"publish","type":"page","link":"https:\/\/dev.bison.cz\/en\/sports\/fan-products\/gallery-of-graphics\/","title":{"rendered":"Gallery of Graphics"},"content":{"rendered":"\r\n<div id=\"sport-squares\">\r\n                <div>\r\n\t\t\t\t\t<img src=\"\/en\/wp-content\/themes\/naturespace\/img\/squares\/fotogalerie-dresu.jpg\" \/>\r\n\t\t\t\t\t<a href=\"\/en\/sports\/wp-json\/photogallery-of-clothes\/\">Photogallery of jerseys<\/a>\r\n                <\/div>\r\n\r\n                <div>\r\n                    <img src=\"\/en\/wp-content\/themes\/naturespace\/img\/squares\/fotogalerie-tymu.jpg\" \/>\r\n\t\t\t\t\t<a href=\"\/en\/sports\/wp-json\/photogallery-of-teams\/\">Photogallery of teams<\/a>\r\n                <\/div>               \r\n\r\n\t\t\t\t<div>\r\n                    <img src=\"\/en\/wp-content\/themes\/naturespace\/img\/squares\/galerie-grafiky.jpg\" \/>\r\n\t\t\t\t\t<a href=\"\/en\/sports\/wp-json\/gallery-of-graphics\/\">Gallery of graphics<\/a>\r\n                <\/div>\r\n\t\r\n                <div style=\"margin-right: 0px; float: right;\">\r\n                    <img src=\"\/en\/wp-content\/themes\/naturespace\/img\/squares\/designova-inspirace.jpg\" \/>\r\n\t\t\t\t\t<a href=\"\/en\/sports\/wp-json\/designs-inspiration\/\">Designs inspiration<\/a>\r\n                <\/div>\r\n<\/div>\r\n<div style=\"clear: both;\"><\/div>\r\n\r\n\n\n\n\n<hr class=\"wp-block-separator\"\/>\n\n\n<!-- Final Tiles Grid Gallery for WordPress v3.5.1 free --><style>#ftg-6363 .tile .icon { color:#ffffff; }#ftg-6363 .ftg-items .loading-bar i { background:#666; }#ftg-6363 .ftg-items .loading-bar { background:#fff; }#ftg-6363 .tile .icon { font-size:12px; }#ftg-6363 .tile .icon { margin: -6px 0 0 -6px; }#ftg-6363 .tile .caption-block .text-wrapper span.text { font-size:12px; }#ftg-6363 .tile .caption-outside .text-wrapper span.text { font-size:12px; }#ftg-6363 .tile .caption-block .text-wrapper span.title { font-size:14px; }#ftg-6363 .tile .caption-outside .text-wrapper span.title { font-size:14px; }#ftg-6363 .tile { background-color: transparent; }#ftg-6363 .tile .caption-block .text-wrapper span.text { color: #ffffff; }#ftg-6363 .tile .caption-block .text-wrapper span.title { color: #ffffff; }#ftg-6363 .tile .caption-outside .text-wrapper span.text { color: #ffffff; }#ftg-6363 .tile .caption-outside .text-wrapper span.title { color: #ffffff; }#ftg-6363 .tile .ftg-social a { color: #ffffff; }#ftg-6363 .tile .caption-block { transition-duration:0.25s; }#ftg-6363 .tile .tile-inner:before { background-color: #000000; }#ftg-6363 .tile .tile-inner:before { background-color: rgba(0, 0, 0, 0.8); }#ftg-6363 .tile:hover img {-moz-transform: ;-webkit-transform: ;-o-transform: ;-ms-transform: ;transform: ;}<\/style><a name='63'><\/a><div class='final-tiles-gallery  ftg-hover-enabled caption-inside  caption-none caption-middle caption-center' id='ftg-6363' style='width:100%'><div class='ftg-items'><div class='loading-bar'><i><\/i><\/div><div  class='tile ftg-preload  '><a title=\"fan p\u0159edm\u011bty real4\" data-lightbox='ftg-6363' rel='ftg-6363'  class=' tile-inner  ftg-lightbox' href='https:\/\/dev.bison.cz\/en\/wp-content\/uploads\/2016\/01\/fan-p\u0159edm\u011bty-real4-1024x646.png' ><img alt='fan p\u0159edm\u011bty real4' class='item skip-lazy' data-class='item' data-ftg-source='https:\/\/www.bison.cz\/en\/wp-content\/uploads\/2016\/01\/fan-p\u0159edm\u011bty-real4-1024x646.png' src='https:\/\/www.bison.cz\/en\/wp-content\/uploads\/2016\/01\/fan-p\u0159edm\u011bty-real4-1024x646.png' width='4136' height='2610' \/><div class='caption-block'><div class='text-wrapper'><span class='title'>fan p\u0159edm\u011bty real4<\/span><\/div><\/div><\/a><div class='ftg-social'><\/div><\/div><div  class='tile ftg-preload  '><a title=\"fan p\u0159edm\u011bty real2\" data-lightbox='ftg-6363' rel='ftg-6363'  class=' tile-inner  ftg-lightbox' href='https:\/\/dev.bison.cz\/en\/wp-content\/uploads\/2016\/01\/fan-p\u0159edm\u011bty-real2-1024x646.png' ><img alt='fan p\u0159edm\u011bty real2' class='item skip-lazy' data-class='item' data-ftg-source='https:\/\/www.bison.cz\/en\/wp-content\/uploads\/2016\/01\/fan-p\u0159edm\u011bty-real2-1024x646.png' src='https:\/\/www.bison.cz\/en\/wp-content\/uploads\/2016\/01\/fan-p\u0159edm\u011bty-real2-1024x646.png' width='4136' height='2610' \/><div class='caption-block'><div class='text-wrapper'><span class='title'>fan p\u0159edm\u011bty real2<\/span><\/div><\/div><\/a><div class='ftg-social'><\/div><\/div><div  class='tile ftg-preload  '><a title=\"fan p\u0159edm\u011bty real1\" data-lightbox='ftg-6363' rel='ftg-6363'  class=' tile-inner  ftg-lightbox' href='https:\/\/dev.bison.cz\/en\/wp-content\/uploads\/2016\/01\/fan-p\u0159edm\u011bty-real1-1024x646.png' ><img alt='fan p\u0159edm\u011bty real1' class='item skip-lazy' data-class='item' data-ftg-source='https:\/\/www.bison.cz\/en\/wp-content\/uploads\/2016\/01\/fan-p\u0159edm\u011bty-real1-1024x646.png' src='https:\/\/www.bison.cz\/en\/wp-content\/uploads\/2016\/01\/fan-p\u0159edm\u011bty-real1-1024x646.png' width='4136' height='2610' \/><div class='caption-block'><div class='text-wrapper'><span class='title'>fan p\u0159edm\u011bty real1<\/span><\/div><\/div><\/a><div class='ftg-social'><\/div><\/div><div  class='tile ftg-preload  '><a title=\"fan p\u0159edm\u011bty real5\" data-lightbox='ftg-6363' rel='ftg-6363'  class=' tile-inner  ftg-lightbox' href='https:\/\/dev.bison.cz\/en\/wp-content\/uploads\/2016\/01\/fan-p\u0159edm\u011bty-real5-1024x646.png' ><img alt='fan p\u0159edm\u011bty real5' class='item skip-lazy' data-class='item' data-ftg-source='https:\/\/www.bison.cz\/en\/wp-content\/uploads\/2016\/01\/fan-p\u0159edm\u011bty-real5-1024x646.png' src='https:\/\/www.bison.cz\/en\/wp-content\/uploads\/2016\/01\/fan-p\u0159edm\u011bty-real5-1024x646.png' width='4136' height='2610' \/><div class='caption-block'><div class='text-wrapper'><span class='title'>fan p\u0159edm\u011bty real5<\/span><\/div><\/div><\/a><div class='ftg-social'><\/div><\/div><div  class='tile ftg-preload  '><a title=\"fan p\u0159edm\u011bty real3\" data-lightbox='ftg-6363' rel='ftg-6363'  class=' tile-inner  ftg-lightbox' href='https:\/\/dev.bison.cz\/en\/wp-content\/uploads\/2016\/01\/fan-p\u0159edm\u011bty-real3-1024x646.png' ><img alt='fan p\u0159edm\u011bty real3' class='item skip-lazy' data-class='item' data-ftg-source='https:\/\/www.bison.cz\/en\/wp-content\/uploads\/2016\/01\/fan-p\u0159edm\u011bty-real3-1024x646.png' src='https:\/\/www.bison.cz\/en\/wp-content\/uploads\/2016\/01\/fan-p\u0159edm\u011bty-real3-1024x646.png' width='4136' height='2610' \/><div class='caption-block'><div class='text-wrapper'><span class='title'>fan p\u0159edm\u011bty real3<\/span><\/div><\/div><\/a><div class='ftg-social'><\/div><\/div><div  class='tile ftg-preload  '><a title=\"fan p\u0159edm\u011bty real6\" data-lightbox='ftg-6363' rel='ftg-6363'  class=' tile-inner  ftg-lightbox' href='https:\/\/dev.bison.cz\/en\/wp-content\/uploads\/2016\/01\/fan-p\u0159edm\u011bty-real6-1024x646.png' ><img alt='fan p\u0159edm\u011bty real6' class='item skip-lazy' data-class='item' data-ftg-source='https:\/\/www.bison.cz\/en\/wp-content\/uploads\/2016\/01\/fan-p\u0159edm\u011bty-real6-1024x646.png' src='https:\/\/www.bison.cz\/en\/wp-content\/uploads\/2016\/01\/fan-p\u0159edm\u011bty-real6-1024x646.png' width='4136' height='2610' \/><div class='caption-block'><div class='text-wrapper'><span class='title'>fan p\u0159edm\u011bty real6<\/span><\/div><\/div><\/a><div class='ftg-social'><\/div><\/div><div  class='tile ftg-preload  '><a title=\"fan p\u0159edm\u011bty real7\" data-lightbox='ftg-6363' rel='ftg-6363'  class=' tile-inner  ftg-lightbox' href='https:\/\/dev.bison.cz\/en\/wp-content\/uploads\/2016\/01\/fan-p\u0159edm\u011bty-real7-1024x646.png' ><img alt='fan p\u0159edm\u011bty real7' class='item skip-lazy' data-class='item' data-ftg-source='https:\/\/www.bison.cz\/en\/wp-content\/uploads\/2016\/01\/fan-p\u0159edm\u011bty-real7-1024x646.png' src='https:\/\/www.bison.cz\/en\/wp-content\/uploads\/2016\/01\/fan-p\u0159edm\u011bty-real7-1024x646.png' width='4136' height='2610' \/><div class='caption-block'><div class='text-wrapper'><span class='title'>fan p\u0159edm\u011bty real7<\/span><\/div><\/div><\/a><div class='ftg-social'><\/div><\/div><div  class='tile ftg-preload  '><a title=\"fan p\u0159edm\u011bty real9\" data-lightbox='ftg-6363' rel='ftg-6363'  class=' tile-inner  ftg-lightbox' href='https:\/\/dev.bison.cz\/en\/wp-content\/uploads\/2016\/01\/fan-p\u0159edm\u011bty-real9-1024x646.png' ><img alt='fan p\u0159edm\u011bty real9' class='item skip-lazy' data-class='item' data-ftg-source='https:\/\/www.bison.cz\/en\/wp-content\/uploads\/2016\/01\/fan-p\u0159edm\u011bty-real9-1024x646.png' src='https:\/\/www.bison.cz\/en\/wp-content\/uploads\/2016\/01\/fan-p\u0159edm\u011bty-real9-1024x646.png' width='4136' height='2610' \/><div class='caption-block'><div class='text-wrapper'><span class='title'>fan p\u0159edm\u011bty real9<\/span><\/div><\/div><\/a><div class='ftg-social'><\/div><\/div><div  class='tile ftg-preload  '><a title=\"fan p\u0159edm\u011bty real8\" data-lightbox='ftg-6363' rel='ftg-6363'  class=' tile-inner  ftg-lightbox' href='https:\/\/dev.bison.cz\/en\/wp-content\/uploads\/2016\/01\/fan-p\u0159edm\u011bty-real8-1024x646.png' ><img alt='fan p\u0159edm\u011bty real8' class='item skip-lazy' data-class='item' data-ftg-source='https:\/\/www.bison.cz\/en\/wp-content\/uploads\/2016\/01\/fan-p\u0159edm\u011bty-real8-1024x646.png' src='https:\/\/www.bison.cz\/en\/wp-content\/uploads\/2016\/01\/fan-p\u0159edm\u011bty-real8-1024x646.png' width='4136' height='2610' \/><div class='caption-block'><div class='text-wrapper'><span class='title'>fan p\u0159edm\u011bty real8<\/span><\/div><\/div><\/a><div class='ftg-social'><\/div><\/div><div  class='tile ftg-preload  '><a title=\"fan p\u0159edm\u011bty real10\" data-lightbox='ftg-6363' rel='ftg-6363'  class=' tile-inner  ftg-lightbox' href='https:\/\/dev.bison.cz\/en\/wp-content\/uploads\/2016\/01\/fan-p\u0159edm\u011bty-real10-1024x646.png' ><img alt='fan p\u0159edm\u011bty real10' class='item skip-lazy' data-class='item' data-ftg-source='https:\/\/www.bison.cz\/en\/wp-content\/uploads\/2016\/01\/fan-p\u0159edm\u011bty-real10-1024x646.png' src='https:\/\/www.bison.cz\/en\/wp-content\/uploads\/2016\/01\/fan-p\u0159edm\u011bty-real10-1024x646.png' width='4136' height='2610' \/><div class='caption-block'><div class='text-wrapper'><span class='title'>fan p\u0159edm\u011bty real10<\/span><\/div><\/div><\/a><div class='ftg-social'><\/div><\/div><\/div><\/div><script type='text\/javascript'>jQuery('#ftg-6363 img.item').removeAttr('src');jQuery(document).ready(function () {setTimeout(function () {jQuery('#ftg-6363').finalTilesGallery({minTileWidth: 250,margin: 10,loadMethod: 'sequential',nonce: '3ed80b00f0',galleryId: '63',setupFilters: true,layout: 'final',debug: false,gridSize: 25,disableGridSizeBelow:800,allowEnlargement: true,imageSizeFactor: [ [4000, 0.3],[1024, 0.3],[768, 0.2],[640, 0.3],[320, 0.2]],selectedFilter: 'n-a'});jQuery(function () {(function () {var rel = '';jQuery('#ftg-6363 .ftg-lightbox').click(function (e) {rel = jQuery(this).attr('rel');jQuery('#ftg-6363 .ftg-current').removeClass('ftg-current');jQuery('#ftg-6363 [rel=\"'+rel+'\"]').addClass('ftg-current');});})();});}, 0);});<\/script>\n\n\n\n<hr class=\"wp-block-separator\"\/>\n\n\n\n<p><a href=\"https:\/\/www.dev.bison.cz\/en\/sports\/fan-products\/\">Back<\/a><\/p>\n","protected":false},"excerpt":{"rendered":"<p>Back<\/p>\n","protected":false},"author":1,"featured_media":0,"parent":130,"menu_order":3,"comment_status":"closed","ping_status":"closed","template":"","meta":[],"_links":{"self":[{"href":"https:\/\/dev.bison.cz\/en\/wp-json\/wp\/v2\/pages\/523"}],"collection":[{"href":"https:\/\/dev.bison.cz\/en\/wp-json\/wp\/v2\/pages"}],"about":[{"href":"https:\/\/dev.bison.cz\/en\/wp-json\/wp\/v2\/types\/page"}],"author":[{"embeddable":true,"href":"https:\/\/dev.bison.cz\/en\/wp-json\/wp\/v2\/users\/1"}],"replies":[{"embeddable":true,"href":"https:\/\/dev.bison.cz\/en\/wp-json\/wp\/v2\/comments?post=523"}],"version-history":[{"count":8,"href":"https:\/\/dev.bison.cz\/en\/wp-json\/wp\/v2\/pages\/523\/revisions"}],"predecessor-version":[{"id":8377,"href":"https:\/\/dev.bison.cz\/en\/wp-json\/wp\/v2\/pages\/523\/revisions\/8377"}],"up":[{"embeddable":true,"href":"https:\/\/dev.bison.cz\/en\/wp-json\/wp\/v2\/pages\/130"}],"wp:attachment":[{"href":"https:\/\/dev.bison.cz\/en\/wp-json\/wp\/v2\/media?parent=523"}],"curies":[{"name":"wp","href":"https:\/\/api.w.org\/{rel}","templated":true}]}}