{"id":459,"date":"2016-01-11T13:13:16","date_gmt":"2016-01-11T12:13:16","guid":{"rendered":"https:\/\/www.dev.bison.cz\/en\/?page_id=459"},"modified":"2019-11-20T14:21:03","modified_gmt":"2019-11-20T13:21:03","slug":"photogallery-of-teams","status":"publish","type":"page","link":"https:\/\/dev.bison.cz\/en\/sports\/athletics\/photogallery-of-teams\/","title":{"rendered":"Photogallery of Teams"},"content":{"rendered":"\r\n<div id=\"sport-squares\">\r\n                <div>\r\n\t\t\t\t\t<img src=\"\/en\/wp-content\/themes\/naturespace\/img\/squares\/fotogalerie-dresu.jpg\" \/>\r\n\t\t\t\t\t<a href=\"\/en\/sports\/wp-json\/photogallery-of-clothes\/\">Photogallery of jerseys<\/a>\r\n                <\/div>\r\n\r\n                <div>\r\n                    <img src=\"\/en\/wp-content\/themes\/naturespace\/img\/squares\/fotogalerie-tymu.jpg\" \/>\r\n\t\t\t\t\t<a href=\"\/en\/sports\/wp-json\/photogallery-of-teams\/\">Photogallery of teams<\/a>\r\n                <\/div>               \r\n\r\n\t\t\t\t<div>\r\n                    <img src=\"\/en\/wp-content\/themes\/naturespace\/img\/squares\/galerie-grafiky.jpg\" \/>\r\n\t\t\t\t\t<a href=\"\/en\/sports\/wp-json\/gallery-of-graphics\/\">Gallery of graphics<\/a>\r\n                <\/div>\r\n\t\r\n                <div style=\"margin-right: 0px; float: right;\">\r\n                    <img src=\"\/en\/wp-content\/themes\/naturespace\/img\/squares\/designova-inspirace.jpg\" \/>\r\n\t\t\t\t\t<a href=\"\/en\/sports\/wp-json\/designs-inspiration\/\">Designs inspiration<\/a>\r\n                <\/div>\r\n<\/div>\r\n<div style=\"clear: both;\"><\/div>\r\n\r\n\n\n\n\n<p><strong>Fotogalerie t\u00fdm\u016f v atletick\u00e9m oble\u010den\u00ed Bison Sportswear.<\/strong><\/p>\n\n\n\n<hr class=\"wp-block-separator\"\/>\n\n\n<!-- Final Tiles Grid Gallery for WordPress v3.5.1 free --><style>#ftg-5454 .tile .icon { color:#ffffff; }#ftg-5454 .ftg-items .loading-bar i { background:#666; }#ftg-5454 .ftg-items .loading-bar { background:#fff; }#ftg-5454 .tile .icon { font-size:12px; }#ftg-5454 .tile .icon { margin: -6px 0 0 -6px; }#ftg-5454 .tile .caption-block .text-wrapper span.text { font-size:12px; }#ftg-5454 .tile .caption-outside .text-wrapper span.text { font-size:12px; }#ftg-5454 .tile .caption-block .text-wrapper span.title { font-size:14px; }#ftg-5454 .tile .caption-outside .text-wrapper span.title { font-size:14px; }#ftg-5454 .tile { background-color: transparent; }#ftg-5454 .tile .caption-block .text-wrapper span.text { color: #ffffff; }#ftg-5454 .tile .caption-block .text-wrapper span.title { color: #ffffff; }#ftg-5454 .tile .caption-outside .text-wrapper span.text { color: #ffffff; }#ftg-5454 .tile .caption-outside .text-wrapper span.title { color: #ffffff; }#ftg-5454 .tile .ftg-social a { color: #ffffff; }#ftg-5454 .tile .caption-block { transition-timing-function:linear; }#ftg-5454 .tile .caption-block { transition-duration:0.25s; }#ftg-5454 .tile .tile-inner:before { background-color: #000000; }#ftg-5454 .tile .tile-inner:before { background-color: rgba(0, 0, 0, 0.8); }<\/style><a name='54'><\/a><div class='final-tiles-gallery  ftg-hover-enabled caption-inside  caption-none caption-middle caption-center' id='ftg-5454' style='width:100%'><div class='ftg-items'><div class='loading-bar'><i><\/i><\/div><div  class='tile ftg-preload  '><a title=\"B\u011b\u017eeck\u00fd t\u00fdm v dresech Bison Sportswear.\" data-lightbox='ftg-5454' rel='ftg-5454'  class=' tile-inner  ftg-lightbox' href='https:\/\/dev.bison.cz\/en\/wp-content\/uploads\/2016\/01\/Nevidomi_Atletika.jpg' ><img alt='Dresy pro atletiku a b\u011bh\u00e1n\u00ed od \u010desk\u00e9ho v\u00fdrobce Bison Sportswear' class='item skip-lazy' data-class='item' data-ftg-source='https:\/\/www.bison.cz\/en\/wp-content\/uploads\/2016\/01\/Nevidomi_Atletika.jpg' src='https:\/\/www.bison.cz\/en\/wp-content\/uploads\/2016\/01\/Nevidomi_Atletika.jpg' width='960' height='930' \/><span class='icon fa fa-zoom'><\/span><div class='caption-block'><div class='text-wrapper'><span class='title'>B\u011b\u017eeck\u00fd t\u00fdm v dresech Bison Sportswear.<\/span><\/div><\/div><\/a><div class='ftg-social'><\/div><\/div><div  class='tile ftg-preload  '><a title=\"B\u011b\u017eeck\u00fd t\u00fdm v dresech Bison Sportswear.\" data-lightbox='ftg-5454' rel='ftg-5454'  class=' tile-inner  ftg-lightbox' href='https:\/\/dev.bison.cz\/en\/wp-content\/uploads\/2016\/01\/Pondy-atletika.jpg' ><img alt='Dresy pro atletiku a b\u011bh\u00e1n\u00ed od \u010desk\u00e9ho v\u00fdrobce Bison Sportswear' class='item skip-lazy' data-class='item' data-ftg-source='https:\/\/www.bison.cz\/en\/wp-content\/uploads\/2016\/01\/Pondy-atletika.jpg' src='https:\/\/www.bison.cz\/en\/wp-content\/uploads\/2016\/01\/Pondy-atletika.jpg' width='960' height='891' \/><span class='icon fa fa-zoom'><\/span><div class='caption-block'><div class='text-wrapper'><span class='title'>B\u011b\u017eeck\u00fd t\u00fdm v dresech Bison Sportswear.<\/span><\/div><\/div><\/a><div class='ftg-social'><\/div><\/div><div  class='tile ftg-preload  '><a title=\"B\u011b\u017eeck\u00fd t\u00fdm v dresech Bison Sportswear.\" data-lightbox='ftg-5454' rel='ftg-5454'  class=' tile-inner  ftg-lightbox' href='https:\/\/dev.bison.cz\/en\/wp-content\/uploads\/2017\/11\/Athletic-Ra\u010da.jpg' ><img alt='B\u011b\u017eeck\u00fd t\u00fdm v dresech Bison Sportswear.' class='item skip-lazy' data-class='item' data-ftg-source='https:\/\/www.bison.cz\/en\/wp-content\/uploads\/2017\/11\/Athletic-Ra\u010da.jpg' src='https:\/\/www.bison.cz\/en\/wp-content\/uploads\/2017\/11\/Athletic-Ra\u010da.jpg' width='505' height='387' \/><span class='icon fa fa-zoom'><\/span><div class='caption-block'><div class='text-wrapper'><span class='title'>B\u011b\u017eeck\u00fd t\u00fdm v dresech Bison Sportswear.<\/span><\/div><\/div><\/a><div class='ftg-social'><\/div><\/div><\/div><\/div><script type='text\/javascript'>jQuery('#ftg-5454 img.item').removeAttr('src');jQuery(document).ready(function () {setTimeout(function () {jQuery('#ftg-5454').finalTilesGallery({minTileWidth: 250,margin: 10,loadMethod: 'sequential',nonce: '3ed80b00f0',galleryId: '54',setupFilters: true,layout: 'final',debug: false,gridSize: 25,disableGridSizeBelow:800,allowEnlargement: true,imageSizeFactor: [ [4000, 0.3],[1024, 0.3],[768, 0.2],[640, 0.3],[320, 0.2]],selectedFilter: 'n-a'});jQuery(function () {(function () {var rel = '';jQuery('#ftg-5454 .ftg-lightbox').click(function (e) {rel = jQuery(this).attr('rel');jQuery('#ftg-5454 .ftg-current').removeClass('ftg-current');jQuery('#ftg-5454 [rel=\"'+rel+'\"]').addClass('ftg-current');});})();});}, 0);});<\/script>\n\n\n\n<hr class=\"wp-block-separator\"\/>\n\n\n\n<p class=\"krok-zpet\"><a href=\"https:\/\/www.dev.bison.cz\/en\/sports\/athletics\/\">Back<\/a><\/p>\n","protected":false},"excerpt":{"rendered":"<p>Fotogalerie t\u00fdm\u016f v atletick\u00e9m oble\u010den\u00ed Bison Sportswear. Back<\/p>\n","protected":false},"author":1,"featured_media":0,"parent":132,"menu_order":2,"comment_status":"closed","ping_status":"closed","template":"","meta":[],"_links":{"self":[{"href":"https:\/\/dev.bison.cz\/en\/wp-json\/wp\/v2\/pages\/459"}],"collection":[{"href":"https:\/\/dev.bison.cz\/en\/wp-json\/wp\/v2\/pages"}],"about":[{"href":"https:\/\/dev.bison.cz\/en\/wp-json\/wp\/v2\/types\/page"}],"author":[{"embeddable":true,"href":"https:\/\/dev.bison.cz\/en\/wp-json\/wp\/v2\/users\/1"}],"replies":[{"embeddable":true,"href":"https:\/\/dev.bison.cz\/en\/wp-json\/wp\/v2\/comments?post=459"}],"version-history":[{"count":10,"href":"https:\/\/dev.bison.cz\/en\/wp-json\/wp\/v2\/pages\/459\/revisions"}],"predecessor-version":[{"id":8349,"href":"https:\/\/dev.bison.cz\/en\/wp-json\/wp\/v2\/pages\/459\/revisions\/8349"}],"up":[{"embeddable":true,"href":"https:\/\/dev.bison.cz\/en\/wp-json\/wp\/v2\/pages\/132"}],"wp:attachment":[{"href":"https:\/\/dev.bison.cz\/en\/wp-json\/wp\/v2\/media?parent=459"}],"curies":[{"name":"wp","href":"https:\/\/api.w.org\/{rel}","templated":true}]}}