{"id":4469,"date":"2017-11-11T11:04:16","date_gmt":"2017-11-11T10:04:16","guid":{"rendered":"https:\/\/www.dev.bison.cz\/en\/?page_id=4469"},"modified":"2020-01-15T12:34:29","modified_gmt":"2020-01-15T11:34:29","slug":"american-footbal-jerseys-replika","status":"publish","type":"page","link":"https:\/\/dev.bison.cz\/en\/sports\/american-football\/american-footbal-jerseys-replika\/","title":{"rendered":"American football Jerseys Replika"},"content":{"rendered":"\n<h2>Americk\u00fd fotbal dres Replika<\/h2>\n\n\n\n<div class=\"wp-block-columns has-2-columns\">\n<div class=\"wp-block-column\">\n<figure class=\"wp-block-image\"><img width=\"700\" height=\"570\" src=\"https:\/\/www.dev.bison.cz\/en\/wp-content\/uploads\/2017\/11\/AMERICKY-FOTBAL_REPLIKA-DRES_1KROK.png\" alt=\"\" class=\"wp-image-4471\" srcset=\"https:\/\/dev.bison.cz\/en\/wp-content\/uploads\/2017\/11\/AMERICKY-FOTBAL_REPLIKA-DRES_1KROK.png 700w, https:\/\/dev.bison.cz\/en\/wp-content\/uploads\/2017\/11\/AMERICKY-FOTBAL_REPLIKA-DRES_1KROK-300x244.png 300w\" sizes=\"(max-width: 700px) 100vw, 700px\" \/><\/figure>\n<\/div>\n\n\n\n<div class=\"wp-block-column\">\n<p><strong>Zobrazen\u00e9 designy jsou pouze informativn\u00ed. P\u0159iprav\u00edme v\u00e1m origin\u00e1ln\u00ed design p\u0159esn\u011b podle va\u0161ich po\u017eadavk\u016f.&nbsp;<\/strong><\/p>\n\n\n\n<p>Z\u00e1kladn\u00ed velikosti vest si ur\u010dete pomoc\u00ed <a href=\"\/en\/sports\/american-football\/size-tables\/\">size tables<\/a>. Podrobn\u011bj\u0161\u00ed informace o materi\u00e1lu naleznete <a href=\"\/en\/information\/materials\/\">here<\/a>. Informace o cen\u011b naleznete v <a href=\"\/en\/sports\/american-football\/price-list\/\">price list<\/a>.<\/p>\n<\/div>\n<\/div>\n\n\n\n<hr class=\"wp-block-separator\"\/>\n\n\n\n<p class=\"krok-zpet\"><a href=\"\/en\/sports\/american-football\">Back<\/a><\/p>\n","protected":false},"excerpt":{"rendered":"<p>Americk\u00fd fotbal dres Replika Zobrazen\u00e9 designy jsou pouze informativn\u00ed. P\u0159iprav\u00edme v\u00e1m origin\u00e1ln\u00ed design p\u0159esn\u011b podle va\u0161ich po\u017eadavk\u016f.&nbsp; Z\u00e1kladn\u00ed velikosti vest si ur\u010dete pomoc\u00ed size tables. Podrobn\u011bj\u0161\u00ed informace o materi\u00e1lu naleznete here. Informace o cen\u011b naleznete v price list. Back<\/p>\n","protected":false},"author":1,"featured_media":0,"parent":112,"menu_order":0,"comment_status":"closed","ping_status":"closed","template":"","meta":[],"_links":{"self":[{"href":"https:\/\/dev.bison.cz\/en\/wp-json\/wp\/v2\/pages\/4469"}],"collection":[{"href":"https:\/\/dev.bison.cz\/en\/wp-json\/wp\/v2\/pages"}],"about":[{"href":"https:\/\/dev.bison.cz\/en\/wp-json\/wp\/v2\/types\/page"}],"author":[{"embeddable":true,"href":"https:\/\/dev.bison.cz\/en\/wp-json\/wp\/v2\/users\/1"}],"replies":[{"embeddable":true,"href":"https:\/\/dev.bison.cz\/en\/wp-json\/wp\/v2\/comments?post=4469"}],"version-history":[{"count":4,"href":"https:\/\/dev.bison.cz\/en\/wp-json\/wp\/v2\/pages\/4469\/revisions"}],"predecessor-version":[{"id":8529,"href":"https:\/\/dev.bison.cz\/en\/wp-json\/wp\/v2\/pages\/4469\/revisions\/8529"}],"up":[{"embeddable":true,"href":"https:\/\/dev.bison.cz\/en\/wp-json\/wp\/v2\/pages\/112"}],"wp:attachment":[{"href":"https:\/\/dev.bison.cz\/en\/wp-json\/wp\/v2\/media?parent=4469"}],"curies":[{"name":"wp","href":"https:\/\/api.w.org\/{rel}","templated":true}]}}