{"id":439,"date":"2016-01-11T13:03:49","date_gmt":"2016-01-11T12:03:49","guid":{"rendered":"https:\/\/www.dev.bison.cz\/en\/?page_id=439"},"modified":"2019-11-20T13:37:57","modified_gmt":"2019-11-20T12:37:57","slug":"photogallery-of-clothes","status":"publish","type":"page","link":"https:\/\/dev.bison.cz\/en\/sports\/skittles-bowling\/photogallery-of-clothes\/","title":{"rendered":"Photogallery of Clothes"},"content":{"rendered":"\r\n<div id=\"sport-squares\">\r\n                <div>\r\n\t\t\t\t\t<img src=\"\/en\/wp-content\/themes\/naturespace\/img\/squares\/fotogalerie-dresu.jpg\" \/>\r\n\t\t\t\t\t<a href=\"\/en\/sports\/wp-json\/photogallery-of-clothes\/\">Photogallery of jerseys<\/a>\r\n                <\/div>\r\n\r\n                <div>\r\n                    <img src=\"\/en\/wp-content\/themes\/naturespace\/img\/squares\/fotogalerie-tymu.jpg\" \/>\r\n\t\t\t\t\t<a href=\"\/en\/sports\/wp-json\/photogallery-of-teams\/\">Photogallery of teams<\/a>\r\n                <\/div>               \r\n\r\n\t\t\t\t<div>\r\n                    <img src=\"\/en\/wp-content\/themes\/naturespace\/img\/squares\/galerie-grafiky.jpg\" \/>\r\n\t\t\t\t\t<a href=\"\/en\/sports\/wp-json\/gallery-of-graphics\/\">Gallery of graphics<\/a>\r\n                <\/div>\r\n\t\r\n                <div style=\"margin-right: 0px; float: right;\">\r\n                    <img src=\"\/en\/wp-content\/themes\/naturespace\/img\/squares\/designova-inspirace.jpg\" \/>\r\n\t\t\t\t\t<a href=\"\/en\/sports\/wp-json\/designs-inspiration\/\">Designs inspiration<\/a>\r\n                <\/div>\r\n<\/div>\r\n<div style=\"clear: both;\"><\/div>\r\n\r\n\n\n\n\n<p><strong>Fotogalerie vyroben\u00fdch dres\u016f pro ku\u017eelky a bowling.<\/strong><\/p>\n\n\n\n<hr class=\"wp-block-separator\"\/>\n\n\n<!-- Final Tiles Grid Gallery for WordPress v3.5.1 free --><style>#ftg-4747 .tile .icon { color:#ffffff; }#ftg-4747 .ftg-items .loading-bar i { background:#666; }#ftg-4747 .ftg-items .loading-bar { background:#fff; }#ftg-4747 .tile .icon { font-size:12px; }#ftg-4747 .tile .icon { margin: -6px 0 0 -6px; }#ftg-4747 .tile .caption-block .text-wrapper span.text { font-size:12px; }#ftg-4747 .tile .caption-outside .text-wrapper span.text { font-size:12px; }#ftg-4747 .tile .caption-block .text-wrapper span.title { font-size:14px; }#ftg-4747 .tile .caption-outside .text-wrapper span.title { font-size:14px; }#ftg-4747 .tile { background-color: transparent; }#ftg-4747 .tile .caption-block .text-wrapper span.text { color: #ffffff; }#ftg-4747 .tile .caption-block .text-wrapper span.title { color: #ffffff; }#ftg-4747 .tile .caption-outside .text-wrapper span.text { color: #ffffff; }#ftg-4747 .tile .caption-outside .text-wrapper span.title { color: #ffffff; }#ftg-4747 .tile .ftg-social a { color: #ffffff; }#ftg-4747 .tile .caption-block { transition-timing-function:linear; }#ftg-4747 .tile .caption-block { transition-duration:0.25s; }#ftg-4747 .tile .tile-inner:before { background-color: #000000; }#ftg-4747 .tile .tile-inner:before { background-color: rgba(0, 0, 0, 0.8); }<\/style><a name='47'><\/a><div class='final-tiles-gallery  ftg-hover-enabled caption-inside  caption-none caption-middle caption-center' id='ftg-4747' style='width:100%'><div class='ftg-items'><div class='loading-bar'><i><\/i><\/div><div  class='tile ftg-preload  '><a title=\"bison_-bowling_m\" data-lightbox='ftg-4747' rel='ftg-4747'  class=' tile-inner  ftg-lightbox' href='https:\/\/dev.bison.cz\/en\/wp-content\/uploads\/2019\/11\/bison_-bowling_m-1024x722.jpg' ><img alt='bison_-bowling_m' class='item skip-lazy' data-class='item' data-ftg-source='https:\/\/www.bison.cz\/en\/wp-content\/uploads\/2019\/11\/bison_-bowling_m-1024x722.jpg' src='https:\/\/www.bison.cz\/en\/wp-content\/uploads\/2019\/11\/bison_-bowling_m-1024x722.jpg' width='1024' height='722' \/><span class='icon fa fa-zoom'><\/span><div class='caption-block'><div class='text-wrapper'><span class='title'>bison_-bowling_m<\/span><\/div><\/div><\/a><div class='ftg-social'><\/div><\/div><div  class='tile ftg-preload  '><a title=\"Dres ku\u017eelky-bowling Bison Sportswear.\" data-lightbox='ftg-4747' rel='ftg-4747'  class=' tile-inner  ftg-lightbox' href='https:\/\/dev.bison.cz\/en\/wp-content\/uploads\/2016\/01\/Ku\u017eelky_dres_m-1024x722.jpg' ><img alt='Ku\u017eelk\u00e1\u0159sk\u00fd dres Bison Sportswear' class='item skip-lazy' data-class='item' data-ftg-source='https:\/\/www.bison.cz\/en\/wp-content\/uploads\/2016\/01\/Ku\u017eelky_dres_m-1024x722.jpg' src='https:\/\/www.bison.cz\/en\/wp-content\/uploads\/2016\/01\/Ku\u017eelky_dres_m-1024x722.jpg' width='1024' height='722' \/><span class='icon fa fa-zoom'><\/span><div class='caption-block'><div class='text-wrapper'><span class='title'>Dres ku\u017eelky-bowling Bison Sportswear.<\/span><\/div><\/div><\/a><div class='ftg-social'><\/div><\/div><div  class='tile ftg-preload  '><a title=\"Dresy ku\u017eelky-bowling Bison Sportswear.\" data-lightbox='ftg-4747' rel='ftg-4747'  class=' tile-inner  ftg-lightbox' href='https:\/\/dev.bison.cz\/en\/wp-content\/uploads\/2016\/01\/Ku\u017eelky_komplet_m-1024x722.jpg' ><img alt='Ku\u017eelk\u00e1\u0159sk\u00fd dres Bison Sportswear' class='item skip-lazy' data-class='item' data-ftg-source='https:\/\/www.bison.cz\/en\/wp-content\/uploads\/2016\/01\/Ku\u017eelky_komplet_m-1024x722.jpg' src='https:\/\/www.bison.cz\/en\/wp-content\/uploads\/2016\/01\/Ku\u017eelky_komplet_m-1024x722.jpg' width='1024' height='722' \/><span class='icon fa fa-zoom'><\/span><div class='caption-block'><div class='text-wrapper'><span class='title'>Dresy ku\u017eelky-bowling Bison Sportswear.<\/span><\/div><\/div><\/a><div class='ftg-social'><\/div><\/div><\/div><\/div><script type='text\/javascript'>jQuery('#ftg-4747 img.item').removeAttr('src');jQuery(document).ready(function () {setTimeout(function () {jQuery('#ftg-4747').finalTilesGallery({minTileWidth: 250,margin: 10,loadMethod: 'sequential',nonce: '3ed80b00f0',galleryId: '47',setupFilters: true,layout: 'final',debug: false,gridSize: 25,disableGridSizeBelow:800,allowEnlargement: true,imageSizeFactor: [ [4000, 0.3],[1024, 0.3],[768, 0.2],[640, 0.3],[320, 0.2]],selectedFilter: 'n-a'});jQuery(function () {(function () {var rel = '';jQuery('#ftg-4747 .ftg-lightbox').click(function (e) {rel = jQuery(this).attr('rel');jQuery('#ftg-4747 .ftg-current').removeClass('ftg-current');jQuery('#ftg-4747 [rel=\"'+rel+'\"]').addClass('ftg-current');});})();});}, 0);});<\/script>\n\n\n\n<hr class=\"wp-block-separator\"\/>\n\n\n\n<p class=\"krok-zpet\"><a href=\"https:\/\/www.dev.bison.cz\/en\/sports\/skittles-bowling\/\">Back<\/a><\/p>\n","protected":false},"excerpt":{"rendered":"<p>Fotogalerie vyroben\u00fdch dres\u016f pro ku\u017eelky a bowling. Back<\/p>\n","protected":false},"author":1,"featured_media":0,"parent":128,"menu_order":1,"comment_status":"closed","ping_status":"closed","template":"","meta":[],"_links":{"self":[{"href":"https:\/\/dev.bison.cz\/en\/wp-json\/wp\/v2\/pages\/439"}],"collection":[{"href":"https:\/\/dev.bison.cz\/en\/wp-json\/wp\/v2\/pages"}],"about":[{"href":"https:\/\/dev.bison.cz\/en\/wp-json\/wp\/v2\/types\/page"}],"author":[{"embeddable":true,"href":"https:\/\/dev.bison.cz\/en\/wp-json\/wp\/v2\/users\/1"}],"replies":[{"embeddable":true,"href":"https:\/\/dev.bison.cz\/en\/wp-json\/wp\/v2\/comments?post=439"}],"version-history":[{"count":10,"href":"https:\/\/dev.bison.cz\/en\/wp-json\/wp\/v2\/pages\/439\/revisions"}],"predecessor-version":[{"id":8335,"href":"https:\/\/dev.bison.cz\/en\/wp-json\/wp\/v2\/pages\/439\/revisions\/8335"}],"up":[{"embeddable":true,"href":"https:\/\/dev.bison.cz\/en\/wp-json\/wp\/v2\/pages\/128"}],"wp:attachment":[{"href":"https:\/\/dev.bison.cz\/en\/wp-json\/wp\/v2\/media?parent=439"}],"curies":[{"name":"wp","href":"https:\/\/api.w.org\/{rel}","templated":true}]}}