{"id":4318,"date":"2017-10-08T15:23:42","date_gmt":"2017-10-08T14:23:42","guid":{"rendered":"https:\/\/www.dev.bison.cz\/en\/?page_id=4318"},"modified":"2018-03-31T12:48:03","modified_gmt":"2018-03-31T11:48:03","slug":"select-design","status":"publish","type":"page","link":"https:\/\/dev.bison.cz\/en\/sports\/water-sports\/select-design\/","title":{"rendered":"Select Design"},"content":{"rendered":"<div data-post-id='327' class='insert-page insert-page-327 '>\n<h2>Canoeing<\/h2>\n\n\n\n<p>Canoeing is a sport very demanding for the upper half of the body. Systematic plunging and emergence of the paddle into the water, with the effort to move a little further towards the target, is not performed just like that and the man will get really sweaty. Whether you are paddling on a recreational or professional level, it is advisable to be equipped with appropriate clothing. Bison offers you especially that sort of thing.<\/p>\n\n\n\n<p>The basic jerseys size can be determined using <a href=\"\/en\/sports\/water-sports\/size-tables\/\">size tables<\/a>. More information about materials can be found <a href=\"\/en\/information\/materials\/\">here<\/a>. Information on the price can be found in the <a href=\"\/en\/sports\/water-sports\/price-list\/\">price list<\/a>.<\/p>\n\n\n\n<h3>Vlastn\u00ed n\u00e1vrh<\/h3>\n\n\n\n<p>Pokud si nevyberete \u017e\u00e1dn\u00fd model dresu z na\u0161\u00ed nab\u00eddky, nebo po\u017eadujete dresy v origin\u00e1ln\u00edm designu,m\u016f\u017eeme v na\u0161em grafick\u00e9m studiu spole\u010dn\u011b s v\u00e1mi vytvo\u0159it dresy podle va\u0161ich p\u0159edstav. <strong>P\u0159\u00edprava grafick\u00e9ho n\u00e1vrhu je zdarma.<\/strong> Samostatn\u00e1 v\u00fdroba se v\u017edy uskute\u010dn\u00ed a\u017e po odsouhlasen\u00ed vzork\u016f nebo tiskov\u00fdch n\u00e1hled\u016f. V p\u0159\u00edpad\u011b ztr\u00e1ty nebo zni\u010den\u00ed va\u0161ich sou\u010dasn\u00fdch dres\u016f v\u00e1m r\u00e1di zkompletujeme ne\u00fapln\u00e9 sady zhotoven\u00edm podobn\u00fdch dres\u016f tak, abyste i nad\u00e1le mohli tyto dresy pou\u017e\u00edvat.<br><!--?php } ?--><\/p>\n\n\n\n\n\n\r\n<div id=\"sport-squares\">\r\n                <div>\r\n\t\t\t\t\t<img src=\"\/en\/wp-content\/themes\/naturespace\/img\/squares\/fotogalerie-dresu.jpg\" \/>\r\n\t\t\t\t\t<a href=\"\/en\/sports\/wp-json\/photogallery-of-clothes\/\">Photogallery of jerseys<\/a>\r\n                <\/div>\r\n\r\n                <div>\r\n                    <img src=\"\/en\/wp-content\/themes\/naturespace\/img\/squares\/fotogalerie-tymu.jpg\" \/>\r\n\t\t\t\t\t<a href=\"\/en\/sports\/wp-json\/photogallery-of-teams\/\">Photogallery of teams<\/a>\r\n                <\/div>               \r\n\r\n\t\t\t\t<div>\r\n                    <img src=\"\/en\/wp-content\/themes\/naturespace\/img\/squares\/galerie-grafiky.jpg\" \/>\r\n\t\t\t\t\t<a href=\"\/en\/sports\/wp-json\/gallery-of-graphics\/\">Gallery of graphics<\/a>\r\n                <\/div>\r\n\t\r\n                <div style=\"margin-right: 0px; float: right;\">\r\n                    <img src=\"\/en\/wp-content\/themes\/naturespace\/img\/squares\/designova-inspirace.jpg\" \/>\r\n\t\t\t\t\t<a href=\"\/en\/sports\/wp-json\/designs-inspiration\/\">Designs inspiration<\/a>\r\n                <\/div>\r\n<\/div>\r\n<div style=\"clear: both;\"><\/div>\r\n\r\n\n<\/div>\n","protected":false},"excerpt":{"rendered":"","protected":false},"author":1,"featured_media":0,"parent":327,"menu_order":0,"comment_status":"closed","ping_status":"closed","template":"","meta":[],"_links":{"self":[{"href":"https:\/\/dev.bison.cz\/en\/wp-json\/wp\/v2\/pages\/4318"}],"collection":[{"href":"https:\/\/dev.bison.cz\/en\/wp-json\/wp\/v2\/pages"}],"about":[{"href":"https:\/\/dev.bison.cz\/en\/wp-json\/wp\/v2\/types\/page"}],"author":[{"embeddable":true,"href":"https:\/\/dev.bison.cz\/en\/wp-json\/wp\/v2\/users\/1"}],"replies":[{"embeddable":true,"href":"https:\/\/dev.bison.cz\/en\/wp-json\/wp\/v2\/comments?post=4318"}],"version-history":[{"count":2,"href":"https:\/\/dev.bison.cz\/en\/wp-json\/wp\/v2\/pages\/4318\/revisions"}],"predecessor-version":[{"id":6784,"href":"https:\/\/dev.bison.cz\/en\/wp-json\/wp\/v2\/pages\/4318\/revisions\/6784"}],"up":[{"embeddable":true,"href":"https:\/\/dev.bison.cz\/en\/wp-json\/wp\/v2\/pages\/327"}],"wp:attachment":[{"href":"https:\/\/dev.bison.cz\/en\/wp-json\/wp\/v2\/media?parent=4318"}],"curies":[{"name":"wp","href":"https:\/\/api.w.org\/{rel}","templated":true}]}}