{"id":4306,"date":"2017-10-08T15:18:27","date_gmt":"2017-10-08T14:18:27","guid":{"rendered":"https:\/\/www.dev.bison.cz\/en\/?page_id=4306"},"modified":"2018-03-31T09:59:19","modified_gmt":"2018-03-31T08:59:19","slug":"select-design","status":"publish","type":"page","link":"https:\/\/dev.bison.cz\/en\/sports\/motocross\/select-design\/","title":{"rendered":"Select Design"},"content":{"rendered":"<div data-post-id='319' class='insert-page insert-page-319 '>\n<h2>Motocross<\/h2>\n\n\n<p>A smell of petrol does not let you sleep? Now we are not talking about the issue of arson, but about the harsh guys and the sharp girls who have fallen into the spell of motocross. Motocross is an amazing sport. One would say that this is just such a motorbike ride, but you\u2019d be surprised. Drive a lap on the track and you will be wet as a drowned rat and shaken like a jackhammer. Also motocross requires quality jerseys, vests and jackets. Without them, the proper motocross spree would not worth it.<\/p>\n<div id=\"bottom-panel-inner\" class=\"collapseomatic noarrow\">\n<h3>More information<\/h3>\n<p><img src=\"\/en\/wp-content\/themes\/naturespace\/img\/sipku-down-grey.png\" \/><\/p>\n<\/div>\n<div id=\"target-bottom-panel-inner\" class=\"collapseomatic_content hidden-panel\">\n<h3>Motocross Jerseys<\/h3>\n<p>Motocross jersey is manufactured in CLASSIC and RAGLAN pattern. We also produce the RAGLAN pattern in Profi design with a ventilation mesh at the side of the jersey. This solution brings a substantial comfort increase of the motocrosser mainly in the sweltering days. Motocross jersey is manufactured with long sleeves finished with a knitwear. You can also choose from new, attractively designed patterns. You can also choose the type of collar, font, and numbers on your jersey. It is possible to manufacture the jerseys from following materials: CANADA 155 gr., CoMo 160 gr., LION 160gr., KOSTKA 145 gr., B\u00c1RA 145 gr. and O-Zone 170 gr.<\/p>\n<p>The basic jerseys and undershirts size can be determined using <a href=\"\/en\/sports\/motocross\/size-tables\/\">size tables<\/a>. More information about materials can be found <a href=\"\/en\/information\/materials\/\">here<\/a>. Information on the price can be found in the <a href=\"\/en\/sports\/motocross\/price-list\/\">price list<\/a>.<\/p>\n<h3>Motocross Vests<\/h3>\n<p>Motocross vests are made of very fine polyester knitwear, namely the Filet 230Gr material. This material is highly elastic and perfectly surrounds your body. High quality material along with unique pattern design ensures comfortable feeling when wearing. The main advantage is the possibility of full sublimation printing and the perfect alignment with the team jerseys. The result is a professional appearance of the vests which will satisfy even the most demanding customers.<\/p>\n<p>The basic vests and undershirts size can be determined using <a href=\"\/en\/sports\/motocross\/size-tables\/\">size tables<\/a>. More information about materials can be found <a href=\"\/en\/information\/materials\/\">here<\/a>. Information on the price can be found in the <a href=\"\/en\/sports\/motocross\/price-list\/\">price list<\/a>.<\/p>\n<h3>Motocross Jackets<\/h3>\n<p>Motocross jackets are manufactured from very fine polyester knitwear Filet 230gr. High quality material along with unique pattern design ensures comfortable feeling when wearing. The main advantage is a possibility of full sublimation printing and thus the perfect alignment with the team jerseys.<\/p>\n<p>The basic jackets and undershirts size can be determined using <a href=\"\/en\/sports\/motocross\/size-tables\/\">size tables<\/a>. More information about materials can be found <a href=\"\/en\/information\/materials\/\">here<\/a>. Information on the price can be found in the <a href=\"\/en\/sports\/motocross\/price-list\/\">price list<\/a>.<\/p>\n<h3>Vlastn\u00ed n\u00e1vrh<\/h3>\n<p>Pokud si nevyberete \u017e\u00e1dn\u00fd model <strong>dresu<\/strong> z na\u0161\u00ed nab\u00eddky pro <strong>motokros<\/strong>, nebo po\u017eadujete <strong>dresy v origin\u00e1ln\u00edm designu<\/strong>,m\u016f\u017eeme v na\u0161em grafick\u00e9m studiu spole\u010dn\u011b s v\u00e1mi vytvo\u0159it <strong>dresy podle va\u0161ich p\u0159edstav<\/strong>. <strong>P\u0159\u00edprava grafick\u00e9ho n\u00e1vrhu je zdarma.<\/strong> Samostatn\u00e1 v\u00fdroba se v\u017edy uskute\u010dn\u00ed a\u017e po odsouhlasen\u00ed vzork\u016f nebo tiskov\u00fdch n\u00e1hled\u016f. V p\u0159\u00edpad\u011b ztr\u00e1ty nebo zni\u010den\u00ed va\u0161ich sou\u010dasn\u00fdch<strong> dres\u016f<\/strong> v\u00e1m r\u00e1di zkompletujeme ne\u00fapln\u00e9 sady zhotoven\u00edm podobn\u00fdch <strong>dres\u016f<\/strong> tak, abyste i nad\u00e1le mohli tyto <strong>dresy<\/strong> pou\u017e\u00edvat.<\/p>\n<\/div>\n\n\n\n\n\r\n<div id=\"sport-squares\">\r\n                <div>\r\n\t\t\t\t\t<img src=\"\/en\/wp-content\/themes\/naturespace\/img\/squares\/fotogalerie-dresu.jpg\" \/>\r\n\t\t\t\t\t<a href=\"\/en\/sports\/wp-json\/photogallery-of-clothes\/\">Photogallery of jerseys<\/a>\r\n                <\/div>\r\n\r\n                <div>\r\n                    <img src=\"\/en\/wp-content\/themes\/naturespace\/img\/squares\/fotogalerie-tymu.jpg\" \/>\r\n\t\t\t\t\t<a href=\"\/en\/sports\/wp-json\/photogallery-of-teams\/\">Photogallery of teams<\/a>\r\n                <\/div>               \r\n\r\n\t\t\t\t<div>\r\n                    <img src=\"\/en\/wp-content\/themes\/naturespace\/img\/squares\/galerie-grafiky.jpg\" \/>\r\n\t\t\t\t\t<a href=\"\/en\/sports\/wp-json\/gallery-of-graphics\/\">Gallery of graphics<\/a>\r\n                <\/div>\r\n\t\r\n                <div style=\"margin-right: 0px; float: right;\">\r\n                    <img src=\"\/en\/wp-content\/themes\/naturespace\/img\/squares\/designova-inspirace.jpg\" \/>\r\n\t\t\t\t\t<a href=\"\/en\/sports\/wp-json\/designs-inspiration\/\">Designs inspiration<\/a>\r\n                <\/div>\r\n<\/div>\r\n<div style=\"clear: both;\"><\/div>\r\n\r\n\n<\/div>\n","protected":false},"excerpt":{"rendered":"","protected":false},"author":1,"featured_media":0,"parent":319,"menu_order":0,"comment_status":"closed","ping_status":"closed","template":"","meta":[],"_links":{"self":[{"href":"https:\/\/dev.bison.cz\/en\/wp-json\/wp\/v2\/pages\/4306"}],"collection":[{"href":"https:\/\/dev.bison.cz\/en\/wp-json\/wp\/v2\/pages"}],"about":[{"href":"https:\/\/dev.bison.cz\/en\/wp-json\/wp\/v2\/types\/page"}],"author":[{"embeddable":true,"href":"https:\/\/dev.bison.cz\/en\/wp-json\/wp\/v2\/users\/1"}],"replies":[{"embeddable":true,"href":"https:\/\/dev.bison.cz\/en\/wp-json\/wp\/v2\/comments?post=4306"}],"version-history":[{"count":2,"href":"https:\/\/dev.bison.cz\/en\/wp-json\/wp\/v2\/pages\/4306\/revisions"}],"predecessor-version":[{"id":6659,"href":"https:\/\/dev.bison.cz\/en\/wp-json\/wp\/v2\/pages\/4306\/revisions\/6659"}],"up":[{"embeddable":true,"href":"https:\/\/dev.bison.cz\/en\/wp-json\/wp\/v2\/pages\/319"}],"wp:attachment":[{"href":"https:\/\/dev.bison.cz\/en\/wp-json\/wp\/v2\/media?parent=4306"}],"curies":[{"name":"wp","href":"https:\/\/api.w.org\/{rel}","templated":true}]}}