{"id":4268,"date":"2017-10-08T12:26:34","date_gmt":"2017-10-08T11:26:34","guid":{"rendered":"https:\/\/www.dev.bison.cz\/en\/?page_id=4268"},"modified":"2018-03-31T12:42:35","modified_gmt":"2018-03-31T11:42:35","slug":"select-product","status":"publish","type":"page","link":"https:\/\/dev.bison.cz\/en\/sports\/team-equipment\/select-product\/","title":{"rendered":"Select Product"},"content":{"rendered":"<div data-post-id='325' class='insert-page insert-page-325 '>\n<h2>Team equipment<\/h2>\n\n\n<p>Whether having a look at any sport, even though is more self-individualized, as a rule, there is always a team is involved, both directly and indirectly. Team gear is supposed to support team spirit, increase self-confidence and belonging to friends and teammates. Therefore, we offer you a team set, sweatshirt, polo-shirts, underwear, towels, bags, backpacks and stocking caps.<\/p>\n<div id=\"bottom-panel-inner\" class=\"collapseomatic noarrow\">\n<h3>More information<\/h3>\n<p><img src=\"\/en\/wp-content\/themes\/naturespace\/img\/sipku-down-grey.png\" \/><\/p>\n<\/div>\n<div id=\"target-bottom-panel-inner\" class=\"collapseomatic_content hidden-panel\">\n<h3>Team Set<\/h3>\n<p>Team set is produced mostly in the Klasik pattern. Handmade production in the Czech Republic guarantees high-quality processing and hygienic wholesomeness of used materials. Breathable and membrane material Along with this pattern design ensures comfortable feeling when wearing. The set is suitable for both warming up before and after performance and physical load when its functional properties stand out. The main advantage is a possibility of full sublimation printing and thus the perfect alignment with the team jerseys.<\/p>\n<h4>Jacket<\/h4>\n<p>The jacket has a high quality full-length zipper that is covered at the top part. The jacket has two zipped pockets and sleeve cuffs in jacket design colors. The wide rubber band on the bottom of the jacket ensures comfortable wearing. The elegant standing collar then imparts the character to the resulting outfit. A double stitching is then a matter of course.<\/p>\n<h4>Pants<\/h4>\n<p>Pants have anatomically adapted men\u2019s pattern. They have two pockets. Wide waistband with a drawstring is designed for comfortable wearing. Ending of the bottom part of the pants with rubber ban prevents falling. Naturally, it is possible to adjust the length of the pants upon request, or we can finish the pants with a zipper for better dressing.<\/p>\n<p>More information about materials can be found <a href=\"\/en\/information\/materials\/\">here<\/a>. The basic information on the price can be found in the <a href=\"\/en\/sports\/team-equipment\/price-list\/\">price list<\/a>.<\/p>\n<h3>Team Sweatshirt<\/h3>\n<p>The team sweatshirt is designed for sports activities as well as casual wear. Handmade production in the Czech Republic guarantees high-quality processing and hygienic wholesomeness of used materials. Breathable and membrane material along with a possibility to choose from several pattern designs ensures comfortable feeling when wearing. The main advantage is a possibility of full sublimation printing and thus the perfect alignment with the team jerseys. Simply be a team even outside the sports field!<\/p>\n<p>Currently we offer two types of sweatshirts. A PRO sweatshirt (Hoodie) is made of 100% 350gr. PES. This sweatshirt made with hood and full-length zipper, or over-the-head design and without zipper. In the case of a design with hood, side pockets are made, while the front \u201ckangaroo pocket\u201d can be made in case of over-the-head design. A sweatshirt also has a double hood where the inner knit for comfortable wearing<br \/>with effective printing (the use of club logo, for example) is placed. Three-panel hood design guarantees stable maintaining the shape. Hoods can be tightened using the original laces. We will be pleased to supply the end of the sleeves and at the bottom of the sweatshirt with a stretch cuff in the color of the desired design. A double seam stitching is a matter of course. A KLASIK sweatshirt (Hoodie) is made of Trek material (100% PES). Its design in always over-the-head design without zipper. Kangaroo pocket is placed in the front part. Just like a PRO sweatshirt, the sleeve ends and the bottom of the sweatshirt are finished with a stretch cuff in the color of the desired design and double stitching.<\/p>\n<p>More information about materials can be found <a href=\"\/en\/information\/materials\/\">here<\/a>. The basic information on the price can be found in the <a href=\"\/en\/sports\/team-equipment\/price-list\/\">price list<\/a>.<\/p>\n<h3>Team Polo-shirt<\/h3>\n<p>Team polo-shirt is designed for casual wear as well as for sporting activities. Handmade production in the Czech Republic guarantees high-quality processing and hygienic wholesomeness of used materials. Comfortable material provides a comfortable feeling when wearing it. One of the big advantages is the possibility of full sublimation printing and thus perfect alignment with other team clothing. Simply be a team even outside the sports field!<\/p>\n<p>We offer you two polo-shirts &#8211; PRO and CLASSIC. These polo-shirts are manufactured of a PIQUE [PIK\u00c9] 150gr. material. This is a very comfortable material, feeling like cotton. It has excellent absorbent properties and non-shrinking design. The possibility of using sublimation printing on this exclusive material is a novelty. The polo-shirt is designed in POLO pattern with a modern collar, with a reinforced opening and four buttons. Polo-shirts have double seams stitching and the inner seam is covered with a trimming. There is also an impressively printed inner label and an elongated back part. We offer you the opportunity to choose from men\u2019s and women\u2019s pattern design.<\/p>\n<p>More detailed information about materials can be found <a href=\"\/en\/information\/materials\/\">here<\/a>. The basic information on the price can be found in the <a href=\"\/en\/sports\/team-equipment\/price-list\/\">price list<\/a>.<\/p>\n<h3>Team Underwear<\/h3>\n<p>We are introducing DYNAMIC underwear that is designed for people who want something extra. While maintaining all the requirements for the necessary underwear functionality, we offer you the possibility of custom, original design on the underwear. You can have them in any club colors, with a logo of the club, the sponsors or with the name for each player. We will prepare your own design of your underwear in our graphic studio for free! The used material is very comfortable on the body, extremely light and flexible with elastic elongation in all directions. Underwear maintains the necessary micro-climate and the thermal comfort of both at load and relaxation. The material was developed and tested specifically for the possibility of sublimation printing on underwear and is one of the Hi-tech fabrics. High-quality processing and flat design of seams for greater comfort is a matter of course.<\/p>\n<p>We offer variants with long and short sleeves, as well as long and short pants. We offer three printing options: Classic, which prints on the sleeves and collars and sideseam in case of pants. Standard provides a print on sleeves, collar and the front part of the body. In the case of pants, there is again a sideseam. The Pro print variant ensures prints on the entire set, including the rear part. In the case of pants, there is again a sideseam.<\/p>\n<p>More information about materials can be found <a href=\"\/en\/information\/materials\/\">here<\/a>. The basic information on the price can be found in the <a href=\"\/en\/sports\/team-equipment\/price-list\/\">price list<\/a>.<\/p>\n<h3>Team Towels<\/h3>\n<p>Thanks to the sublimation print, you can have completely original team-based towels not only in your colors and with a club logo, but each team member can have their name and number on the towel. Team towels are manufactured of specially prepared microfiber (100% polyester with special hydrophobic fiber treatment), which has a terry finish and which you will only get in our company. It allows full sublimation printing and has a high absorption capacity. A comfortable material of a towel, which is pleasant by touch, ensures maximum comfort when used. Handmade production in the Czech Republic guarantees high-quality processing and hygienic wholesomeness of used materials.<\/p>\n<p>Team towels can be delivered in the dimensions of 90&#215;50 cm or 133&#215;74 cm.<\/p>\n<p>More information about materials can be found <a href=\"\/en\/information\/materials\/\">here<\/a>. The basic information on the price can be found in the <a href=\"\/en\/sports\/team-equipment\/price-list\/\">price list<\/a>.<\/p>\n<h3>Team Bags<\/h3>\n<p>We introduce you team bags in modern pattern design with the possibility of your own, original design. Team bag is very spacious, has a solid construction and durable bone zippers. The material used is of high quality, the bottom of the bag is additionally reinforced. The bag has comfortable access thanks to the large top opening. The bag also has side zipper pockets and front pockets for example for skates. In the indicated parts of the bag, it is possible to prepare a print of your own design, including the different names and numbers of the individual players. Handmade production in the Czech Republic guarantees high-quality processing.<\/p>\n<p>Bags are delivered in the dimensions (length\/width\/height) 90x40x50 (Junior), 98x48x57 cm (Senior) and 115x48x57 cm (Goal).<\/p>\n<p>More information about materials can be found <a href=\"\/en\/information\/materials\/\">here<\/a>. The basic information on the price can be found in the <a href=\"\/en\/sports\/team-equipment\/price-list\/\">price list<\/a>.<\/p>\n<h3>Team Backpacks<\/h3>\n<p>The team backpacks with a drawstring is ideal for carrying lightweight sports gear, sweatshirts, t-shirts, jerseys, shoes and slippers. Reflective strips are used at the corners and reinforcing rings are used at the points of passage of the drawstrings to provide the necessary durability. An internal pocket with a zipper is available at an additional surcharge. The Bison backpacks can be prepared in the original team design of the club, team, jogging team or just a group of friends. The possibility of full sublimation printing offers originality each contract, including different names on individual backpacks. Handmade production in the Czech Republic ensures high-quality processing. The basic dimensions are 34&#215;45 cm (Junior), 42&#215;50 cm (Senior) and 42&#215;60 cm (Big).<\/p>\n<p>More information about materials can be found <a href=\"\/en\/information\/materials\/\">here<\/a>. The basic information on the price can be found in the <a href=\"\/en\/sports\/team-equipment\/price-list\/\">price list<\/a>.<\/p>\n<h3>Team Stocking Caps<\/h3>\n<p>We offer you sublimation winter hats- stocking caps &#8211; that are effective and comfortable at the same time. Caps are manufactured in six-panel pattern, which makes the caps fit perfectly on the head. Double-layer design then provides the thermal comfort. The outer layer allows for full sublimation printing and guarantees an impressive look. The inner layer is manufactured of special material that maintains the thermal comfort. The two layers are breathable and allow the use both for casual wear and sports wear. It is possible to prepare the Bison stocking caps in the original team design of the club, team, jogging team or just a group of friends. The possibility of full sublimation printing offers originality of each contract, including different names on the Individual caps. Handmade production in the Czech Republic guarantees high-quality processing. The possible dimensions (perimeters) of the caps are as follows: Kid \u2013 50 cm, Boy \u2013 52 cm, Junior \u2013 54 cm, Senior \u2013 56 cm.<\/p>\n<p>More information about materials can be found <a href=\"\/en\/information\/materials\/\">here<\/a>. The basic information on the price can be found in the <a href=\"\/en\/sports\/team-equipment\/price-list\/\">price list<\/a>.<\/p>\n<h3>Softshell bunda<\/h3>\n<p><strong>Bunda SOFTSHELL<\/strong> je vyrobena z nejkvalitn\u011bj\u0161\u00edho, t\u0159\u00edvrstv\u00e9ho materi\u00e1lu s <strong>membr\u00e1nou Tek-Series<\/strong>, kter\u00e1 je <strong>v\u011btru odoln\u00e1 <\/strong>a<strong> vysoce prody\u0161n\u00e1<\/strong>. Materi\u00e1l je velmi p\u0159\u00edjemn\u00fd p\u0159i no\u0161en\u00ed, m\u011bkk\u00fd, tepl\u00fd, lehk\u00fd a elastick\u00fd. Dok\u00e1\u017ee kombinovat <strong>nepromokavost, tepelnou odolnost, v\u011btruvzdornost <\/strong>a<strong> prody\u0161nost<\/strong>.<\/p>\n<p>Parametry membr\u00e1ny:<br \/>Vodn\u00ed sloupec &gt; 10 000 mm (metoda UNI 5122)<br \/>Prody\u0161nost &gt; 11 000 g\/qm\/24hod (metoda ASTM\/E96BW)<\/p>\n<p>Proveden\u00ed <strong>softshell bundy<\/strong>: P\u00e1nsk\u00fd nebo d\u00e1msky st\u0159ih, dv\u011b p\u0159edn\u00ed kapsy, n\u00e1prsn\u00ed kapsa, kapuce, komfortn\u00ed man\u017eety v ruk\u00e1vech. Jednoru\u010dn\u00ed stahov\u00e1n\u00ed v pase pru\u017en\u00fdm lankem. Rub <strong>softshellov\u00e9 bundy<\/strong> je b\u00edl\u00fd.<br \/>Proveden\u00ed ve dvou variant\u00e1ch &#8211; stoj\u00e1\u010dek nebo kapuce. Vnit\u0159ek kapuce m\u016f\u017ee b\u00fdt poti\u0161t\u011bn dle Va\u0161ich p\u0159edstav.<br \/><strong>Softshellov\u00e1 bunda<\/strong> umo\u017e\u0148uje pln\u00fd <strong>sublima\u010dn\u00ed potisk<\/strong> v cel\u00e9 plo\u0161e. M\u016f\u017eete ji m\u00edt ve sv\u00e9m, <strong>origin\u00e1ln\u00edm klubov\u00e9m designu<\/strong>, na kter\u00e9m vynikne <strong>n\u00e1padit\u00e1 grafika<\/strong> v cel\u00e9m rozsahu. Nab\u00edz\u00edme tak\u00e9 potisk reflexn\u00edmi <strong>FLUO barvami<\/strong>.<\/p>\n<h3>Kl\u00ed\u010denka &#8211; Lanyard<\/h3>\n<p>Obl\u00edben\u00fd t\u00fdmov\u00fd &#8211; <strong>fan produk<\/strong>t s mo\u017enost\u00ed vlastn\u00edho designu.<br \/><strong>Kl\u00ed\u010denka<\/strong> je dopln\u011bn\u00e1 plastov\u00fdm klipem, karabinkou a \u0161\u0148\u016frkou na mobil.<br \/>P\u0159\u00edjemn\u00fd a z\u00e1rove\u0148 pevn\u00fd materi\u00e1l je vhodn\u00fd pro ka\u017edodenn\u00ed pou\u017eit\u00ed.<br \/>Rozm\u011bry: \u0161\u00ed\u0159ka 2cm, d\u00e9lka 52cm.<\/p>\n<h3>Vlastn\u00ed n\u00e1vrh<\/h3>\n<p>Pokud si nevyberete \u017e\u00e1dn\u00fd model <strong>dresu nebo t\u00fdmov\u00e9ho oble\u010den\u00ed<\/strong> z na\u0161\u00ed nab\u00eddky, nebo po\u017eadujete <strong>dresy<\/strong> v origin\u00e1ln\u00edm designu,m\u016f\u017eeme v na\u0161em grafick\u00e9m studiu spole\u010dn\u011b s v\u00e1mi vytvo\u0159it <strong>sportovn\u00ed t\u00fdmov\u00e9 oble\u010den\u00ed<\/strong> podle va\u0161ich p\u0159edstav. <strong>P\u0159\u00edprava grafick\u00e9ho n\u00e1vrhu je zdarma.<\/strong> Samotn\u00e1 v\u00fdroba\u00a0<strong>sportovn\u00edho oble\u010den\u00ed<\/strong> se v\u017edy uskute\u010dn\u00ed a\u017e po odsouhlasen\u00ed vzork\u016f nebo tiskov\u00fdch n\u00e1hled\u016f.<\/p>\n<\/div>\n\n\n\n\n\r\n<div id=\"sport-squares\">\r\n                <div>\r\n\t\t\t\t\t<img src=\"\/en\/wp-content\/themes\/naturespace\/img\/squares\/fotogalerie-dresu.jpg\" \/>\r\n\t\t\t\t\t<a href=\"\/en\/sports\/wp-json\/photogallery-of-clothes\/\">Photogallery of jerseys<\/a>\r\n                <\/div>\r\n\r\n                <div>\r\n                    <img src=\"\/en\/wp-content\/themes\/naturespace\/img\/squares\/fotogalerie-tymu.jpg\" \/>\r\n\t\t\t\t\t<a href=\"\/en\/sports\/wp-json\/photogallery-of-teams\/\">Photogallery of teams<\/a>\r\n                <\/div>               \r\n\r\n\t\t\t\t<div>\r\n                    <img src=\"\/en\/wp-content\/themes\/naturespace\/img\/squares\/galerie-grafiky.jpg\" \/>\r\n\t\t\t\t\t<a href=\"\/en\/sports\/wp-json\/gallery-of-graphics\/\">Gallery of graphics<\/a>\r\n                <\/div>\r\n\t\r\n                <div style=\"margin-right: 0px; float: right;\">\r\n                    <img src=\"\/en\/wp-content\/themes\/naturespace\/img\/squares\/designova-inspirace.jpg\" \/>\r\n\t\t\t\t\t<a href=\"\/en\/sports\/wp-json\/designs-inspiration\/\">Designs inspiration<\/a>\r\n                <\/div>\r\n<\/div>\r\n<div style=\"clear: both;\"><\/div>\r\n\r\n\n<\/div>\n","protected":false},"excerpt":{"rendered":"","protected":false},"author":1,"featured_media":0,"parent":325,"menu_order":0,"comment_status":"closed","ping_status":"closed","template":"","meta":[],"_links":{"self":[{"href":"https:\/\/dev.bison.cz\/en\/wp-json\/wp\/v2\/pages\/4268"}],"collection":[{"href":"https:\/\/dev.bison.cz\/en\/wp-json\/wp\/v2\/pages"}],"about":[{"href":"https:\/\/dev.bison.cz\/en\/wp-json\/wp\/v2\/types\/page"}],"author":[{"embeddable":true,"href":"https:\/\/dev.bison.cz\/en\/wp-json\/wp\/v2\/users\/1"}],"replies":[{"embeddable":true,"href":"https:\/\/dev.bison.cz\/en\/wp-json\/wp\/v2\/comments?post=4268"}],"version-history":[{"count":2,"href":"https:\/\/dev.bison.cz\/en\/wp-json\/wp\/v2\/pages\/4268\/revisions"}],"predecessor-version":[{"id":6758,"href":"https:\/\/dev.bison.cz\/en\/wp-json\/wp\/v2\/pages\/4268\/revisions\/6758"}],"up":[{"embeddable":true,"href":"https:\/\/dev.bison.cz\/en\/wp-json\/wp\/v2\/pages\/325"}],"wp:attachment":[{"href":"https:\/\/dev.bison.cz\/en\/wp-json\/wp\/v2\/media?parent=4268"}],"curies":[{"name":"wp","href":"https:\/\/api.w.org\/{rel}","templated":true}]}}