{"id":4227,"date":"2017-10-08T11:24:38","date_gmt":"2017-10-08T10:24:38","guid":{"rendered":"https:\/\/www.dev.bison.cz\/en\/?page_id=4227"},"modified":"2018-03-11T19:50:52","modified_gmt":"2018-03-11T18:50:52","slug":"product-choose","status":"publish","type":"page","link":"https:\/\/dev.bison.cz\/en\/sports\/american-football\/product-choose\/","title":{"rendered":"Create design"},"content":{"rendered":"<div data-post-id='112' class='insert-page insert-page-112 '>\n<h2>American Football<\/h2>\n\n\n<p>Similarly as rugby, American Football puts great demands not only on the physical and psychological preparation of female and male players, but also the jerseys have to handle graceless treatment. It has to withstand excessive stress but at the same time be comfortable and functional.<\/p>\n<div id=\"bottom-panel-inner\" class=\"collapseomatic noarrow\">\n<h3>More information<\/h3>\n<p><img src=\"\/en\/wp-content\/themes\/naturespace\/img\/sipku-down-grey.png\" \/><\/p>\n<\/div>\n<div id=\"target-bottom-panel-inner\" class=\"collapseomatic_content hidden-panel\">\n<h3>Jersey for American Football<\/h3>\n<p>In the manufacture of jerseys to American football, we use original materials that allow us to achieve the same quality as those made overseas. They are very durable, flexible and pleasant materials manufactured specially for this sport. We produce jerseys for American football in three designs: KLASIK, PRO, STAR. For juniors, we also offer FLAG jerseys &#8211; jerseys adjusted in pattern in raglan design. The STAR design has a new jersey pattern. It is an innovative and technically elaborated model of the jersey. The sleeve fixation solution is also interesting. Also, the length of the sleeves is tailored according to the latest trends. The finish of the back part of the jersey, the side part of the jersey and the connection of the front and side part of the jersey are also innovatively developed.<\/p>\n<p>More information about materials can be found <a href=\"\/en\/information\/materials\/\">here<\/a>. The size can be determined using our <a href=\"\/en\/sports\/american-football\/size-tables\/\">size tables<\/a>. And the price? Basic information can be found in <a href=\"\/en\/sports\/american-football\/price-list\/\">price list<\/a>.<\/p>\n<h3>Pants for American Football<\/h3>\n<p>Pants for American football provide maximum durability, professional appearance and especially comfort for male and female players. Pants are manufactured in a special pattern that provides a feeling of complete freedom. They are manufactured from 100% polyester, which is a lightweight, elastic, air permeable and has an extraordinary strength. All seams are double quilted by a special stitch using two-core threads. A broad elastic band is used at the waist, which in combination with the belt, allows perfect fixation on the body. The front part is without the lacing. The end of the pants is secured with elastic band under the knee. The pants have standard internal pockets for knee and thigh pads. We supply pants without pads due to individual requirements on pads.<\/p>\n<p>American football pants can be printed with a sublime print by design according to your wishes.<\/p>\n<p>More information about materials can be found <a href=\"\/en\/information\/materials\/\">here<\/a>. The size can be determined using our <a href=\"\/en\/sports\/american-football\/size-tables\/\">size tables<\/a>. And the price? Basic information can be found in <a href=\"\/en\/sports\/american-football\/price-list\/\">price list<\/a>.<\/p>\n<h3>Vlastn\u00ed n\u00e1vrh<\/h3>\n<p>Pokud si nevyberete \u017e\u00e1dn\u00fd model <strong>dresu<\/strong> z na\u0161\u00ed nab\u00eddky, nebo po\u017eadujete <strong>dresy<\/strong> v origin\u00e1ln\u00edm designu,m\u016f\u017eeme v na\u0161em grafick\u00e9m studiu spole\u010dn\u011b s v\u00e1mi vytvo\u0159it\u00a0 <strong>origin\u00e1ln\u00ed<\/strong> dresy podle va\u0161ich p\u0159edstav. <strong>P\u0159\u00edprava grafick\u00e9ho n\u00e1vrhu je zdarma.<\/strong> Samostatn\u00e1 v\u00fdroba se v\u017edy uskute\u010dn\u00ed a\u017e po odsouhlasen\u00ed vzork\u016f nebo tiskov\u00fdch n\u00e1hled\u016f. V p\u0159\u00edpad\u011b ztr\u00e1ty nebo zni\u010den\u00ed va\u0161ich sou\u010dasn\u00fdch <strong>dres\u016f<\/strong> v\u00e1m r\u00e1di zkompletujeme ne\u00fapln\u00e9 sady zhotoven\u00edm podobn\u00fdch <strong>dres\u016f<\/strong> tak, abyste i nad\u00e1le mohli tyto <strong>dresy<\/strong> pou\u017e\u00edvat.<\/p>\n<\/div>\n\n\n\n\n\r\n<div id=\"sport-squares\">\r\n                <div>\r\n\t\t\t\t\t<img src=\"\/en\/wp-content\/themes\/naturespace\/img\/squares\/fotogalerie-dresu.jpg\" \/>\r\n\t\t\t\t\t<a href=\"\/en\/sports\/wp-json\/photogallery-of-clothes\/\">Photogallery of jerseys<\/a>\r\n                <\/div>\r\n\r\n                <div>\r\n                    <img src=\"\/en\/wp-content\/themes\/naturespace\/img\/squares\/fotogalerie-tymu.jpg\" \/>\r\n\t\t\t\t\t<a href=\"\/en\/sports\/wp-json\/photogallery-of-teams\/\">Photogallery of teams<\/a>\r\n                <\/div>               \r\n\r\n\t\t\t\t<div>\r\n                    <img src=\"\/en\/wp-content\/themes\/naturespace\/img\/squares\/galerie-grafiky.jpg\" \/>\r\n\t\t\t\t\t<a href=\"\/en\/sports\/wp-json\/gallery-of-graphics\/\">Gallery of graphics<\/a>\r\n                <\/div>\r\n\t\r\n                <div style=\"margin-right: 0px; float: right;\">\r\n                    <img src=\"\/en\/wp-content\/themes\/naturespace\/img\/squares\/designova-inspirace.jpg\" \/>\r\n\t\t\t\t\t<a href=\"\/en\/sports\/wp-json\/designs-inspiration\/\">Designs inspiration<\/a>\r\n                <\/div>\r\n<\/div>\r\n<div style=\"clear: both;\"><\/div>\r\n\r\n\n<\/div>\n","protected":false},"excerpt":{"rendered":"","protected":false},"author":1,"featured_media":0,"parent":112,"menu_order":0,"comment_status":"closed","ping_status":"closed","template":"","meta":[],"_links":{"self":[{"href":"https:\/\/dev.bison.cz\/en\/wp-json\/wp\/v2\/pages\/4227"}],"collection":[{"href":"https:\/\/dev.bison.cz\/en\/wp-json\/wp\/v2\/pages"}],"about":[{"href":"https:\/\/dev.bison.cz\/en\/wp-json\/wp\/v2\/types\/page"}],"author":[{"embeddable":true,"href":"https:\/\/dev.bison.cz\/en\/wp-json\/wp\/v2\/users\/1"}],"replies":[{"embeddable":true,"href":"https:\/\/dev.bison.cz\/en\/wp-json\/wp\/v2\/comments?post=4227"}],"version-history":[{"count":2,"href":"https:\/\/dev.bison.cz\/en\/wp-json\/wp\/v2\/pages\/4227\/revisions"}],"predecessor-version":[{"id":6380,"href":"https:\/\/dev.bison.cz\/en\/wp-json\/wp\/v2\/pages\/4227\/revisions\/6380"}],"up":[{"embeddable":true,"href":"https:\/\/dev.bison.cz\/en\/wp-json\/wp\/v2\/pages\/112"}],"wp:attachment":[{"href":"https:\/\/dev.bison.cz\/en\/wp-json\/wp\/v2\/media?parent=4227"}],"curies":[{"name":"wp","href":"https:\/\/api.w.org\/{rel}","templated":true}]}}