{"id":4120,"date":"2017-09-18T10:37:45","date_gmt":"2017-09-18T09:37:45","guid":{"rendered":"https:\/\/www.dev.bison.cz\/en\/?page_id=4120"},"modified":"2020-01-15T10:59:39","modified_gmt":"2020-01-15T09:59:39","slug":"keychains","status":"publish","type":"page","link":"https:\/\/dev.bison.cz\/en\/sports\/team-equipment\/keychains\/","title":{"rendered":"Keychains"},"content":{"rendered":"\n<h2>Kl\u00ed\u010denky &#8211; Lanyard<\/h2>\n\n\n\n<div class=\"wp-block-columns has-2-columns\">\n<div class=\"wp-block-column\">\n<figure class=\"wp-block-image\"><img width=\"701\" height=\"570\" src=\"https:\/\/www.dev.bison.cz\/en\/wp-content\/uploads\/2017\/09\/FAN-PREDMETY_KLICENKA_1KROK.png\" alt=\"\" class=\"wp-image-4116\" srcset=\"https:\/\/dev.bison.cz\/en\/wp-content\/uploads\/2017\/09\/FAN-PREDMETY_KLICENKA_1KROK.png 701w, https:\/\/dev.bison.cz\/en\/wp-content\/uploads\/2017\/09\/FAN-PREDMETY_KLICENKA_1KROK-300x244.png 300w\" sizes=\"(max-width: 701px) 100vw, 701px\" \/><\/figure>\n<\/div>\n\n\n\n<div class=\"wp-block-column\">\n<p><strong>P\u0159iprav\u00edme v\u00e1m origin\u00e1ln\u00ed design p\u0159esn\u011b podle va\u0161ich po\u017eadavk\u016f.<\/strong><\/p>\n\n\n\n<p>Obl\u00edben\u00fd t\u00fdmov\u00fd \u2013 fan produkt s mo\u017enost\u00ed vlastn\u00edho designu.<\/p>\n\n\n\n<p>Kl\u00ed\u010denka je dopln\u011bn\u00e1 plastov\u00fdm klipem, karabinkou a \u0161\u0148\u016frkou na mobil.<\/p>\n\n\n\n<p>P\u0159\u00edjemn\u00fd a z\u00e1rove\u0148 pevn\u00fd materi\u00e1l je vhodn\u00fd pro ka\u017edodenn\u00ed pou\u017eit\u00ed.<\/p>\n\n\n\n<p>Rozm\u011bry: \u0161\u00ed\u0159ka 2cm, d\u00e9lka 52cm.<\/p>\n<\/div>\n<\/div>\n\n\n\n<hr class=\"wp-block-separator\"\/>\n\n\n\n<p class=\"krok-zpet\"><a href=\"\/en\/sports\/team-equipment\">Back<\/a><\/p>\n","protected":false},"excerpt":{"rendered":"<p>Kl\u00ed\u010denky &#8211; Lanyard P\u0159iprav\u00edme v\u00e1m origin\u00e1ln\u00ed design p\u0159esn\u011b podle va\u0161ich po\u017eadavk\u016f. Obl\u00edben\u00fd t\u00fdmov\u00fd \u2013 fan produkt s mo\u017enost\u00ed vlastn\u00edho designu. Kl\u00ed\u010denka je dopln\u011bn\u00e1 plastov\u00fdm klipem, karabinkou a \u0161\u0148\u016frkou na mobil. P\u0159\u00edjemn\u00fd a z\u00e1rove\u0148 pevn\u00fd materi\u00e1l je vhodn\u00fd pro ka\u017edodenn\u00ed pou\u017eit\u00ed.&hellip; <br \/><a class=\"read-more-button\" href=\"https:\/\/dev.bison.cz\/en\/sports\/team-equipment\/keychains\/\">Read more<\/a><\/p>\n","protected":false},"author":1,"featured_media":0,"parent":325,"menu_order":0,"comment_status":"closed","ping_status":"closed","template":"","meta":[],"_links":{"self":[{"href":"https:\/\/dev.bison.cz\/en\/wp-json\/wp\/v2\/pages\/4120"}],"collection":[{"href":"https:\/\/dev.bison.cz\/en\/wp-json\/wp\/v2\/pages"}],"about":[{"href":"https:\/\/dev.bison.cz\/en\/wp-json\/wp\/v2\/types\/page"}],"author":[{"embeddable":true,"href":"https:\/\/dev.bison.cz\/en\/wp-json\/wp\/v2\/users\/1"}],"replies":[{"embeddable":true,"href":"https:\/\/dev.bison.cz\/en\/wp-json\/wp\/v2\/comments?post=4120"}],"version-history":[{"count":5,"href":"https:\/\/dev.bison.cz\/en\/wp-json\/wp\/v2\/pages\/4120\/revisions"}],"predecessor-version":[{"id":8513,"href":"https:\/\/dev.bison.cz\/en\/wp-json\/wp\/v2\/pages\/4120\/revisions\/8513"}],"up":[{"embeddable":true,"href":"https:\/\/dev.bison.cz\/en\/wp-json\/wp\/v2\/pages\/325"}],"wp:attachment":[{"href":"https:\/\/dev.bison.cz\/en\/wp-json\/wp\/v2\/media?parent=4120"}],"curies":[{"name":"wp","href":"https:\/\/api.w.org\/{rel}","templated":true}]}}