{"id":3694,"date":"2017-08-07T16:47:44","date_gmt":"2017-08-07T15:47:44","guid":{"rendered":"https:\/\/www.dev.bison.cz\/en\/?page_id=3694"},"modified":"2019-05-30T12:35:14","modified_gmt":"2019-05-30T11:35:14","slug":"shorts-pants-skirts","status":"publish","type":"page","link":"https:\/\/dev.bison.cz\/en\/information\/templates\/shorts-pants-skirts\/","title":{"rendered":"Templates &#8211; Shorts, pants, skirts"},"content":{"rendered":"<h2>Templates &#8211; Shorts, pants, skirts<\/h2>\n<p>N\u00ed\u017ee uveden\u00e9 \u0161ablony m\u016f\u017eete vyu\u017e\u00edt k n\u00e1kresu po\u017eadovan\u00e9ho rozm\u00edst\u011bn\u00ed log a n\u00e1pis\u016f na dresy.<a class=\"back-link\" style=\"position: relative; float: right;\" href=\"\/en\/information\/templates\/\">Back<\/a><\/p>\n<ul>\n<li><a href=\"https:\/\/www.bison.cz\/wp-content\/uploads\/2019\/05\/americk\u00fd-fotbal-kalhoty.pdf\">Americk\u00fd fotbal kalhoty<\/a><\/li>\n<li><a href=\"https:\/\/www.bison.cz\/wp-content\/uploads\/2019\/05\/cyklo-kalhoty-podkova-beze-\u0161l\u00ed.pdf\">Cyklo kalhoty podkova beze \u0161l\u00ed<\/a><\/li>\n<li><a href=\"https:\/\/www.bison.cz\/wp-content\/uploads\/2019\/05\/cyklo-kalhoty-podkova.pdf\">Cyklo kalhoty podkova<\/a><\/li>\n<li><a href=\"https:\/\/www.bison.cz\/wp-content\/uploads\/2019\/05\/florbalov\u00e1-sukn\u011b.pdf\">Florbalov\u00e1 sukn\u011b<\/a><\/li>\n<li><a href=\"https:\/\/www.bison.cz\/wp-content\/uploads\/2019\/05\/golf-sukn\u011b.pdf\">Golf sukn\u011b<\/a><\/li>\n<li><a href=\"https:\/\/www.bison.cz\/wp-content\/uploads\/2019\/05\/hokej-n\u00e1vleky.pdf\">Hokej n\u00e1vleky<\/a><\/li>\n<li><a href=\"https:\/\/www.bison.cz\/wp-content\/uploads\/2019\/05\/in-line-kalhoty.pdf\">In-line kalhoty<\/a><\/li>\n<li><a href=\"https:\/\/www.bison.cz\/wp-content\/uploads\/2019\/05\/kalhoty-elastick\u00e9-d\u00e1msk\u00e9.pdf\">Kalhoty elastick\u00e9 d\u00e1msk\u00e9<\/a><\/li>\n<li><a href=\"https:\/\/www.bison.cz\/wp-content\/uploads\/2019\/05\/kalhoty-elastick\u00e9-p\u00e1nsk\u00e9.pdf\">Kalhoty elastick\u00e9 p\u00e1nsk\u00e9<\/a><\/li>\n<li><a href=\"https:\/\/www.bison.cz\/wp-content\/uploads\/2019\/05\/kalhoty-voln\u00e9-d\u00e1msk\u00e9.pdf\">Kalhoty voln\u00e9 d\u00e1msk\u00e9<\/a><\/li>\n<li><a href=\"https:\/\/www.bison.cz\/wp-content\/uploads\/2019\/05\/kalhoty-voln\u00e9-p\u00e1nsk\u00e9.pdf\">Kalhoty voln\u00e9 p\u00e1nsk\u00e9<\/a><\/li>\n<li><a href=\"https:\/\/www.bison.cz\/wp-content\/uploads\/2019\/05\/tepl\u00e1ky-sport.pdf\">Tepl\u00e1ky sport<\/a><\/li>\n<li><a href=\"https:\/\/www.bison.cz\/wp-content\/uploads\/2019\/05\/tepl\u00e1ky.pdf\">Tepl\u00e1ky<\/a><\/li>\n<li><a href=\"https:\/\/www.bison.cz\/wp-content\/uploads\/2019\/05\/tren\u00fdrky-atletika-d\u00e1msk\u00e9.pdf\">Tren\u00fdrky atletika d\u00e1msk\u00e9<\/a><\/li>\n<li><a href=\"https:\/\/www.bison.cz\/wp-content\/uploads\/2019\/05\/tren\u00fdrky-atletika-p\u00e1nsk\u00e9.pdf\">Tren\u00fdrky atletika p\u00e1nsk\u00e9<\/a><\/li>\n<li><a href=\"https:\/\/www.bison.cz\/wp-content\/uploads\/2019\/05\/tren\u00fdrky-basket-p\u00e1nsk\u00e9.pdf\">Tren\u00fdrky basket p\u00e1nsk\u00e9<\/a><\/li>\n<li><a href=\"https:\/\/www.bison.cz\/wp-content\/uploads\/2019\/05\/tren\u00fdrky-basket-d\u00e1msk\u00e9.pdf\">Tren\u00fdrky basket d\u00e1msk\u00e9<\/a><\/li>\n<li><a href=\"https:\/\/www.bison.cz\/wp-content\/uploads\/2019\/05\/tren\u00fdrky-fotbal-d\u00e1msk\u00e9.pdf\">Tren\u00fdrky fotbal d\u00e1msk\u00e9<\/a><\/li>\n<li><a href=\"https:\/\/www.bison.cz\/wp-content\/uploads\/2019\/05\/tren\u00fdrky-fotbal-p\u00e1nsk\u00e9.pdf\">Tren\u00fdrky fotbal p\u00e1nsk\u00e9<\/a><\/li>\n<li><a href=\"https:\/\/www.bison.cz\/wp-content\/uploads\/2019\/05\/tren\u00fdrky-h\u00e1zen\u00e1-volejbal-d\u00e1msk\u00e9.pdf\">Tren\u00fdrky h\u00e1zen\u00e1-volejbal d\u00e1msk\u00e9<\/a><\/li>\n<li><a href=\"https:\/\/www.bison.cz\/wp-content\/uploads\/2019\/05\/tren\u00fdrky-rugby.pdf\">Tren\u00fdrky rugby<\/a><\/li>\n<\/ul>\n","protected":false},"excerpt":{"rendered":"<p>Templates &#8211; Shorts, pants, skirts N\u00ed\u017ee uveden\u00e9 \u0161ablony m\u016f\u017eete vyu\u017e\u00edt k n\u00e1kresu po\u017eadovan\u00e9ho rozm\u00edst\u011bn\u00ed log a n\u00e1pis\u016f na dresy.Back Americk\u00fd fotbal kalhoty Cyklo kalhoty podkova beze \u0161l\u00ed Cyklo kalhoty podkova Florbalov\u00e1 sukn\u011b Golf sukn\u011b Hokej n\u00e1vleky In-line kalhoty Kalhoty elastick\u00e9&hellip; <br \/><a class=\"read-more-button\" href=\"https:\/\/dev.bison.cz\/en\/information\/templates\/shorts-pants-skirts\/\">Read more<\/a><\/p>\n","protected":false},"author":1,"featured_media":0,"parent":20,"menu_order":0,"comment_status":"closed","ping_status":"closed","template":"","meta":[],"_links":{"self":[{"href":"https:\/\/dev.bison.cz\/en\/wp-json\/wp\/v2\/pages\/3694"}],"collection":[{"href":"https:\/\/dev.bison.cz\/en\/wp-json\/wp\/v2\/pages"}],"about":[{"href":"https:\/\/dev.bison.cz\/en\/wp-json\/wp\/v2\/types\/page"}],"author":[{"embeddable":true,"href":"https:\/\/dev.bison.cz\/en\/wp-json\/wp\/v2\/users\/1"}],"replies":[{"embeddable":true,"href":"https:\/\/dev.bison.cz\/en\/wp-json\/wp\/v2\/comments?post=3694"}],"version-history":[{"count":6,"href":"https:\/\/dev.bison.cz\/en\/wp-json\/wp\/v2\/pages\/3694\/revisions"}],"predecessor-version":[{"id":7781,"href":"https:\/\/dev.bison.cz\/en\/wp-json\/wp\/v2\/pages\/3694\/revisions\/7781"}],"up":[{"embeddable":true,"href":"https:\/\/dev.bison.cz\/en\/wp-json\/wp\/v2\/pages\/20"}],"wp:attachment":[{"href":"https:\/\/dev.bison.cz\/en\/wp-json\/wp\/v2\/media?parent=3694"}],"curies":[{"name":"wp","href":"https:\/\/api.w.org\/{rel}","templated":true}]}}