{"id":3575,"date":"2017-08-01T13:46:33","date_gmt":"2017-08-01T12:46:33","guid":{"rendered":"https:\/\/www.dev.bison.cz\/en\/?page_id=3575"},"modified":"2020-01-15T12:16:13","modified_gmt":"2020-01-15T11:16:13","slug":"cycling-pants","status":"publish","type":"page","link":"https:\/\/dev.bison.cz\/en\/sports\/cycling-sports\/cycling-pants\/","title":{"rendered":"Cycling pants"},"content":{"rendered":"\n<h2>Cyklistick\u00e9 kalhoty<\/h2>\n\n\n\n<div class=\"wp-block-columns has-2-columns\">\n<div class=\"wp-block-column\">\n<figure class=\"wp-block-image\"><img width=\"701\" height=\"570\" src=\"https:\/\/www.dev.bison.cz\/en\/wp-content\/uploads\/2017\/08\/CYKLO_CYKLISTICKE-KALHOTY_1KROK.png\" alt=\"\" class=\"wp-image-3576\" srcset=\"https:\/\/dev.bison.cz\/en\/wp-content\/uploads\/2017\/08\/CYKLO_CYKLISTICKE-KALHOTY_1KROK.png 701w, https:\/\/dev.bison.cz\/en\/wp-content\/uploads\/2017\/08\/CYKLO_CYKLISTICKE-KALHOTY_1KROK-300x244.png 300w\" sizes=\"(max-width: 701px) 100vw, 701px\" \/><\/figure>\n<\/div>\n\n\n\n<div class=\"wp-block-column\">\n<p><strong>Zobrazen\u00e9 designy jsou pouze informativn\u00ed. P\u0159iprav\u00edme v\u00e1m origin\u00e1ln\u00ed design p\u0159esn\u011b podle va\u0161ich po\u017eadavk\u016f.<\/strong><\/p>\n\n\n\n<p>R\u00e1di jezd\u00edte na kole? Pokud ano, tak V\u00e1m jist\u011b p\u0159ijdou vhod kr\u00e1tk\u00e9 cyklistick\u00e9 kalhoty se \u0161lemi. V na\u0161\u00ed nab\u00eddce najdete dva druhy st\u0159ihu s mo\u017enost\u00ed potisku dle Va\u0161eho p\u0159\u00e1n\u00ed. Anatomick\u00fd propracovan\u00e9 st\u0159ihy uspokoj\u00ed pot\u0159eby v\u0161ech n\u00e1ro\u010dn\u00fdch cyklist\u016f. Nohavice jsou zakon\u010den\u00fd kvalitn\u00ed protiskluzovou gumou, kter\u00e1 fixuje kalhoty v pot\u0159ebn\u00e9 poloze. S\u00ed\u0165ovina v horn\u00ed \u010d\u00e1sti kalhot usnad\u0148uje odvod potu. Velk\u00fd d\u016fraz klademe na pou\u017e\u00edvan\u00e9 vlo\u017eky. Pou\u017e\u00edv\u00e1me pouze vysoce kvalitn\u00ed, antibakteri\u00e1ln\u00ed vlo\u017eky, kter\u00e9 maj\u00ed vynikaj\u00edc\u00ed hygienick\u00e9 vlastnosti. Poskytuj\u00ed maxim\u00e1ln\u00ed pohodl\u00ed, eliminuj\u00ed podr\u00e1\u017ed\u011bn\u00ed a zabra\u0148uj\u00ed negativn\u00edm ko\u017en\u00edm projev\u016fm.<\/p>\n\n\n\n<p>Z\u00e1kladn\u00ed velikosti vest si ur\u010dete pomoc\u00ed <a href=\"\/en\/sports\/cycling-sports\/size-tables\/\">size tables<\/a>. Podrobn\u011bj\u0161\u00ed informace o materi\u00e1lu naleznete <a href=\"\/en\/information\/materials\/\">here<\/a>. Informace o cen\u011b naleznete v <a href=\"\/en\/sports\/cycling-sports\/price-list\/\">price list<\/a>.<\/p>\n<\/div>\n<\/div>\n\n\n\n<hr class=\"wp-block-separator\"\/>\n\n\n\n<p class=\"krok-zpet\"><a href=\"\/en\/sports\/cycling\">Back<\/a><\/p>\n","protected":false},"excerpt":{"rendered":"<p>Cyklistick\u00e9 kalhoty Zobrazen\u00e9 designy jsou pouze informativn\u00ed. P\u0159iprav\u00edme v\u00e1m origin\u00e1ln\u00ed design p\u0159esn\u011b podle va\u0161ich po\u017eadavk\u016f. R\u00e1di jezd\u00edte na kole? Pokud ano, tak V\u00e1m jist\u011b p\u0159ijdou vhod kr\u00e1tk\u00e9 cyklistick\u00e9 kalhoty se \u0161lemi. V na\u0161\u00ed nab\u00eddce najdete dva druhy st\u0159ihu s mo\u017enost\u00ed&hellip; <br \/><a class=\"read-more-button\" href=\"https:\/\/dev.bison.cz\/en\/sports\/cycling-sports\/cycling-pants\/\">Read more<\/a><\/p>\n","protected":false},"author":1,"featured_media":0,"parent":134,"menu_order":0,"comment_status":"closed","ping_status":"closed","template":"","meta":[],"_links":{"self":[{"href":"https:\/\/dev.bison.cz\/en\/wp-json\/wp\/v2\/pages\/3575"}],"collection":[{"href":"https:\/\/dev.bison.cz\/en\/wp-json\/wp\/v2\/pages"}],"about":[{"href":"https:\/\/dev.bison.cz\/en\/wp-json\/wp\/v2\/types\/page"}],"author":[{"embeddable":true,"href":"https:\/\/dev.bison.cz\/en\/wp-json\/wp\/v2\/users\/1"}],"replies":[{"embeddable":true,"href":"https:\/\/dev.bison.cz\/en\/wp-json\/wp\/v2\/comments?post=3575"}],"version-history":[{"count":12,"href":"https:\/\/dev.bison.cz\/en\/wp-json\/wp\/v2\/pages\/3575\/revisions"}],"predecessor-version":[{"id":8520,"href":"https:\/\/dev.bison.cz\/en\/wp-json\/wp\/v2\/pages\/3575\/revisions\/8520"}],"up":[{"embeddable":true,"href":"https:\/\/dev.bison.cz\/en\/wp-json\/wp\/v2\/pages\/134"}],"wp:attachment":[{"href":"https:\/\/dev.bison.cz\/en\/wp-json\/wp\/v2\/media?parent=3575"}],"curies":[{"name":"wp","href":"https:\/\/api.w.org\/{rel}","templated":true}]}}