{"id":3569,"date":"2017-08-01T13:32:39","date_gmt":"2017-08-01T12:32:39","guid":{"rendered":"https:\/\/www.dev.bison.cz\/en\/?page_id=3569"},"modified":"2020-01-15T11:05:56","modified_gmt":"2020-01-15T10:05:56","slug":"cycling-jerseys","status":"publish","type":"page","link":"https:\/\/dev.bison.cz\/en\/sports\/cycling-sports\/cycling-jerseys\/","title":{"rendered":"Cycling jerseys"},"content":{"rendered":"\n<h2>MTB Dresy<\/h2>\n\n\n\n<div class=\"wp-block-columns has-2-columns\">\n<div class=\"wp-block-column\">\n<figure class=\"wp-block-image\"><img width=\"701\" height=\"570\" src=\"https:\/\/www.dev.bison.cz\/en\/wp-content\/uploads\/2017\/08\/CYKLO_MTB-DRES_1KROK.png\" alt=\"\" class=\"wp-image-3572\" srcset=\"https:\/\/dev.bison.cz\/en\/wp-content\/uploads\/2017\/08\/CYKLO_MTB-DRES_1KROK.png 701w, https:\/\/dev.bison.cz\/en\/wp-content\/uploads\/2017\/08\/CYKLO_MTB-DRES_1KROK-300x244.png 300w\" sizes=\"(max-width: 701px) 100vw, 701px\" \/><\/figure>\n<\/div>\n\n\n\n<div class=\"wp-block-column\">\n<p><strong>Zobrazen\u00e9 designy jsou pouze informativn\u00ed. P\u0159iprav\u00edme v\u00e1m origin\u00e1ln\u00ed design p\u0159esn\u011b podle va\u0161ich po\u017eadavk\u016f.<\/strong><\/p>\n\n\n\n<p>Nab\u00edz\u00edme V\u00e1m MTB dres s kr\u00e1tk\u00fdm i dlouh\u00fdm ruk\u00e1vem ragl\u00e1nov\u00e9ho st\u0159ihu. Dle Va\u0161eho p\u0159\u00e1n\u00ed je mo\u017en\u00e9 na dresu prov\u00e1d\u011bt r\u016fzn\u00e9 \u00fapravy (skryt\u00fd nebo dlouh\u00fd zip, kapsa na zip, reflexn\u00ed paspule, protiskluzov\u00e1 guma a jin\u00e9). Dresy je mo\u017eno vyr\u00e1b\u011bt nap\u0159\u00edklad z materi\u00e1lu CANADA 155 gr., CoMo 160 gr., COOLMAX 150 gr. a MINICUBE 150 gr.<\/p>\n\n\n\n<p>Z\u00e1kladn\u00ed velikosti vest si ur\u010dete pomoc\u00ed <a href=\"\/en\/sports\/cycling-sports\/size-tables\/\">size tables<\/a>. Podrobn\u011bj\u0161\u00ed informace o materi\u00e1lu naleznete <a href=\"\/en\/information\/materials\/\">here<\/a>. Informace o cen\u011b naleznete v <a href=\"\/en\/sports\/cycling-sports\/price-list\/\">price list<\/a>.<\/p>\n<\/div>\n<\/div>\n\n\n\n<hr class=\"wp-block-separator\"\/>\n\n\n\n<p class=\"krok-zpet\"><a href=\"\/en\/sports\/cycling\">Back<\/a><\/p>\n","protected":false},"excerpt":{"rendered":"<p>MTB Dresy Zobrazen\u00e9 designy jsou pouze informativn\u00ed. P\u0159iprav\u00edme v\u00e1m origin\u00e1ln\u00ed design p\u0159esn\u011b podle va\u0161ich po\u017eadavk\u016f. Nab\u00edz\u00edme V\u00e1m MTB dres s kr\u00e1tk\u00fdm i dlouh\u00fdm ruk\u00e1vem ragl\u00e1nov\u00e9ho st\u0159ihu. Dle Va\u0161eho p\u0159\u00e1n\u00ed je mo\u017en\u00e9 na dresu prov\u00e1d\u011bt r\u016fzn\u00e9 \u00fapravy (skryt\u00fd nebo dlouh\u00fd zip,&hellip; <br \/><a class=\"read-more-button\" href=\"https:\/\/dev.bison.cz\/en\/sports\/cycling-sports\/cycling-jerseys\/\">Read more<\/a><\/p>\n","protected":false},"author":1,"featured_media":0,"parent":134,"menu_order":0,"comment_status":"closed","ping_status":"closed","template":"","meta":[],"_links":{"self":[{"href":"https:\/\/dev.bison.cz\/en\/wp-json\/wp\/v2\/pages\/3569"}],"collection":[{"href":"https:\/\/dev.bison.cz\/en\/wp-json\/wp\/v2\/pages"}],"about":[{"href":"https:\/\/dev.bison.cz\/en\/wp-json\/wp\/v2\/types\/page"}],"author":[{"embeddable":true,"href":"https:\/\/dev.bison.cz\/en\/wp-json\/wp\/v2\/users\/1"}],"replies":[{"embeddable":true,"href":"https:\/\/dev.bison.cz\/en\/wp-json\/wp\/v2\/comments?post=3569"}],"version-history":[{"count":12,"href":"https:\/\/dev.bison.cz\/en\/wp-json\/wp\/v2\/pages\/3569\/revisions"}],"predecessor-version":[{"id":8516,"href":"https:\/\/dev.bison.cz\/en\/wp-json\/wp\/v2\/pages\/3569\/revisions\/8516"}],"up":[{"embeddable":true,"href":"https:\/\/dev.bison.cz\/en\/wp-json\/wp\/v2\/pages\/134"}],"wp:attachment":[{"href":"https:\/\/dev.bison.cz\/en\/wp-json\/wp\/v2\/media?parent=3569"}],"curies":[{"name":"wp","href":"https:\/\/api.w.org\/{rel}","templated":true}]}}