{"id":3247,"date":"2017-07-20T14:11:05","date_gmt":"2017-07-20T13:11:05","guid":{"rendered":"https:\/\/www.dev.bison.cz\/en\/?page_id=3247"},"modified":"2019-10-22T18:07:54","modified_gmt":"2019-10-22T17:07:54","slug":"softshell-jackets","status":"publish","type":"page","link":"https:\/\/dev.bison.cz\/en\/sports\/team-equipment\/size-tables\/softshell-jackets\/","title":{"rendered":"Softshell jackets"},"content":{"rendered":"<h1>Velikostn\u00ed tabulka softshell bund Bison Sportswear.<\/h1>\n<h3>VELIKOSTN\u00cd TABULKA &#8211; DODATEK<\/h3>\n<p>Uveden\u00e9 rozm\u011bry uv\u00e1d\u011bj\u00ed \u0161\u00ed\u0159ku dresu, NE obvod.<\/p>\n<p>Doporu\u010den\u00fd zp\u016fsob zji\u0161t\u011bn\u00ed pot\u0159ebn\u00e9 velikosti: bundu, kter\u00e1 V\u00e1m p\u0159esn\u011b sed\u00ed, polo\u017ete na st\u016fl a v napnut\u00e9m stavu zm\u011b\u0159te \u0161\u00ed\u0159ku i v\u00fd\u0161ku bundy. Nam\u011b\u0159en\u00e9 hodnoty porovnejte s tabulkou.<\/p>\n<p>Velikostn\u00ed tabulky jsou pouze orienta\u010dn\u00ed. Jestli\u017ee budete na rozhran\u00ed dvou velikost\u00ed, pro v\u011bt\u0161\u00ed pohodl\u00ed doporu\u010dujeme zvolit vy\u0161\u0161\u00ed velikost. Pozor: tolerance \u0161\u00ed\u0159e i d\u00e9lky dresu +\/- 2cm<\/p>\n<p>V p\u0159\u00edpad\u011b po\u017eadavku na individu\u00e1ln\u00ed \u00fapravy d\u00e9lek produkt\u016f mimo rozm\u011bry uveden\u00e9 v tabulce si \u00fa\u010dtujeme poplatek 50,- K\u010d\/ks bez DPH.<\/p>\n<p><img class=\"wp-image-8060 size-full aligncenter\" src=\"https:\/\/www.dev.bison.cz\/en\/wp-content\/uploads\/2019\/10\/softshell-bunda-p\u00e1nsk\u00e1-250kb.jpg\" alt=\"\" width=\"631\" height=\"1076\" srcset=\"https:\/\/dev.bison.cz\/en\/wp-content\/uploads\/2019\/10\/softshell-bunda-p\u00e1nsk\u00e1-250kb.jpg 631w, https:\/\/dev.bison.cz\/en\/wp-content\/uploads\/2019\/10\/softshell-bunda-p\u00e1nsk\u00e1-250kb-176x300.jpg 176w, https:\/\/dev.bison.cz\/en\/wp-content\/uploads\/2019\/10\/softshell-bunda-p\u00e1nsk\u00e1-250kb-601x1024.jpg 601w\" sizes=\"(max-width: 631px) 100vw, 631px\" \/><\/p>\n<hr \/>\n<p><img class=\"wp-image-8061 size-full aligncenter\" src=\"https:\/\/www.dev.bison.cz\/en\/wp-content\/uploads\/2019\/10\/softshell-bunda-d\u00e1msk\u00e1-250px.jpg\" alt=\"\" width=\"631\" height=\"1076\" srcset=\"https:\/\/dev.bison.cz\/en\/wp-content\/uploads\/2019\/10\/softshell-bunda-d\u00e1msk\u00e1-250px.jpg 631w, https:\/\/dev.bison.cz\/en\/wp-content\/uploads\/2019\/10\/softshell-bunda-d\u00e1msk\u00e1-250px-176x300.jpg 176w, https:\/\/dev.bison.cz\/en\/wp-content\/uploads\/2019\/10\/softshell-bunda-d\u00e1msk\u00e1-250px-601x1024.jpg 601w\" sizes=\"(max-width: 631px) 100vw, 631px\" \/><\/p>\n<hr \/>\n<p><a class=\"krok-zpet\" href=\"https:\/\/www.dev.bison.cz\/en\/sports\/team-equipment\/size-tables\">Back<\/a><\/p>\n","protected":false},"excerpt":{"rendered":"<p>Velikostn\u00ed tabulka softshell bund Bison Sportswear. VELIKOSTN\u00cd TABULKA &#8211; DODATEK Uveden\u00e9 rozm\u011bry uv\u00e1d\u011bj\u00ed \u0161\u00ed\u0159ku dresu, NE obvod. Doporu\u010den\u00fd zp\u016fsob zji\u0161t\u011bn\u00ed pot\u0159ebn\u00e9 velikosti: bundu, kter\u00e1 V\u00e1m p\u0159esn\u011b sed\u00ed, polo\u017ete na st\u016fl a v napnut\u00e9m stavu zm\u011b\u0159te \u0161\u00ed\u0159ku i v\u00fd\u0161ku bundy. Nam\u011b\u0159en\u00e9&hellip; <br \/><a class=\"read-more-button\" href=\"https:\/\/dev.bison.cz\/en\/sports\/team-equipment\/size-tables\/softshell-jackets\/\">Read more<\/a><\/p>\n","protected":false},"author":1,"featured_media":0,"parent":604,"menu_order":0,"comment_status":"closed","ping_status":"closed","template":"","meta":[],"_links":{"self":[{"href":"https:\/\/dev.bison.cz\/en\/wp-json\/wp\/v2\/pages\/3247"}],"collection":[{"href":"https:\/\/dev.bison.cz\/en\/wp-json\/wp\/v2\/pages"}],"about":[{"href":"https:\/\/dev.bison.cz\/en\/wp-json\/wp\/v2\/types\/page"}],"author":[{"embeddable":true,"href":"https:\/\/dev.bison.cz\/en\/wp-json\/wp\/v2\/users\/1"}],"replies":[{"embeddable":true,"href":"https:\/\/dev.bison.cz\/en\/wp-json\/wp\/v2\/comments?post=3247"}],"version-history":[{"count":10,"href":"https:\/\/dev.bison.cz\/en\/wp-json\/wp\/v2\/pages\/3247\/revisions"}],"predecessor-version":[{"id":8062,"href":"https:\/\/dev.bison.cz\/en\/wp-json\/wp\/v2\/pages\/3247\/revisions\/8062"}],"up":[{"embeddable":true,"href":"https:\/\/dev.bison.cz\/en\/wp-json\/wp\/v2\/pages\/604"}],"wp:attachment":[{"href":"https:\/\/dev.bison.cz\/en\/wp-json\/wp\/v2\/media?parent=3247"}],"curies":[{"name":"wp","href":"https:\/\/api.w.org\/{rel}","templated":true}]}}