{"id":2979,"date":"2017-07-10T16:30:42","date_gmt":"2017-07-10T15:30:42","guid":{"rendered":"https:\/\/www.dev.bison.cz\/en\/?page_id=2979"},"modified":"2018-05-31T16:24:24","modified_gmt":"2018-05-31T15:24:24","slug":"final-order","status":"publish","type":"page","link":"https:\/\/dev.bison.cz\/en\/final-order\/","title":{"rendered":"Final Order"},"content":{"rendered":"<p>You will not be able to send the final order until after you have agreed to our non-binding order calculation and the graphic design of the jerseys. Find it out in the <a href=\"https:\/\/www.dev.bison.cz\/en\/useful-tips\/how-to-order\/\">order process section<\/a>. <a href=\"https:\/\/www.dev.bison.cz\/en\/contact-us\/\">Let us know<\/a> if anything is not clear. We will be happy to advise you.<\/p>\n<p>The final order form is an excel table, which you complete and send us to e-mail bison@bison.cz. You enter your contact details, required numbers and the players\u2019 names. Also, make certain you have entered the correct <a href=\"https:\/\/www.dev.bison.cz\/en\/information\/size-tables\/\">sizes of the jerseys<\/a>. After receiving your final order, we will let you know about the preliminary completion date of the jerseys\u2019 production.<br \/>\nChoose the table for the required sport:<\/p>\n<ul>\n<li><a href=\"\/wp-content\/uploads\/final-order\/final_order_am_fotbal.xls\">Americk\u00fd fotbal<\/a><\/li>\n<li><a href=\"\/wp-content\/uploads\/final-order\/final_order_atletika.xls\">Atletika<\/a><\/li>\n<li><a href=\"\/wp-content\/uploads\/final-order\/final_order_baseball.xls\">Baseball<\/a><\/li>\n<li><a href=\"\/wp-content\/uploads\/final-order\/final_order_basketbal.xls\">Basketbal<\/a><\/li>\n<li><a href=\"\/wp-content\/uploads\/final-order\/final_order_cyklo.xls\">Cyklo<\/a><\/li>\n<li><a href=\"\/wp-content\/uploads\/final-order\/final_order_saly.xls\">Fan p\u0159edm\u011bty<\/a><\/li>\n<li><a href=\"\/wp-content\/uploads\/final-order\/final_order_florbal.xls\">Florbal<\/a><\/li>\n<li><a href=\"\/wp-content\/uploads\/final-order\/final_order_fotbal.xls\">Fotbal<\/a><\/li>\n<li><a href=\"\/wp-content\/uploads\/final-order\/final_order_hasicsky_sport.xls\">Hasi\u010dsk\u00fd sport<\/a><\/li>\n<li><a href=\"\/wp-content\/uploads\/final-order\/final_order_hazena.xls\">H\u00e1zen\u00e1<\/a><\/li>\n<li><a href=\"\/wp-content\/uploads\/final-order\/final_order_in-line.xls\">In-line hokej<\/a><\/li>\n<li><a href=\"\/wp-content\/uploads\/final-order\/final_order_kuzelky-bowling.xls\">Ku\u017eelky &#8211; bowling<\/a><\/li>\n<li><a href=\"\/wp-content\/uploads\/final-order\/final_order_lakros.xls\">Lakros<\/a><\/li>\n<li><a href=\"\/wp-content\/uploads\/final-order\/final_order_hokej.xls\">Ledn\u00ed hokej<\/a><\/li>\n<li><a href=\"\/wp-content\/uploads\/final-order\/final_order_motokros.xls\">Motokros<\/a><\/li>\n<li><a href=\"\/wp-content\/uploads\/final-order\/final_order_paintball.xls\">Paintball<\/a><\/li>\n<li><a href=\"\/wp-content\/uploads\/final-order\/final_order_ragby.xls\">Ragby<\/a><\/li>\n<li><a href=\"\/wp-content\/uploads\/final-order\/final_order_sipky.xls\">\u0160ipky<\/a><\/li>\n<li><a href=\"\/wp-content\/uploads\/final-order\/final_order_tymove-vybaveni.xls\">T\u00fdmov\u00e9 vybaven\u00ed<\/a><\/li>\n<li><a href=\"\/wp-content\/uploads\/final-order\/final_order_univerzal.xls\">Univerzal<\/a><\/li>\n<li><a href=\"\/wp-content\/uploads\/final-order\/final_order_volejbal.xls\">Volejbal<\/a><\/li>\n<\/ul>\n","protected":false},"excerpt":{"rendered":"<p>You will not be able to send the final order until after you have agreed to our non-binding order calculation and the graphic design of the jerseys. Find it out in the order process section. Let us know if anything&hellip; <br \/><a class=\"read-more-button\" href=\"https:\/\/dev.bison.cz\/en\/final-order\/\">Read more<\/a><\/p>\n","protected":false},"author":1,"featured_media":0,"parent":0,"menu_order":0,"comment_status":"closed","ping_status":"closed","template":"","meta":[],"_links":{"self":[{"href":"https:\/\/dev.bison.cz\/en\/wp-json\/wp\/v2\/pages\/2979"}],"collection":[{"href":"https:\/\/dev.bison.cz\/en\/wp-json\/wp\/v2\/pages"}],"about":[{"href":"https:\/\/dev.bison.cz\/en\/wp-json\/wp\/v2\/types\/page"}],"author":[{"embeddable":true,"href":"https:\/\/dev.bison.cz\/en\/wp-json\/wp\/v2\/users\/1"}],"replies":[{"embeddable":true,"href":"https:\/\/dev.bison.cz\/en\/wp-json\/wp\/v2\/comments?post=2979"}],"version-history":[{"count":8,"href":"https:\/\/dev.bison.cz\/en\/wp-json\/wp\/v2\/pages\/2979\/revisions"}],"predecessor-version":[{"id":6821,"href":"https:\/\/dev.bison.cz\/en\/wp-json\/wp\/v2\/pages\/2979\/revisions\/6821"}],"wp:attachment":[{"href":"https:\/\/dev.bison.cz\/en\/wp-json\/wp\/v2\/media?parent=2979"}],"curies":[{"name":"wp","href":"https:\/\/api.w.org\/{rel}","templated":true}]}}