{"id":2301,"date":"2016-02-07T22:12:17","date_gmt":"2016-02-07T21:12:17","guid":{"rendered":"https:\/\/www.dev.bison.cz\/en\/?page_id=2301"},"modified":"2021-03-20T11:56:13","modified_gmt":"2021-03-20T10:56:13","slug":"team-poloshirts","status":"publish","type":"page","link":"https:\/\/dev.bison.cz\/en\/sports\/team-equipment\/size-tables\/team-poloshirts\/","title":{"rendered":"Team poloshirts"},"content":{"rendered":"<h1>Velikostn\u00ed tabulka poloko\u0161ile Bison Sportswear.<\/h1>\n<h3>VELIKOSTN\u00cd TABULKA &#8211; DODATEK<\/h3>\n<p>Uveden\u00e9 rozm\u011bry uv\u00e1d\u011bj\u00ed \u0161\u00ed\u0159ku poloko\u0161ile, NE obvod.<\/p>\n<p>Doporu\u010den\u00fd zp\u016fsob zji\u0161t\u011bn\u00ed pot\u0159ebn\u00e9 velikosti: poloko\u0161ili \u010di tri\u010dko, kter\u00e9 V\u00e1m p\u0159esn\u011b sed\u00ed, polo\u017ete na st\u016fl a v napnut\u00e9m stavu zm\u011b\u0159te \u0161\u00ed\u0159ku i v\u00fd\u0161ku. Nam\u011b\u0159en\u00e9 hodnoty porovnejte s tabulkou.<\/p>\n<p>Pozor, rozm\u011br pr\u016framku m\u016f\u017ee ovlivnit i vybran\u00fd typ l\u00edmce. Velikostn\u00ed tabulky jsou pouze orienta\u010dn\u00ed. Jestli\u017ee budete na rozhran\u00ed dvou velikost\u00ed, pro v\u011bt\u0161\u00ed pohodl\u00ed doporu\u010dujeme zvolit vy\u0161\u0161\u00ed velikost. Pozor: tolerance \u0161\u00ed\u0159e i d\u00e9lky dresu +\/- 2cm<\/p>\n<p>V p\u0159\u00edpad\u011b po\u017eadavku na individu\u00e1ln\u00ed \u00fapravy d\u00e9lek produkt\u016f mimo rozm\u011bry uveden\u00e9 v tabulce si \u00fa\u010dtujeme poplatek 50,- K\u010d\/ks bez DPH.<\/p>\n<hr \/>\n<h3 style=\"text-align: center;\"><a href=\"#pansky\">P\u00e1nsk\u00e9 poloko\u0161ile<\/a> \/ <a href=\"#damsky\">D\u00e1msk\u00e9 poloko\u0161ile<\/a><\/h3>\n<hr \/>\n<p><img id=\"pansky\" class=\"wp-image-25866 size-full aligncenter\" src=\"https:\/\/www.dev.bison.cz\/en\/wp-content\/uploads\/2021\/03\/velikostni-tabulka-polo-new.jpg\" alt=\"\" width=\"651\" height=\"1064\" srcset=\"https:\/\/dev.bison.cz\/en\/wp-content\/uploads\/2021\/03\/velikostni-tabulka-polo-new.jpg 651w, https:\/\/dev.bison.cz\/en\/wp-content\/uploads\/2021\/03\/velikostni-tabulka-polo-new-184x300.jpg 184w, https:\/\/dev.bison.cz\/en\/wp-content\/uploads\/2021\/03\/velikostni-tabulka-polo-new-627x1024.jpg 627w\" sizes=\"(max-width: 651px) 100vw, 651px\" \/><\/p>\n<hr \/>\n<p><img id=\"damsky\" class=\"aligncenter size-large wp-image-3325\" src=\"https:\/\/www.dev.bison.cz\/en\/wp-content\/uploads\/2016\/01\/vel_tabulky_kuzelky_polokosile_damske-628x1024.jpg\" alt=\"\" width=\"628\" height=\"1024\" srcset=\"https:\/\/dev.bison.cz\/en\/wp-content\/uploads\/2016\/01\/vel_tabulky_kuzelky_polokosile_damske-628x1024.jpg 628w, https:\/\/dev.bison.cz\/en\/wp-content\/uploads\/2016\/01\/vel_tabulky_kuzelky_polokosile_damske-184x300.jpg 184w, https:\/\/dev.bison.cz\/en\/wp-content\/uploads\/2016\/01\/vel_tabulky_kuzelky_polokosile_damske.jpg 650w\" sizes=\"(max-width: 628px) 100vw, 628px\" \/><\/p>\n<hr \/>\n<p><a class=\"krok-zpet\" href=\"https:\/\/www.dev.bison.cz\/en\/sports\/team-equipment\/size-tables\">Back<\/a><\/p>\n","protected":false},"excerpt":{"rendered":"<p>Velikostn\u00ed tabulka poloko\u0161ile Bison Sportswear. VELIKOSTN\u00cd TABULKA &#8211; DODATEK Uveden\u00e9 rozm\u011bry uv\u00e1d\u011bj\u00ed \u0161\u00ed\u0159ku poloko\u0161ile, NE obvod. Doporu\u010den\u00fd zp\u016fsob zji\u0161t\u011bn\u00ed pot\u0159ebn\u00e9 velikosti: poloko\u0161ili \u010di tri\u010dko, kter\u00e9 V\u00e1m p\u0159esn\u011b sed\u00ed, polo\u017ete na st\u016fl a v napnut\u00e9m stavu zm\u011b\u0159te \u0161\u00ed\u0159ku i v\u00fd\u0161ku. Nam\u011b\u0159en\u00e9&hellip; <br \/><a class=\"read-more-button\" href=\"https:\/\/dev.bison.cz\/en\/sports\/team-equipment\/size-tables\/team-poloshirts\/\">Read more<\/a><\/p>\n","protected":false},"author":1,"featured_media":0,"parent":604,"menu_order":0,"comment_status":"closed","ping_status":"closed","template":"","meta":[],"_links":{"self":[{"href":"https:\/\/dev.bison.cz\/en\/wp-json\/wp\/v2\/pages\/2301"}],"collection":[{"href":"https:\/\/dev.bison.cz\/en\/wp-json\/wp\/v2\/pages"}],"about":[{"href":"https:\/\/dev.bison.cz\/en\/wp-json\/wp\/v2\/types\/page"}],"author":[{"embeddable":true,"href":"https:\/\/dev.bison.cz\/en\/wp-json\/wp\/v2\/users\/1"}],"replies":[{"embeddable":true,"href":"https:\/\/dev.bison.cz\/en\/wp-json\/wp\/v2\/comments?post=2301"}],"version-history":[{"count":10,"href":"https:\/\/dev.bison.cz\/en\/wp-json\/wp\/v2\/pages\/2301\/revisions"}],"predecessor-version":[{"id":25867,"href":"https:\/\/dev.bison.cz\/en\/wp-json\/wp\/v2\/pages\/2301\/revisions\/25867"}],"up":[{"embeddable":true,"href":"https:\/\/dev.bison.cz\/en\/wp-json\/wp\/v2\/pages\/604"}],"wp:attachment":[{"href":"https:\/\/dev.bison.cz\/en\/wp-json\/wp\/v2\/media?parent=2301"}],"curies":[{"name":"wp","href":"https:\/\/api.w.org\/{rel}","templated":true}]}}