{"id":2300,"date":"2016-02-07T22:12:07","date_gmt":"2016-02-07T21:12:07","guid":{"rendered":"https:\/\/www.dev.bison.cz\/en\/?page_id=2300"},"modified":"2019-11-21T13:55:23","modified_gmt":"2019-11-21T12:55:23","slug":"team-hoodies","status":"publish","type":"page","link":"https:\/\/dev.bison.cz\/en\/sports\/team-equipment\/size-tables\/team-hoodies\/","title":{"rendered":"Team hoodies"},"content":{"rendered":"\n<h2>Velikostn\u00ed tabulka mikina Bison Sportswear. <\/h2>\n\n\n\n<h3>VELIKOSTN\u00cd TABULKA &#8211; DODATEK <\/h3>\n\n\n\n<p>Uveden\u00e9 rozm\u011bry uv\u00e1d\u011bj\u00ed \u0161\u00ed\u0159ku dresu, NE obvod.<\/p>\n\n\n\n<p>Doporu\u010den\u00fd zp\u016fsob zji\u0161t\u011bn\u00ed pot\u0159ebn\u00e9 velikosti: mikinu, kter\u00e9 V\u00e1m p\u0159esn\u011b sed\u00ed, polo\u017ete na st\u016fl a v napnut\u00e9m stavu zm\u011b\u0159te \u0161\u00ed\u0159ku i v\u00fd\u0161ku mikiny. Nam\u011b\u0159en\u00e9 hodnoty porovnejte s tabulkou.<\/p>\n\n\n\n<p>Velikostn\u00ed tabulky jsou pouze orienta\u010dn\u00ed. Jestli\u017ee budete na rozhran\u00ed dvou velikost\u00ed, pro v\u011bt\u0161\u00ed pohodl\u00ed doporu\u010dujeme zvolit vy\u0161\u0161\u00ed velikost. Pozor: tolerance \u0161\u00ed\u0159e i d\u00e9lky dresu +\/- 2cm<\/p>\n\n\n\n<p>V p\u0159\u00edpad\u011b po\u017eadavku na individu\u00e1ln\u00ed \u00fapravy d\u00e9lek produkt\u016f mimo rozm\u011bry uveden\u00e9 v tabulce si \u00fa\u010dtujeme poplatek 50,- K\u010d\/ks bez DPH.<\/p>\n\n\n\n<hr class=\"wp-block-separator\"\/>\n\n\n\n<div class=\"wp-block-image\"><figure class=\"aligncenter\"><img width=\"540\" height=\"1024\" src=\"https:\/\/www.dev.bison.cz\/en\/wp-content\/uploads\/2019\/11\/vel-tab-mikina-new-540x1024.jpg\" alt=\"\" class=\"wp-image-8465\" srcset=\"https:\/\/dev.bison.cz\/en\/wp-content\/uploads\/2019\/11\/vel-tab-mikina-new-540x1024.jpg 540w, https:\/\/dev.bison.cz\/en\/wp-content\/uploads\/2019\/11\/vel-tab-mikina-new-158x300.jpg 158w, https:\/\/dev.bison.cz\/en\/wp-content\/uploads\/2019\/11\/vel-tab-mikina-new-1170x2217.jpg 1170w, https:\/\/dev.bison.cz\/en\/wp-content\/uploads\/2019\/11\/vel-tab-mikina-new.jpg 1081w\" sizes=\"(max-width: 540px) 100vw, 540px\" \/><\/figure><\/div>\n\n\n\n<hr class=\"wp-block-separator\"\/>\n\n\n\n<p class=\"krok-zpet\"><a href=\"https:\/\/www.dev.bison.cz\/en\/sports\/team-equipment\/size-tables\">Back<\/a><\/p>\n","protected":false},"excerpt":{"rendered":"<p>Velikostn\u00ed tabulka mikina Bison Sportswear. VELIKOSTN\u00cd TABULKA &#8211; DODATEK Uveden\u00e9 rozm\u011bry uv\u00e1d\u011bj\u00ed \u0161\u00ed\u0159ku dresu, NE obvod. Doporu\u010den\u00fd zp\u016fsob zji\u0161t\u011bn\u00ed pot\u0159ebn\u00e9 velikosti: mikinu, kter\u00e9 V\u00e1m p\u0159esn\u011b sed\u00ed, polo\u017ete na st\u016fl a v napnut\u00e9m stavu zm\u011b\u0159te \u0161\u00ed\u0159ku i v\u00fd\u0161ku mikiny. Nam\u011b\u0159en\u00e9 hodnoty&hellip; <br \/><a class=\"read-more-button\" href=\"https:\/\/dev.bison.cz\/en\/sports\/team-equipment\/size-tables\/team-hoodies\/\">Read more<\/a><\/p>\n","protected":false},"author":1,"featured_media":0,"parent":604,"menu_order":0,"comment_status":"closed","ping_status":"closed","template":"","meta":[],"_links":{"self":[{"href":"https:\/\/dev.bison.cz\/en\/wp-json\/wp\/v2\/pages\/2300"}],"collection":[{"href":"https:\/\/dev.bison.cz\/en\/wp-json\/wp\/v2\/pages"}],"about":[{"href":"https:\/\/dev.bison.cz\/en\/wp-json\/wp\/v2\/types\/page"}],"author":[{"embeddable":true,"href":"https:\/\/dev.bison.cz\/en\/wp-json\/wp\/v2\/users\/1"}],"replies":[{"embeddable":true,"href":"https:\/\/dev.bison.cz\/en\/wp-json\/wp\/v2\/comments?post=2300"}],"version-history":[{"count":12,"href":"https:\/\/dev.bison.cz\/en\/wp-json\/wp\/v2\/pages\/2300\/revisions"}],"predecessor-version":[{"id":8467,"href":"https:\/\/dev.bison.cz\/en\/wp-json\/wp\/v2\/pages\/2300\/revisions\/8467"}],"up":[{"embeddable":true,"href":"https:\/\/dev.bison.cz\/en\/wp-json\/wp\/v2\/pages\/604"}],"wp:attachment":[{"href":"https:\/\/dev.bison.cz\/en\/wp-json\/wp\/v2\/media?parent=2300"}],"curies":[{"name":"wp","href":"https:\/\/api.w.org\/{rel}","templated":true}]}}