{"id":2248,"date":"2016-02-07T21:19:07","date_gmt":"2016-02-07T20:19:07","guid":{"rendered":"https:\/\/www.dev.bison.cz\/en\/?page_id=2248"},"modified":"2024-04-15T11:15:37","modified_gmt":"2024-04-15T09:15:37","slug":"skirts","status":"publish","type":"page","link":"https:\/\/dev.bison.cz\/en\/sports\/lacrosse\/size-tables\/skirts\/","title":{"rendered":"Skirts"},"content":{"rendered":"<h3>VELIKOSTN\u00cd TABULKA &#8211; DODATEK<\/h3>\n<p>Uveden\u00e9 rozm\u011bry uv\u00e1d\u011bj\u00ed \u0161\u00ed\u0159ku suk\u00fdnky, NE obvod.<\/p>\n<p>Doporu\u010den\u00fd zp\u016fsob zji\u0161t\u011bn\u00ed pot\u0159ebn\u00e9 velikosti: suk\u00fdnku, kter\u00e1 V\u00e1m p\u0159esn\u011b sed\u00ed, polo\u017ete na st\u016fl a v napnut\u00e9m stavu zm\u011b\u0159te v nazna\u010den\u00fdch bodech. Nam\u011b\u0159en\u00e9 hodnoty porovnejte s tabulkou.<\/p>\n<p>Velikostn\u00ed tabulky jsou pouze orienta\u010dn\u00ed. Jestli\u017ee budete na rozhran\u00ed dvou velikost\u00ed, pro v\u011bt\u0161\u00ed pohodl\u00ed doporu\u010dujeme zvolit vy\u0161\u0161\u00ed velikost. Pozor: tolerance \u0161\u00ed\u0159e i d\u00e9lky\u00a0 +\/- 2cm<\/p>\n<p>V p\u0159\u00edpad\u011b po\u017eadavku na individu\u00e1ln\u00ed \u00fapravy d\u00e9lek produkt\u016f mimo rozm\u011bry uveden\u00e9 v tabulce si \u00fa\u010dtujeme poplatek 50,- K\u010d\/ks bez DPH.<\/p>\n<hr \/>\n<p><img class=\"wp-image-314310 size-full aligncenter\" src=\"https:\/\/www.dev.bison.cz\/en\/wp-content\/uploads\/2024\/04\/sukynka-new-3_8.4.2024-1.jpg\" alt=\"\" width=\"1500\" height=\"1924\" srcset=\"https:\/\/dev.bison.cz\/en\/wp-content\/uploads\/2024\/04\/sukynka-new-3_8.4.2024-1.jpg 1500w, https:\/\/dev.bison.cz\/en\/wp-content\/uploads\/2024\/04\/sukynka-new-3_8.4.2024-1-234x300.jpg 234w, https:\/\/dev.bison.cz\/en\/wp-content\/uploads\/2024\/04\/sukynka-new-3_8.4.2024-1-798x1024.jpg 798w, https:\/\/dev.bison.cz\/en\/wp-content\/uploads\/2024\/04\/sukynka-new-3_8.4.2024-1-1198x1536.jpg 1198w, https:\/\/dev.bison.cz\/en\/wp-content\/uploads\/2024\/04\/sukynka-new-3_8.4.2024-1-1170x1501.jpg 1170w\" sizes=\"(max-width: 1500px) 100vw, 1500px\" \/><\/p>\n<hr \/>\n<p><a class=\"krok-zpet\" href=\"https:\/\/www.dev.bison.cz\/en\/sports\/lacrosse\/size-tables\">Back<\/a><\/p>\n","protected":false},"excerpt":{"rendered":"<p>VELIKOSTN\u00cd TABULKA &#8211; DODATEK Uveden\u00e9 rozm\u011bry uv\u00e1d\u011bj\u00ed \u0161\u00ed\u0159ku suk\u00fdnky, NE obvod. Doporu\u010den\u00fd zp\u016fsob zji\u0161t\u011bn\u00ed pot\u0159ebn\u00e9 velikosti: suk\u00fdnku, kter\u00e1 V\u00e1m p\u0159esn\u011b sed\u00ed, polo\u017ete na st\u016fl a v napnut\u00e9m stavu zm\u011b\u0159te v nazna\u010den\u00fdch bodech. Nam\u011b\u0159en\u00e9 hodnoty porovnejte s tabulkou. Velikostn\u00ed tabulky jsou&hellip; <br \/><a class=\"read-more-button\" href=\"https:\/\/dev.bison.cz\/en\/sports\/lacrosse\/size-tables\/skirts\/\">Read more<\/a><\/p>\n","protected":false},"author":1,"featured_media":0,"parent":589,"menu_order":0,"comment_status":"closed","ping_status":"closed","template":"","meta":[],"_links":{"self":[{"href":"https:\/\/dev.bison.cz\/en\/wp-json\/wp\/v2\/pages\/2248"}],"collection":[{"href":"https:\/\/dev.bison.cz\/en\/wp-json\/wp\/v2\/pages"}],"about":[{"href":"https:\/\/dev.bison.cz\/en\/wp-json\/wp\/v2\/types\/page"}],"author":[{"embeddable":true,"href":"https:\/\/dev.bison.cz\/en\/wp-json\/wp\/v2\/users\/1"}],"replies":[{"embeddable":true,"href":"https:\/\/dev.bison.cz\/en\/wp-json\/wp\/v2\/comments?post=2248"}],"version-history":[{"count":13,"href":"https:\/\/dev.bison.cz\/en\/wp-json\/wp\/v2\/pages\/2248\/revisions"}],"predecessor-version":[{"id":314311,"href":"https:\/\/dev.bison.cz\/en\/wp-json\/wp\/v2\/pages\/2248\/revisions\/314311"}],"up":[{"embeddable":true,"href":"https:\/\/dev.bison.cz\/en\/wp-json\/wp\/v2\/pages\/589"}],"wp:attachment":[{"href":"https:\/\/dev.bison.cz\/en\/wp-json\/wp\/v2\/media?parent=2248"}],"curies":[{"name":"wp","href":"https:\/\/api.w.org\/{rel}","templated":true}]}}