{"id":2246,"date":"2016-02-07T21:18:45","date_gmt":"2016-02-07T20:18:45","guid":{"rendered":"https:\/\/www.dev.bison.cz\/en\/?page_id=2246"},"modified":"2018-11-07T14:30:43","modified_gmt":"2018-11-07T13:30:43","slug":"women-jerseys","status":"publish","type":"page","link":"https:\/\/dev.bison.cz\/en\/sports\/lacrosse\/size-tables\/women-jerseys\/","title":{"rendered":"Women jerseys"},"content":{"rendered":"<div class=\"menu-inline\">\n<h3>VELIKOSTN\u00cd TABULKA &#8211; DODATEK<\/h3>\n<p>Uveden\u00e9 rozm\u011bry uv\u00e1d\u011bj\u00ed \u0161\u00ed\u0159ku dresu, NE obvod.<\/p>\n<p>Doporu\u010den\u00fd zp\u016fsob zji\u0161t\u011bn\u00ed pot\u0159ebn\u00e9 velikosti: tri\u010dko \u010di kalhoty, kter\u00e9 V\u00e1m p\u0159esn\u011b sed\u00ed, polo\u017ete na st\u016fl a v napnut\u00e9m stavu zm\u011b\u0159te \u0161\u00ed\u0159ku i v\u00fd\u0161ku dresu. Nam\u011b\u0159en\u00e9 hodnoty porovnejte s tabulkou.<\/p>\n<p>Pozor, rozm\u011br pr\u016framku m\u016f\u017ee ovlivnit i vybran\u00fd typ l\u00edmce. Velikostn\u00ed tabulky jsou pouze orienta\u010dn\u00ed. Jestli\u017ee budete na rozhran\u00ed dvou velikost\u00ed, pro v\u011bt\u0161\u00ed pohodl\u00ed doporu\u010dujeme zvolit vy\u0161\u0161\u00ed velikost. Pozor: tolerance \u0161\u00ed\u0159e i d\u00e9lky dresu +\/- 2cm<\/p>\n<p>V p\u0159\u00edpad\u011b po\u017eadavku na individu\u00e1ln\u00ed \u00fapravy d\u00e9lek produkt\u016f mimo rozm\u011bry uveden\u00e9 v tabulce si \u00fa\u010dtujeme poplatek 50,- K\u010d\/ks bez DPH.<\/p>\n<hr \/>\n<h3 style=\"text-align: center;\"><a href=\"#klasik-zeny\">Klasik \u017eeny<\/a>\u00a0\/\u00a0<a href=\"#raglan-zeny\">Ragl\u00e1n \u017eeny<\/a> \/ <a href=\"#doblo-zeny\">Doblo \u017eeny<\/a><\/h3>\n<\/div>\n<hr \/>\n<p><img id=\"klasik-zeny\" class=\"aligncenter size-full wp-image-2266\" src=\"https:\/\/www.dev.bison.cz\/en\/wp-content\/uploads\/2016\/02\/dresy-klasik-zeny.jpg\" alt=\"dresy-klasik-zeny\" width=\"649\" height=\"700\" srcset=\"https:\/\/dev.bison.cz\/en\/wp-content\/uploads\/2016\/02\/dresy-klasik-zeny.jpg 649w, https:\/\/dev.bison.cz\/en\/wp-content\/uploads\/2016\/02\/dresy-klasik-zeny-278x300.jpg 278w\" sizes=\"(max-width: 649px) 100vw, 649px\" \/><\/p>\n<hr \/>\n<p><img id=\"raglan-zeny\" class=\"aligncenter size-large wp-image-4445\" src=\"https:\/\/www.dev.bison.cz\/en\/wp-content\/uploads\/2016\/01\/vel-tab-ragl\u00e1n-d\u00e1msk\u00fd-1-688x1024.jpg\" alt=\"\" width=\"688\" height=\"1024\" srcset=\"https:\/\/dev.bison.cz\/en\/wp-content\/uploads\/2016\/01\/vel-tab-ragl\u00e1n-d\u00e1msk\u00fd-1-688x1024.jpg 688w, https:\/\/dev.bison.cz\/en\/wp-content\/uploads\/2016\/01\/vel-tab-ragl\u00e1n-d\u00e1msk\u00fd-1-202x300.jpg 202w, https:\/\/dev.bison.cz\/en\/wp-content\/uploads\/2016\/01\/vel-tab-ragl\u00e1n-d\u00e1msk\u00fd-1-1170x1742.jpg 1170w, https:\/\/dev.bison.cz\/en\/wp-content\/uploads\/2016\/01\/vel-tab-ragl\u00e1n-d\u00e1msk\u00fd-1.jpg 1376w\" sizes=\"(max-width: 688px) 100vw, 688px\" \/><\/p>\n<hr \/>\n<p><img id=\"doblo-zeny\" class=\"aligncenter size-large wp-image-4441\" src=\"https:\/\/www.dev.bison.cz\/en\/wp-content\/uploads\/2016\/01\/vel-tab-doblo-\u017dENY-1-718x1024.jpg\" alt=\"\" width=\"718\" height=\"1024\" srcset=\"https:\/\/dev.bison.cz\/en\/wp-content\/uploads\/2016\/01\/vel-tab-doblo-\u017dENY-1-718x1024.jpg 718w, https:\/\/dev.bison.cz\/en\/wp-content\/uploads\/2016\/01\/vel-tab-doblo-\u017dENY-1-210x300.jpg 210w, https:\/\/dev.bison.cz\/en\/wp-content\/uploads\/2016\/01\/vel-tab-doblo-\u017dENY-1-1170x1669.jpg 1170w, https:\/\/dev.bison.cz\/en\/wp-content\/uploads\/2016\/01\/vel-tab-doblo-\u017dENY-1.jpg 1435w\" sizes=\"(max-width: 718px) 100vw, 718px\" \/><\/p>\n<hr>\n<p><a href=\"https:\/\/www.dev.bison.cz\/en\/sports\/lacrosse\/size-tables\" class=\"krok-zpet\">Back<\/a><\/p>\n","protected":false},"excerpt":{"rendered":"<p>VELIKOSTN\u00cd TABULKA &#8211; DODATEK Uveden\u00e9 rozm\u011bry uv\u00e1d\u011bj\u00ed \u0161\u00ed\u0159ku dresu, NE obvod. Doporu\u010den\u00fd zp\u016fsob zji\u0161t\u011bn\u00ed pot\u0159ebn\u00e9 velikosti: tri\u010dko \u010di kalhoty, kter\u00e9 V\u00e1m p\u0159esn\u011b sed\u00ed, polo\u017ete na st\u016fl a v napnut\u00e9m stavu zm\u011b\u0159te \u0161\u00ed\u0159ku i v\u00fd\u0161ku dresu. Nam\u011b\u0159en\u00e9 hodnoty porovnejte s tabulkou.&hellip; <br \/><a class=\"read-more-button\" href=\"https:\/\/dev.bison.cz\/en\/sports\/lacrosse\/size-tables\/women-jerseys\/\">Read more<\/a><\/p>\n","protected":false},"author":1,"featured_media":0,"parent":589,"menu_order":0,"comment_status":"closed","ping_status":"closed","template":"","meta":[],"_links":{"self":[{"href":"https:\/\/dev.bison.cz\/en\/wp-json\/wp\/v2\/pages\/2246"}],"collection":[{"href":"https:\/\/dev.bison.cz\/en\/wp-json\/wp\/v2\/pages"}],"about":[{"href":"https:\/\/dev.bison.cz\/en\/wp-json\/wp\/v2\/types\/page"}],"author":[{"embeddable":true,"href":"https:\/\/dev.bison.cz\/en\/wp-json\/wp\/v2\/users\/1"}],"replies":[{"embeddable":true,"href":"https:\/\/dev.bison.cz\/en\/wp-json\/wp\/v2\/comments?post=2246"}],"version-history":[{"count":9,"href":"https:\/\/dev.bison.cz\/en\/wp-json\/wp\/v2\/pages\/2246\/revisions"}],"predecessor-version":[{"id":7377,"href":"https:\/\/dev.bison.cz\/en\/wp-json\/wp\/v2\/pages\/2246\/revisions\/7377"}],"up":[{"embeddable":true,"href":"https:\/\/dev.bison.cz\/en\/wp-json\/wp\/v2\/pages\/589"}],"wp:attachment":[{"href":"https:\/\/dev.bison.cz\/en\/wp-json\/wp\/v2\/media?parent=2246"}],"curies":[{"name":"wp","href":"https:\/\/api.w.org\/{rel}","templated":true}]}}