{"id":2245,"date":"2016-02-07T21:18:37","date_gmt":"2016-02-07T20:18:37","guid":{"rendered":"https:\/\/www.dev.bison.cz\/en\/?page_id=2245"},"modified":"2021-11-13T10:11:28","modified_gmt":"2021-11-13T09:11:28","slug":"men-jerseys-box-lacrosse","status":"publish","type":"page","link":"https:\/\/dev.bison.cz\/en\/sports\/lacrosse\/size-tables\/men-jerseys-box-lacrosse\/","title":{"rendered":"Men jerseys BOX LACROSSE"},"content":{"rendered":"<div class=\"menu-inline\">\n<h1>Velikostn\u00ed tabulka dres\u016f Box Lakros.<\/h1>\n<h3>INFO<\/h3>\n<p>C &#8211; hranat\u00e9 sedlo<br \/>\nC+F &#8211; kulat\u00e9 sedlo<\/p>\n<h3>VELIKOSTN\u00cd TABULKA &#8211; DODATEK<\/h3>\n<p>Uveden\u00e9 rozm\u011bry uv\u00e1d\u011bj\u00ed \u0161\u00ed\u0159ku dresu, NE obvod.<\/p>\n<p>Doporu\u010den\u00fd zp\u016fsob zji\u0161t\u011bn\u00ed pot\u0159ebn\u00e9 velikosti: tri\u010dko \u010di kalhoty, kter\u00e9 V\u00e1m p\u0159esn\u011b sed\u00ed, polo\u017ete na st\u016fl a v napnut\u00e9m stavu zm\u011b\u0159te \u0161\u00ed\u0159ku i v\u00fd\u0161ku dresu. Nam\u011b\u0159en\u00e9 hodnoty porovnejte s tabulkou.<\/p>\n<p>Pozor, rozm\u011br pr\u016framku m\u016f\u017ee ovlivnit i vybran\u00fd typ l\u00edmce. Velikostn\u00ed tabulky jsou pouze orienta\u010dn\u00ed. Jestli\u017ee budete na rozhran\u00ed dvou velikost\u00ed, pro v\u011bt\u0161\u00ed pohodl\u00ed doporu\u010dujeme zvolit vy\u0161\u0161\u00ed velikost. Pozor: tolerance \u0161\u00ed\u0159e i d\u00e9lky dresu +\/- 2cm<\/p>\n<p>V p\u0159\u00edpad\u011b po\u017eadavku na individu\u00e1ln\u00ed \u00fapravy d\u00e9lek produkt\u016f mimo rozm\u011bry uveden\u00e9 v tabulce si \u00fa\u010dtujeme poplatek 50,- K\u010d\/ks bez DPH.<\/p>\n<hr \/>\n<h3 style=\"text-align: center;\"><a href=\"#box\">BOX LAKROS<\/a>\u00a0\/\u00a0<a href=\"#box-goal\">BOX LAKROS GOAL<\/a><\/h3>\n<\/div>\n<hr \/>\n<p><img id=\"box\" class=\"wp-image-88494 size-full aligncenter\" src=\"https:\/\/www.dev.bison.cz\/en\/wp-content\/uploads\/2021\/11\/vel-tab-hokej-new-2-3.jpg\" alt=\"\" width=\"650\" height=\"1446\" srcset=\"https:\/\/dev.bison.cz\/en\/wp-content\/uploads\/2021\/11\/vel-tab-hokej-new-2-3.jpg 650w, https:\/\/dev.bison.cz\/en\/wp-content\/uploads\/2021\/11\/vel-tab-hokej-new-2-3-135x300.jpg 135w, https:\/\/dev.bison.cz\/en\/wp-content\/uploads\/2021\/11\/vel-tab-hokej-new-2-3-460x1024.jpg 460w\" sizes=\"(max-width: 650px) 100vw, 650px\" \/><\/p>\n<hr \/>\n<p><img id=\"box-goal\" class=\"aligncenter size-full wp-image-2263\" src=\"https:\/\/www.dev.bison.cz\/en\/wp-content\/uploads\/2016\/02\/box-lakros-goal.jpg\" alt=\"box-lakros-goal\" width=\"650\" height=\"530\" srcset=\"https:\/\/dev.bison.cz\/en\/wp-content\/uploads\/2016\/02\/box-lakros-goal.jpg 650w, https:\/\/dev.bison.cz\/en\/wp-content\/uploads\/2016\/02\/box-lakros-goal-300x245.jpg 300w\" sizes=\"(max-width: 650px) 100vw, 650px\" \/><\/p>\n<hr \/>\n<p><a class=\"krok-zpet\" href=\"https:\/\/www.dev.bison.cz\/en\/sports\/lacrosse\/size-tables\">Back<\/a><\/p>\n","protected":false},"excerpt":{"rendered":"<p>Velikostn\u00ed tabulka dres\u016f Box Lakros. INFO C &#8211; hranat\u00e9 sedlo C+F &#8211; kulat\u00e9 sedlo VELIKOSTN\u00cd TABULKA &#8211; DODATEK Uveden\u00e9 rozm\u011bry uv\u00e1d\u011bj\u00ed \u0161\u00ed\u0159ku dresu, NE obvod. Doporu\u010den\u00fd zp\u016fsob zji\u0161t\u011bn\u00ed pot\u0159ebn\u00e9 velikosti: tri\u010dko \u010di kalhoty, kter\u00e9 V\u00e1m p\u0159esn\u011b sed\u00ed, polo\u017ete na st\u016fl&hellip; <br \/><a class=\"read-more-button\" href=\"https:\/\/dev.bison.cz\/en\/sports\/lacrosse\/size-tables\/men-jerseys-box-lacrosse\/\">Read more<\/a><\/p>\n","protected":false},"author":1,"featured_media":0,"parent":589,"menu_order":0,"comment_status":"closed","ping_status":"closed","template":"","meta":[],"_links":{"self":[{"href":"https:\/\/dev.bison.cz\/en\/wp-json\/wp\/v2\/pages\/2245"}],"collection":[{"href":"https:\/\/dev.bison.cz\/en\/wp-json\/wp\/v2\/pages"}],"about":[{"href":"https:\/\/dev.bison.cz\/en\/wp-json\/wp\/v2\/types\/page"}],"author":[{"embeddable":true,"href":"https:\/\/dev.bison.cz\/en\/wp-json\/wp\/v2\/users\/1"}],"replies":[{"embeddable":true,"href":"https:\/\/dev.bison.cz\/en\/wp-json\/wp\/v2\/comments?post=2245"}],"version-history":[{"count":12,"href":"https:\/\/dev.bison.cz\/en\/wp-json\/wp\/v2\/pages\/2245\/revisions"}],"predecessor-version":[{"id":88495,"href":"https:\/\/dev.bison.cz\/en\/wp-json\/wp\/v2\/pages\/2245\/revisions\/88495"}],"up":[{"embeddable":true,"href":"https:\/\/dev.bison.cz\/en\/wp-json\/wp\/v2\/pages\/589"}],"wp:attachment":[{"href":"https:\/\/dev.bison.cz\/en\/wp-json\/wp\/v2\/media?parent=2245"}],"curies":[{"name":"wp","href":"https:\/\/api.w.org\/{rel}","templated":true}]}}