{"id":2244,"date":"2016-02-07T21:18:21","date_gmt":"2016-02-07T20:18:21","guid":{"rendered":"https:\/\/www.dev.bison.cz\/en\/?page_id=2244"},"modified":"2020-03-14T08:04:56","modified_gmt":"2020-03-14T07:04:56","slug":"men-jerseys","status":"publish","type":"page","link":"https:\/\/dev.bison.cz\/en\/sports\/lacrosse\/size-tables\/men-jerseys\/","title":{"rendered":"Men jerseys"},"content":{"rendered":"<div class=\"menu-inline\">\n<h1>Velikostn\u00ed tabulky dres\u016f Lakros.<\/h1>\n<h3>VELIKOSTN\u00cd TABULKA &#8211; DODATEK<\/h3>\n<p>Uveden\u00e9 rozm\u011bry uv\u00e1d\u011bj\u00ed \u0161\u00ed\u0159ku dresu, NE obvod.<\/p>\n<p>Doporu\u010den\u00fd zp\u016fsob zji\u0161t\u011bn\u00ed pot\u0159ebn\u00e9 velikosti: dres \u010di tri\u010dko, kter\u00e9 V\u00e1m p\u0159esn\u011b sed\u00ed, polo\u017ete na st\u016fl a v napnut\u00e9m stavu zm\u011b\u0159te \u0161\u00ed\u0159ku i v\u00fd\u0161ku dresu. Nam\u011b\u0159en\u00e9 hodnoty porovnejte s tabulkou.<\/p>\n<p>Pozor, rozm\u011br pr\u016framku m\u016f\u017ee ovlivnit i vybran\u00fd typ l\u00edmce. Velikostn\u00ed tabulky jsou pouze orienta\u010dn\u00ed. Jestli\u017ee budete na rozhran\u00ed dvou velikost\u00ed, pro v\u011bt\u0161\u00ed pohodl\u00ed doporu\u010dujeme zvolit vy\u0161\u0161\u00ed velikost. Pozor: tolerance \u0161\u00ed\u0159e i d\u00e9lky dresu +\/- 2cm<\/p>\n<p>V p\u0159\u00edpad\u011b po\u017eadavku na individu\u00e1ln\u00ed \u00fapravy d\u00e9lek produkt\u016f mimo rozm\u011bry uveden\u00e9 v tabulce si \u00fa\u010dtujeme poplatek 50,- K\u010d\/ks bez DPH.<\/p>\n<hr \/>\n<h3 style=\"text-align: center;\"><a href=\"#doblo\">Doblo<\/a>\u00a0\/\u00a0<a href=\"#klasik-muzi\">Klasik mu\u017ei<\/a>\u00a0\/\u00a0<a href=\"#raglan-muzi\">Ragl\u00e1n mu\u017ei<\/a><\/h3>\n<\/div>\n<hr \/>\n<p><img id=\"doblo\" class=\"wp-image-7583 size-full aligncenter\" src=\"https:\/\/www.dev.bison.cz\/en\/wp-content\/uploads\/2018\/12\/vel-tab-doblo-MU\u017dI.jpg\" alt=\"\" width=\"700\" height=\"1219\" srcset=\"https:\/\/dev.bison.cz\/en\/wp-content\/uploads\/2018\/12\/vel-tab-doblo-MU\u017dI.jpg 700w, https:\/\/dev.bison.cz\/en\/wp-content\/uploads\/2018\/12\/vel-tab-doblo-MU\u017dI-172x300.jpg 172w, https:\/\/dev.bison.cz\/en\/wp-content\/uploads\/2018\/12\/vel-tab-doblo-MU\u017dI-588x1024.jpg 588w\" sizes=\"(max-width: 700px) 100vw, 700px\" \/><\/p>\n<hr \/>\n<p><img id=\"klasik-muzi\" class=\"wp-image-8543 size-full aligncenter\" src=\"https:\/\/www.dev.bison.cz\/en\/wp-content\/uploads\/2020\/03\/vel-tab-KLASIK-P\u00c1NSK\u00dd.jpg\" alt=\"\" width=\"650\" height=\"959\" srcset=\"https:\/\/dev.bison.cz\/en\/wp-content\/uploads\/2020\/03\/vel-tab-KLASIK-P\u00c1NSK\u00dd.jpg 650w, https:\/\/dev.bison.cz\/en\/wp-content\/uploads\/2020\/03\/vel-tab-KLASIK-P\u00c1NSK\u00dd-203x300.jpg 203w\" sizes=\"(max-width: 650px) 100vw, 650px\" \/><\/p>\n<hr \/>\n<p><img id=\"raglan-muzi\" class=\"wp-image-8544 size-full aligncenter\" src=\"https:\/\/www.dev.bison.cz\/en\/wp-content\/uploads\/2020\/03\/vel-tab-RAGL\u00c1N-P\u00c1NSK\u00dd.jpg\" alt=\"\" width=\"650\" height=\"1075\" srcset=\"https:\/\/dev.bison.cz\/en\/wp-content\/uploads\/2020\/03\/vel-tab-RAGL\u00c1N-P\u00c1NSK\u00dd.jpg 650w, https:\/\/dev.bison.cz\/en\/wp-content\/uploads\/2020\/03\/vel-tab-RAGL\u00c1N-P\u00c1NSK\u00dd-181x300.jpg 181w, https:\/\/dev.bison.cz\/en\/wp-content\/uploads\/2020\/03\/vel-tab-RAGL\u00c1N-P\u00c1NSK\u00dd-619x1024.jpg 619w\" sizes=\"(max-width: 650px) 100vw, 650px\" \/><\/p>\n<hr \/>\n<p><a class=\"krok-zpet\" href=\"https:\/\/www.dev.bison.cz\/en\/sports\/lacrosse\/size-tables\">Back<\/a><\/p>\n","protected":false},"excerpt":{"rendered":"<p>Velikostn\u00ed tabulky dres\u016f Lakros. VELIKOSTN\u00cd TABULKA &#8211; DODATEK Uveden\u00e9 rozm\u011bry uv\u00e1d\u011bj\u00ed \u0161\u00ed\u0159ku dresu, NE obvod. Doporu\u010den\u00fd zp\u016fsob zji\u0161t\u011bn\u00ed pot\u0159ebn\u00e9 velikosti: dres \u010di tri\u010dko, kter\u00e9 V\u00e1m p\u0159esn\u011b sed\u00ed, polo\u017ete na st\u016fl a v napnut\u00e9m stavu zm\u011b\u0159te \u0161\u00ed\u0159ku i v\u00fd\u0161ku dresu. Nam\u011b\u0159en\u00e9&hellip; <br \/><a class=\"read-more-button\" href=\"https:\/\/dev.bison.cz\/en\/sports\/lacrosse\/size-tables\/men-jerseys\/\">Read more<\/a><\/p>\n","protected":false},"author":1,"featured_media":0,"parent":589,"menu_order":0,"comment_status":"closed","ping_status":"closed","template":"","meta":[],"_links":{"self":[{"href":"https:\/\/dev.bison.cz\/en\/wp-json\/wp\/v2\/pages\/2244"}],"collection":[{"href":"https:\/\/dev.bison.cz\/en\/wp-json\/wp\/v2\/pages"}],"about":[{"href":"https:\/\/dev.bison.cz\/en\/wp-json\/wp\/v2\/types\/page"}],"author":[{"embeddable":true,"href":"https:\/\/dev.bison.cz\/en\/wp-json\/wp\/v2\/users\/1"}],"replies":[{"embeddable":true,"href":"https:\/\/dev.bison.cz\/en\/wp-json\/wp\/v2\/comments?post=2244"}],"version-history":[{"count":13,"href":"https:\/\/dev.bison.cz\/en\/wp-json\/wp\/v2\/pages\/2244\/revisions"}],"predecessor-version":[{"id":8551,"href":"https:\/\/dev.bison.cz\/en\/wp-json\/wp\/v2\/pages\/2244\/revisions\/8551"}],"up":[{"embeddable":true,"href":"https:\/\/dev.bison.cz\/en\/wp-json\/wp\/v2\/pages\/589"}],"wp:attachment":[{"href":"https:\/\/dev.bison.cz\/en\/wp-json\/wp\/v2\/media?parent=2244"}],"curies":[{"name":"wp","href":"https:\/\/api.w.org\/{rel}","templated":true}]}}