{"id":2215,"date":"2016-02-07T17:39:51","date_gmt":"2016-02-07T16:39:51","guid":{"rendered":"https:\/\/www.dev.bison.cz\/en\/?page_id=2215"},"modified":"2021-11-13T10:09:33","modified_gmt":"2021-11-13T09:09:33","slug":"in-line-hockey-jerseys","status":"publish","type":"page","link":"https:\/\/dev.bison.cz\/en\/sports\/in-line-hockey\/size-tables\/in-line-hockey-jerseys\/","title":{"rendered":"In-line hockey jerseys"},"content":{"rendered":"<div class=\"menu-inline\">\n<h1>Velikostn\u00ed tabulky In-line dresy.<\/h1>\n<h3>INFO<\/h3>\n<p>C &#8211; hranat\u00e9 sedlo<br \/>\nC+F &#8211; kulat\u00e9 sedlo<\/p>\n<h3>VELIKOSTN\u00cd TABULKA &#8211; DODATEK<\/h3>\n<p>Uveden\u00e9 rozm\u011bry uv\u00e1d\u011bj\u00ed \u0161\u00ed\u0159ku dresu, NE obvod.<\/p>\n<p>Doporu\u010den\u00fd zp\u016fsob zji\u0161t\u011bn\u00ed pot\u0159ebn\u00e9 velikosti: tri\u010dko nebo dres, kter\u00fd V\u00e1m p\u0159esn\u011b sed\u00ed, polo\u017ete na st\u016fl a v napnut\u00e9m stavu zm\u011b\u0159te \u0161\u00ed\u0159ku i v\u00fd\u0161ku dresu. Nam\u011b\u0159en\u00e9 hodnoty porovnejte s tabulkou.<\/p>\n<p>Pozor, rozm\u011br pr\u016framku m\u016f\u017ee ovlivnit i vybran\u00fd typ l\u00edmce. Velikostn\u00ed tabulky jsou pouze orienta\u010dn\u00ed. Jestli\u017ee budete na rozhran\u00ed dvou velikost\u00ed, pro v\u011bt\u0161\u00ed pohodl\u00ed doporu\u010dujeme zvolit vy\u0161\u0161\u00ed velikost. Pozor: tolerance \u0161\u00ed\u0159e i d\u00e9lky dresu +\/- 2cm<\/p>\n<p>V p\u0159\u00edpad\u011b po\u017eadavku na individu\u00e1ln\u00ed \u00fapravy d\u00e9lek produkt\u016f mimo rozm\u011bry uveden\u00e9 v tabulce si \u00fa\u010dtujeme poplatek 50,- K\u010d\/ks bez DPH.<\/p>\n<hr \/>\n<h3 style=\"text-align: center;\"><a href=\"#dresy\">Dresy hokej<\/a>\u00a0\/\u00a0<a href=\"#rozhodci\">Rozhod\u010d\u00ed<\/a><\/h3>\n<\/div>\n<hr \/>\n<p><img id=\"dresy\" class=\"wp-image-88486 size-full aligncenter\" src=\"https:\/\/www.dev.bison.cz\/en\/wp-content\/uploads\/2021\/11\/vel-tab-hokej-new-2-2.jpg\" alt=\"\" width=\"650\" height=\"1446\" srcset=\"https:\/\/dev.bison.cz\/en\/wp-content\/uploads\/2021\/11\/vel-tab-hokej-new-2-2.jpg 650w, https:\/\/dev.bison.cz\/en\/wp-content\/uploads\/2021\/11\/vel-tab-hokej-new-2-2-135x300.jpg 135w, https:\/\/dev.bison.cz\/en\/wp-content\/uploads\/2021\/11\/vel-tab-hokej-new-2-2-460x1024.jpg 460w\" sizes=\"(max-width: 650px) 100vw, 650px\" \/><\/p>\n<p><img class=\"wp-image-8065 size-full aligncenter\" src=\"https:\/\/www.dev.bison.cz\/en\/wp-content\/uploads\/2019\/11\/vel-tab-fit.jpg\" alt=\"\" width=\"707\" height=\"1083\" srcset=\"https:\/\/dev.bison.cz\/en\/wp-content\/uploads\/2019\/11\/vel-tab-fit.jpg 707w, https:\/\/dev.bison.cz\/en\/wp-content\/uploads\/2019\/11\/vel-tab-fit-196x300.jpg 196w, https:\/\/dev.bison.cz\/en\/wp-content\/uploads\/2019\/11\/vel-tab-fit-668x1024.jpg 668w\" sizes=\"(max-width: 707px) 100vw, 707px\" \/><\/p>\n<p><img class=\"size-full wp-image-9004 aligncenter\" src=\"https:\/\/www.dev.bison.cz\/en\/wp-content\/uploads\/2020\/04\/vel-tab-hokej-goal-final.jpg\" alt=\"\" width=\"650\" height=\"785\" srcset=\"https:\/\/dev.bison.cz\/en\/wp-content\/uploads\/2020\/04\/vel-tab-hokej-goal-final.jpg 650w, https:\/\/dev.bison.cz\/en\/wp-content\/uploads\/2020\/04\/vel-tab-hokej-goal-final-248x300.jpg 248w\" sizes=\"(max-width: 650px) 100vw, 650px\" \/><\/p>\n<hr \/>\n<hr \/>\n<p><img id=\"rozhodci\" class=\"aligncenter size-full wp-image-2220\" src=\"https:\/\/www.dev.bison.cz\/en\/wp-content\/uploads\/2016\/02\/rozhodci.jpg\" alt=\"rozhodci\" width=\"652\" height=\"761\" srcset=\"https:\/\/dev.bison.cz\/en\/wp-content\/uploads\/2016\/02\/rozhodci.jpg 652w, https:\/\/dev.bison.cz\/en\/wp-content\/uploads\/2016\/02\/rozhodci-257x300.jpg 257w\" sizes=\"(max-width: 652px) 100vw, 652px\" \/><\/p>\n<hr \/>\n<p><a class=\"krok-zpet\" href=\"https:\/\/www.dev.bison.cz\/en\/sports\/in-line-hockey\/size-tables\">Back<\/a><\/p>\n","protected":false},"excerpt":{"rendered":"<p>Velikostn\u00ed tabulky In-line dresy. INFO C &#8211; hranat\u00e9 sedlo C+F &#8211; kulat\u00e9 sedlo VELIKOSTN\u00cd TABULKA &#8211; DODATEK Uveden\u00e9 rozm\u011bry uv\u00e1d\u011bj\u00ed \u0161\u00ed\u0159ku dresu, NE obvod. Doporu\u010den\u00fd zp\u016fsob zji\u0161t\u011bn\u00ed pot\u0159ebn\u00e9 velikosti: tri\u010dko nebo dres, kter\u00fd V\u00e1m p\u0159esn\u011b sed\u00ed, polo\u017ete na st\u016fl a&hellip; <br \/><a class=\"read-more-button\" href=\"https:\/\/dev.bison.cz\/en\/sports\/in-line-hockey\/size-tables\/in-line-hockey-jerseys\/\">Read more<\/a><\/p>\n","protected":false},"author":1,"featured_media":0,"parent":585,"menu_order":0,"comment_status":"closed","ping_status":"closed","template":"","meta":[],"_links":{"self":[{"href":"https:\/\/dev.bison.cz\/en\/wp-json\/wp\/v2\/pages\/2215"}],"collection":[{"href":"https:\/\/dev.bison.cz\/en\/wp-json\/wp\/v2\/pages"}],"about":[{"href":"https:\/\/dev.bison.cz\/en\/wp-json\/wp\/v2\/types\/page"}],"author":[{"embeddable":true,"href":"https:\/\/dev.bison.cz\/en\/wp-json\/wp\/v2\/users\/1"}],"replies":[{"embeddable":true,"href":"https:\/\/dev.bison.cz\/en\/wp-json\/wp\/v2\/comments?post=2215"}],"version-history":[{"count":14,"href":"https:\/\/dev.bison.cz\/en\/wp-json\/wp\/v2\/pages\/2215\/revisions"}],"predecessor-version":[{"id":88488,"href":"https:\/\/dev.bison.cz\/en\/wp-json\/wp\/v2\/pages\/2215\/revisions\/88488"}],"up":[{"embeddable":true,"href":"https:\/\/dev.bison.cz\/en\/wp-json\/wp\/v2\/pages\/585"}],"wp:attachment":[{"href":"https:\/\/dev.bison.cz\/en\/wp-json\/wp\/v2\/media?parent=2215"}],"curies":[{"name":"wp","href":"https:\/\/api.w.org\/{rel}","templated":true}]}}