{"id":2196,"date":"2016-02-07T17:26:40","date_gmt":"2016-02-07T16:26:40","guid":{"rendered":"https:\/\/www.dev.bison.cz\/en\/?page_id=2196"},"modified":"2021-05-08T08:30:47","modified_gmt":"2021-05-08T06:30:47","slug":"handball-shorts","status":"publish","type":"page","link":"https:\/\/dev.bison.cz\/en\/sports\/handball\/size-tables\/handball-shorts\/","title":{"rendered":"Handball shorts"},"content":{"rendered":"\n<h2>Velikostn\u00ed tabulky pro h\u00e1zenk\u00e1\u0159sk\u00e9 tren\u00fdrky. <\/h2>\n\n\n\n<h3>VELIKOSTN\u00cd TABULKA &#8211; DODATEK <\/h3>\n\n\n\n<p>Uveden\u00e9 rozm\u011bry uv\u00e1d\u011bj\u00ed \u0161\u00ed\u0159ku dresu, NE obvod.<\/p>\n\n\n\n<p>Doporu\u010den\u00fd zp\u016fsob zji\u0161t\u011bn\u00ed pot\u0159ebn\u00e9 velikosti: tren\u00fdrky, kter\u00e9 V\u00e1m p\u0159esn\u011b sed\u00ed, polo\u017ete na st\u016fl a v napnut\u00e9m stavu zm\u011b\u0159te \u0161\u00ed\u0159ku i v\u00fd\u0161ku tren\u00fdrek. Nam\u011b\u0159en\u00e9 hodnoty porovnejte s tabulkou.<\/p>\n\n\n\n<p>Velikostn\u00ed tabulky jsou pouze orienta\u010dn\u00ed. Jestli\u017ee budete na rozhran\u00ed dvou velikost\u00ed, pro v\u011bt\u0161\u00ed pohodl\u00ed doporu\u010dujeme zvolit vy\u0161\u0161\u00ed velikost. Pozor: tolerance \u0161\u00ed\u0159e i d\u00e9lky dresu +\/- 2cm<\/p>\n\n\n\n<p>V p\u0159\u00edpad\u011b po\u017eadavku na individu\u00e1ln\u00ed \u00fapravy d\u00e9lek produkt\u016f mimo rozm\u011bry uveden\u00e9 v tabulce si \u00fa\u010dtujeme poplatek 50,- K\u010d\/ks bez DPH.<\/p>\n\n\n\n<h3 class=\"has-text-align-center\"><a href=\"#panske\">Tren\u00fdrky p\u00e1nsk\u00e9<\/a>&nbsp;\/&nbsp;<a href=\"#damske\">Tren\u00fdrky d\u00e1msk\u00e9<\/a>&nbsp;\/&nbsp;<a href=\"#panske-elastik\">Tren\u00fdrky p\u00e1nsk\u00e9 elastick\u00e9<\/a>&nbsp;\/&nbsp;<a href=\"#damske-elastik\">Tren\u00fdrky d\u00e1msk\u00e9 elastick\u00e9<\/a><\/h3>\n\n\n\n<hr class=\"wp-block-separator\"\/>\n\n\n\n<h4 id=\"panske\">P\u00e1nsk\u00e9<\/h4>\n\n\n\n<div class=\"wp-block-image\"><figure class=\"aligncenter size-large\"><img width=\"741\" height=\"1024\" src=\"https:\/\/www.dev.bison.cz\/en\/wp-content\/uploads\/2021\/05\/vel_tab_trenky_fotbal-new-1-1-741x1024.jpg\" alt=\"\" class=\"wp-image-28140\" srcset=\"https:\/\/dev.bison.cz\/en\/wp-content\/uploads\/2021\/05\/vel_tab_trenky_fotbal-new-1-1-741x1024.jpg 741w, https:\/\/dev.bison.cz\/en\/wp-content\/uploads\/2021\/05\/vel_tab_trenky_fotbal-new-1-1-217x300.jpg 217w, https:\/\/dev.bison.cz\/en\/wp-content\/uploads\/2021\/05\/vel_tab_trenky_fotbal-new-1-1-1111x1536.jpg 1111w, https:\/\/dev.bison.cz\/en\/wp-content\/uploads\/2021\/05\/vel_tab_trenky_fotbal-new-1-1-scaled.jpg 1481w, https:\/\/dev.bison.cz\/en\/wp-content\/uploads\/2021\/05\/vel_tab_trenky_fotbal-new-1-1-1170x1618.jpg 1170w\" sizes=\"(max-width: 741px) 100vw, 741px\" \/><\/figure><\/div>\n\n\n\n<hr class=\"wp-block-separator\"\/>\n\n\n\n<h4 id=\"damske\">D\u00e1msk\u00e9<\/h4>\n\n\n\n<div class=\"wp-block-image\"><figure class=\"aligncenter\"><img width=\"657\" height=\"1024\" src=\"https:\/\/www.dev.bison.cz\/en\/wp-content\/uploads\/2019\/11\/trenky-d\u00e1msk\u00e9-h\u00e1zen\u00e1-657x1024.jpg\" alt=\"\" class=\"wp-image-8463\" srcset=\"https:\/\/dev.bison.cz\/en\/wp-content\/uploads\/2019\/11\/trenky-d\u00e1msk\u00e9-h\u00e1zen\u00e1-657x1024.jpg 657w, https:\/\/dev.bison.cz\/en\/wp-content\/uploads\/2019\/11\/trenky-d\u00e1msk\u00e9-h\u00e1zen\u00e1-193x300.jpg 193w, https:\/\/dev.bison.cz\/en\/wp-content\/uploads\/2019\/11\/trenky-d\u00e1msk\u00e9-h\u00e1zen\u00e1-1170x1823.jpg 1170w, https:\/\/dev.bison.cz\/en\/wp-content\/uploads\/2019\/11\/trenky-d\u00e1msk\u00e9-h\u00e1zen\u00e1.jpg 1314w\" sizes=\"(max-width: 657px) 100vw, 657px\" \/><\/figure><\/div>\n\n\n\n<hr class=\"wp-block-separator\"\/>\n\n\n\n<h4 id=\"panske-elastik\">P\u00e1nsk\u00e9 &#8211; elastick\u00e9<\/h4>\n\n\n\n<div class=\"wp-block-image\"><figure class=\"aligncenter\"><img width=\"649\" height=\"981\" src=\"https:\/\/www.dev.bison.cz\/en\/wp-content\/uploads\/2019\/11\/atletika-p\u00e1nsk\u00e9-trenky.jpg\" alt=\"\" class=\"wp-image-8457\" srcset=\"https:\/\/dev.bison.cz\/en\/wp-content\/uploads\/2019\/11\/atletika-p\u00e1nsk\u00e9-trenky.jpg 649w, https:\/\/dev.bison.cz\/en\/wp-content\/uploads\/2019\/11\/atletika-p\u00e1nsk\u00e9-trenky-198x300.jpg 198w\" sizes=\"(max-width: 649px) 100vw, 649px\" \/><\/figure><\/div>\n\n\n\n<hr class=\"wp-block-separator\"\/>\n\n\n\n<h4 id=\"damske-elastik\">D\u00e1msk\u00e9 &#8211; elastick\u00e9<\/h4>\n\n\n\n<figure class=\"wp-block-image\"><img width=\"649\" height=\"981\" src=\"https:\/\/www.dev.bison.cz\/en\/wp-content\/uploads\/2019\/11\/atletika-d\u00e1msk\u00e9-trenky.jpg\" alt=\"\" class=\"wp-image-8458\" srcset=\"https:\/\/dev.bison.cz\/en\/wp-content\/uploads\/2019\/11\/atletika-d\u00e1msk\u00e9-trenky.jpg 649w, https:\/\/dev.bison.cz\/en\/wp-content\/uploads\/2019\/11\/atletika-d\u00e1msk\u00e9-trenky-198x300.jpg 198w\" sizes=\"(max-width: 649px) 100vw, 649px\" \/><\/figure>\n\n\n\n<hr class=\"wp-block-separator\"\/>\n\n\n\n<p class=\"krok-zpet\"><a href=\"https:\/\/www.dev.bison.cz\/en\/sports\/handball\/size-tables\">Back<\/a><\/p>\n","protected":false},"excerpt":{"rendered":"<p>Velikostn\u00ed tabulky pro h\u00e1zenk\u00e1\u0159sk\u00e9 tren\u00fdrky. VELIKOSTN\u00cd TABULKA &#8211; DODATEK Uveden\u00e9 rozm\u011bry uv\u00e1d\u011bj\u00ed \u0161\u00ed\u0159ku dresu, NE obvod. Doporu\u010den\u00fd zp\u016fsob zji\u0161t\u011bn\u00ed pot\u0159ebn\u00e9 velikosti: tren\u00fdrky, kter\u00e9 V\u00e1m p\u0159esn\u011b sed\u00ed, polo\u017ete na st\u016fl a v napnut\u00e9m stavu zm\u011b\u0159te \u0161\u00ed\u0159ku i v\u00fd\u0161ku tren\u00fdrek. Nam\u011b\u0159en\u00e9 hodnoty&hellip; <br \/><a class=\"read-more-button\" href=\"https:\/\/dev.bison.cz\/en\/sports\/handball\/size-tables\/handball-shorts\/\">Read more<\/a><\/p>\n","protected":false},"author":1,"featured_media":0,"parent":581,"menu_order":0,"comment_status":"closed","ping_status":"closed","template":"","meta":[],"_links":{"self":[{"href":"https:\/\/dev.bison.cz\/en\/wp-json\/wp\/v2\/pages\/2196"}],"collection":[{"href":"https:\/\/dev.bison.cz\/en\/wp-json\/wp\/v2\/pages"}],"about":[{"href":"https:\/\/dev.bison.cz\/en\/wp-json\/wp\/v2\/types\/page"}],"author":[{"embeddable":true,"href":"https:\/\/dev.bison.cz\/en\/wp-json\/wp\/v2\/users\/1"}],"replies":[{"embeddable":true,"href":"https:\/\/dev.bison.cz\/en\/wp-json\/wp\/v2\/comments?post=2196"}],"version-history":[{"count":11,"href":"https:\/\/dev.bison.cz\/en\/wp-json\/wp\/v2\/pages\/2196\/revisions"}],"predecessor-version":[{"id":28141,"href":"https:\/\/dev.bison.cz\/en\/wp-json\/wp\/v2\/pages\/2196\/revisions\/28141"}],"up":[{"embeddable":true,"href":"https:\/\/dev.bison.cz\/en\/wp-json\/wp\/v2\/pages\/581"}],"wp:attachment":[{"href":"https:\/\/dev.bison.cz\/en\/wp-json\/wp\/v2\/media?parent=2196"}],"curies":[{"name":"wp","href":"https:\/\/api.w.org\/{rel}","templated":true}]}}