{"id":2121,"date":"2016-02-07T16:33:30","date_gmt":"2016-02-07T15:33:30","guid":{"rendered":"https:\/\/www.dev.bison.cz\/en\/?page_id=2121"},"modified":"2019-06-15T09:33:20","modified_gmt":"2019-06-15T08:33:20","slug":"cycling-pants","status":"publish","type":"page","link":"https:\/\/dev.bison.cz\/en\/sports\/cycling-sports\/size-tables\/cycling-pants\/","title":{"rendered":"Cycling pants"},"content":{"rendered":"<h3>INFORMACE<\/h3>\n<p>Pro v\u00fdb\u011br velikosti cyklo kalhot pr\u00e1v\u011b pro V\u00e1s, vych\u00e1zejte z uveden\u00e9ho obvodu pasu a d\u00e1le tak\u00e9 z size tables pro cyklistick\u00e9 dresy. Na Va\u0161i postavu zvolte stejnou velikost kalhot jako u dresu. D\u00e9lka \u0161l\u00ed je koncipov\u00e1na na pr\u016fm\u011brnou postavu (nap\u0159. vel. XL pro v\u00fd\u0161ku postavy cca 178 cm). V p\u0159\u00edpad\u011b atypick\u00e9 postavy uve\u010fte do objedn\u00e1vky Va\u0161i v\u00fd\u0161ku a d\u00e9lka \u0161l\u00ed bude upravena.<\/p>\n<h3>VELIKOSTN\u00cd TABULKA &#8211; DODATEK<\/h3>\n<p>Uveden\u00e9 rozm\u011bry uv\u00e1d\u011bj\u00ed \u0161\u00ed\u0159ku dresu, NE obvod.<\/p>\n<p>Doporu\u010den\u00fd zp\u016fsob zji\u0161t\u011bn\u00ed pot\u0159ebn\u00e9 velikosti: tri\u010dko \u010di kalhoty, kter\u00e9 V\u00e1m p\u0159esn\u011b sed\u00ed, polo\u017ete na st\u016fl a v napnut\u00e9m stavu zm\u011b\u0159te \u0161\u00ed\u0159ku i v\u00fd\u0161ku dresu. Nam\u011b\u0159en\u00e9 hodnoty porovnejte s tabulkou.<\/p>\n<p>Pozor, rozm\u011br pr\u016framku m\u016f\u017ee ovlivnit i vybran\u00fd typ l\u00edmce. Velikostn\u00ed tabulky jsou pouze orienta\u010dn\u00ed. Jestli\u017ee budete na rozhran\u00ed dvou velikost\u00ed, pro v\u011bt\u0161\u00ed pohodl\u00ed doporu\u010dujeme zvolit vy\u0161\u0161\u00ed velikost. Pozor: tolerance \u0161\u00ed\u0159e i d\u00e9lky dresu +\/- 2cm<\/p>\n<p>V p\u0159\u00edpad\u011b po\u017eadavku na individu\u00e1ln\u00ed \u00fapravy d\u00e9lek produkt\u016f mimo rozm\u011bry uveden\u00e9 v tabulce si \u00fa\u010dtujeme poplatek 50,- K\u010d\/ks bez DPH.<\/p>\n<hr \/>\n<p><img class=\"wp-image-7848 size-full aligncenter\" src=\"https:\/\/www.dev.bison.cz\/en\/wp-content\/uploads\/2019\/06\/vel-tab-cyklo-kalhoty.jpg\" alt=\"\" width=\"649\" height=\"824\" srcset=\"https:\/\/dev.bison.cz\/en\/wp-content\/uploads\/2019\/06\/vel-tab-cyklo-kalhoty.jpg 649w, https:\/\/dev.bison.cz\/en\/wp-content\/uploads\/2019\/06\/vel-tab-cyklo-kalhoty-236x300.jpg 236w\" sizes=\"(max-width: 649px) 100vw, 649px\" \/><\/p>\n<hr \/>\n<p><a class=\"krok-zpet\" href=\"https:\/\/www.dev.bison.cz\/en\/sports\/cycling\/size-tables\">Back<\/a><\/p>\n","protected":false},"excerpt":{"rendered":"<p>INFORMACE Pro v\u00fdb\u011br velikosti cyklo kalhot pr\u00e1v\u011b pro V\u00e1s, vych\u00e1zejte z uveden\u00e9ho obvodu pasu a d\u00e1le tak\u00e9 z size tables pro cyklistick\u00e9 dresy. Na Va\u0161i postavu zvolte stejnou velikost kalhot jako u dresu. D\u00e9lka \u0161l\u00ed je koncipov\u00e1na na pr\u016fm\u011brnou postavu&hellip; <br \/><a class=\"read-more-button\" href=\"https:\/\/dev.bison.cz\/en\/sports\/cycling-sports\/size-tables\/cycling-pants\/\">Read more<\/a><\/p>\n","protected":false},"author":1,"featured_media":0,"parent":568,"menu_order":0,"comment_status":"closed","ping_status":"closed","template":"","meta":[],"_links":{"self":[{"href":"https:\/\/dev.bison.cz\/en\/wp-json\/wp\/v2\/pages\/2121"}],"collection":[{"href":"https:\/\/dev.bison.cz\/en\/wp-json\/wp\/v2\/pages"}],"about":[{"href":"https:\/\/dev.bison.cz\/en\/wp-json\/wp\/v2\/types\/page"}],"author":[{"embeddable":true,"href":"https:\/\/dev.bison.cz\/en\/wp-json\/wp\/v2\/users\/1"}],"replies":[{"embeddable":true,"href":"https:\/\/dev.bison.cz\/en\/wp-json\/wp\/v2\/comments?post=2121"}],"version-history":[{"count":7,"href":"https:\/\/dev.bison.cz\/en\/wp-json\/wp\/v2\/pages\/2121\/revisions"}],"predecessor-version":[{"id":7849,"href":"https:\/\/dev.bison.cz\/en\/wp-json\/wp\/v2\/pages\/2121\/revisions\/7849"}],"up":[{"embeddable":true,"href":"https:\/\/dev.bison.cz\/en\/wp-json\/wp\/v2\/pages\/568"}],"wp:attachment":[{"href":"https:\/\/dev.bison.cz\/en\/wp-json\/wp\/v2\/media?parent=2121"}],"curies":[{"name":"wp","href":"https:\/\/api.w.org\/{rel}","templated":true}]}}