{"id":2119,"date":"2016-02-07T16:33:32","date_gmt":"2016-02-07T15:33:32","guid":{"rendered":"https:\/\/www.dev.bison.cz\/en\/?page_id=2119"},"modified":"2020-11-04T15:52:08","modified_gmt":"2020-11-04T14:52:08","slug":"cycling-jerseys","status":"publish","type":"page","link":"https:\/\/dev.bison.cz\/en\/sports\/cycling-sports\/size-tables\/cycling-jerseys\/","title":{"rendered":"Cycling jerseys"},"content":{"rendered":"<div class=\"menu-inline\">\n<h3>LEGENDA<\/h3>\n<p>A &#8211; \u0161\u00ed\u0159ka hrudn\u00edku, B &#8211; \u0161\u00ed\u0159ka pasu, C &#8211; d\u00e9lka zadn\u00edho d\u00edlu, D &#8211; d\u00e9lka kr. ruk\u00e1vu, E &#8211; d\u00e9lka dl. ruk\u00e1vu, F &#8211; d\u00e9lka p\u0159edn\u00edho d\u00edlu, G &#8211; \u0161\u00ed\u0159ka bok\u016f<\/p>\n<h3>VELIKOSTN\u00cd TABULKA &#8211; DODATEK<\/h3>\n<p>Uveden\u00e9 rozm\u011bry uv\u00e1d\u011bj\u00ed \u0161\u00ed\u0159ku dresu, NE obvod.<\/p>\n<p>Doporu\u010den\u00fd zp\u016fsob zji\u0161t\u011bn\u00ed pot\u0159ebn\u00e9 velikosti: tri\u010dko \u010di kalhoty, kter\u00e9 V\u00e1m p\u0159esn\u011b sed\u00ed, polo\u017ete na st\u016fl a v napnut\u00e9m stavu zm\u011b\u0159te \u0161\u00ed\u0159ku i v\u00fd\u0161ku dresu. Nam\u011b\u0159en\u00e9 hodnoty porovnejte s tabulkou.<\/p>\n<p>Pozor, rozm\u011br pr\u016framku m\u016f\u017ee ovlivnit i vybran\u00fd typ l\u00edmce. Velikostn\u00ed tabulky jsou pouze orienta\u010dn\u00ed. Jestli\u017ee budete na rozhran\u00ed dvou velikost\u00ed, pro v\u011bt\u0161\u00ed pohodl\u00ed doporu\u010dujeme zvolit vy\u0161\u0161\u00ed velikost. Pozor: tolerance \u0161\u00ed\u0159e i d\u00e9lky dresu +\/- 2cm<\/p>\n<p>V p\u0159\u00edpad\u011b po\u017eadavku na individu\u00e1ln\u00ed \u00fapravy d\u00e9lek produkt\u016f mimo rozm\u011bry uveden\u00e9 v tabulce si \u00fa\u010dtujeme poplatek 50,- K\u010d\/ks bez DPH.<\/p>\n<hr \/>\n<h3 style=\"text-align: center;\"><a href=\"#muzi\">Cyklo &#8211; mu\u017ei<\/a>\u00a0\/\u00a0<a href=\"#zeny\">Cyklo &#8211; \u017eeny<\/a><\/h3>\n<\/div>\n<hr \/>\n<p><img id=\"muzi\" class=\"wp-image-21716 size-full aligncenter\" src=\"https:\/\/www.dev.bison.cz\/en\/wp-content\/uploads\/2020\/11\/vel_tab_cyklo_acton-new-pansky-web.jpg\" alt=\"\" width=\"649\" height=\"856\" srcset=\"https:\/\/dev.bison.cz\/en\/wp-content\/uploads\/2020\/11\/vel_tab_cyklo_acton-new-pansky-web.jpg 649w, https:\/\/dev.bison.cz\/en\/wp-content\/uploads\/2020\/11\/vel_tab_cyklo_acton-new-pansky-web-227x300.jpg 227w\" sizes=\"(max-width: 649px) 100vw, 649px\" \/><\/p>\n<hr \/>\n<p><img id=\"zeny\" class=\"aligncenter size-full wp-image-2132\" src=\"https:\/\/www.dev.bison.cz\/en\/wp-content\/uploads\/2016\/02\/cyklo-zeny.jpg\" alt=\"cyklo-zeny\" width=\"649\" height=\"730\" srcset=\"https:\/\/dev.bison.cz\/en\/wp-content\/uploads\/2016\/02\/cyklo-zeny.jpg 649w, https:\/\/dev.bison.cz\/en\/wp-content\/uploads\/2016\/02\/cyklo-zeny-267x300.jpg 267w\" sizes=\"(max-width: 649px) 100vw, 649px\" \/><\/p>\n<hr \/>\n<p><a class=\"krok-zpet\" href=\"https:\/\/www.dev.bison.cz\/en\/sports\/cycling\/size-tables\">Back<\/a><\/p>\n","protected":false},"excerpt":{"rendered":"<p>LEGENDA A &#8211; \u0161\u00ed\u0159ka hrudn\u00edku, B &#8211; \u0161\u00ed\u0159ka pasu, C &#8211; d\u00e9lka zadn\u00edho d\u00edlu, D &#8211; d\u00e9lka kr. ruk\u00e1vu, E &#8211; d\u00e9lka dl. ruk\u00e1vu, F &#8211; d\u00e9lka p\u0159edn\u00edho d\u00edlu, G &#8211; \u0161\u00ed\u0159ka bok\u016f VELIKOSTN\u00cd TABULKA &#8211; DODATEK Uveden\u00e9 rozm\u011bry uv\u00e1d\u011bj\u00ed&hellip; <br \/><a class=\"read-more-button\" href=\"https:\/\/dev.bison.cz\/en\/sports\/cycling-sports\/size-tables\/cycling-jerseys\/\">Read more<\/a><\/p>\n","protected":false},"author":1,"featured_media":0,"parent":568,"menu_order":0,"comment_status":"closed","ping_status":"closed","template":"","meta":[],"_links":{"self":[{"href":"https:\/\/dev.bison.cz\/en\/wp-json\/wp\/v2\/pages\/2119"}],"collection":[{"href":"https:\/\/dev.bison.cz\/en\/wp-json\/wp\/v2\/pages"}],"about":[{"href":"https:\/\/dev.bison.cz\/en\/wp-json\/wp\/v2\/types\/page"}],"author":[{"embeddable":true,"href":"https:\/\/dev.bison.cz\/en\/wp-json\/wp\/v2\/users\/1"}],"replies":[{"embeddable":true,"href":"https:\/\/dev.bison.cz\/en\/wp-json\/wp\/v2\/comments?post=2119"}],"version-history":[{"count":7,"href":"https:\/\/dev.bison.cz\/en\/wp-json\/wp\/v2\/pages\/2119\/revisions"}],"predecessor-version":[{"id":21717,"href":"https:\/\/dev.bison.cz\/en\/wp-json\/wp\/v2\/pages\/2119\/revisions\/21717"}],"up":[{"embeddable":true,"href":"https:\/\/dev.bison.cz\/en\/wp-json\/wp\/v2\/pages\/568"}],"wp:attachment":[{"href":"https:\/\/dev.bison.cz\/en\/wp-json\/wp\/v2\/media?parent=2119"}],"curies":[{"name":"wp","href":"https:\/\/api.w.org\/{rel}","templated":true}]}}