{"id":2105,"date":"2016-02-07T12:47:41","date_gmt":"2016-02-07T11:47:41","guid":{"rendered":"https:\/\/www.dev.bison.cz\/en\/?page_id=2105"},"modified":"2018-11-07T14:12:09","modified_gmt":"2018-11-07T13:12:09","slug":"warming-pants","status":"publish","type":"page","link":"https:\/\/dev.bison.cz\/en\/sports\/basketball\/size-tables\/warming-pants\/","title":{"rendered":"Warming pants"},"content":{"rendered":"<h1>Velikostn\u00ed tabulka basketbalov\u00fdch rozcvi\u010dovac\u00edch kalhot Bison Sportswear.<\/h1>\n<p>INFO<br \/>\nA &#8211; v\u00fd\u0161ka kalhot<br \/>\nB &#8211; obvod pasu<br \/>\nC &#8211; obvod nohavice (rozkrok)<\/p>\n<h3>VELIKOSTN\u00cd TABULKA &#8211; DODATEK<\/h3>\n<p>Uveden\u00e9 rozm\u011bry uv\u00e1d\u011bj\u00ed \u0161\u00ed\u0159ku kalhot, NE obvod.<\/p>\n<p>Doporu\u010den\u00fd zp\u016fsob zji\u0161t\u011bn\u00ed pot\u0159ebn\u00e9 velikosti: kalhoty, kter\u00e9 V\u00e1m p\u0159esn\u011b sed\u00ed, polo\u017ete na st\u016fl a v napnut\u00e9m stavu zm\u011b\u0159te \u0161\u00ed\u0159ku i v\u00fd\u0161ku. Nam\u011b\u0159en\u00e9 hodnoty porovnejte s tabulkou.<\/p>\n<p>Velikostn\u00ed tabulky jsou pouze orienta\u010dn\u00ed. Jestli\u017ee budete na rozhran\u00ed dvou velikost\u00ed, pro v\u011bt\u0161\u00ed pohodl\u00ed doporu\u010dujeme zvolit vy\u0161\u0161\u00ed velikost. Pozor: tolerance \u0161\u00ed\u0159e i d\u00e9lky\u00a0 +\/- 2cm<\/p>\n<p>V p\u0159\u00edpad\u011b po\u017eadavku na individu\u00e1ln\u00ed \u00fapravy d\u00e9lek produkt\u016f mimo rozm\u011bry uveden\u00e9 v tabulce si \u00fa\u010dtujeme poplatek 50,- K\u010d\/ks bez DPH.<\/p>\n<p><img class=\"aligncenter size-full wp-image-2113\" src=\"https:\/\/www.dev.bison.cz\/en\/wp-content\/uploads\/2016\/02\/kalhoty.jpg\" alt=\"kalhoty\" width=\"650\" height=\"1150\" srcset=\"https:\/\/dev.bison.cz\/en\/wp-content\/uploads\/2016\/02\/kalhoty.jpg 650w, https:\/\/dev.bison.cz\/en\/wp-content\/uploads\/2016\/02\/kalhoty-170x300.jpg 170w, https:\/\/dev.bison.cz\/en\/wp-content\/uploads\/2016\/02\/kalhoty-579x1024.jpg 579w\" sizes=\"(max-width: 650px) 100vw, 650px\" \/><\/p>\n<hr \/>\n<p>&nbsp;<\/p>\n<hr \/>\n<p><a class=\"krok-zpet\" href=\"https:\/\/www.dev.bison.cz\/en\/sports\/basketball\/size-tables\">Back<\/a><\/p>\n","protected":false},"excerpt":{"rendered":"<p>Velikostn\u00ed tabulka basketbalov\u00fdch rozcvi\u010dovac\u00edch kalhot Bison Sportswear. INFO A &#8211; v\u00fd\u0161ka kalhot B &#8211; obvod pasu C &#8211; obvod nohavice (rozkrok) VELIKOSTN\u00cd TABULKA &#8211; DODATEK Uveden\u00e9 rozm\u011bry uv\u00e1d\u011bj\u00ed \u0161\u00ed\u0159ku kalhot, NE obvod. Doporu\u010den\u00fd zp\u016fsob zji\u0161t\u011bn\u00ed pot\u0159ebn\u00e9 velikosti: kalhoty, kter\u00e9 V\u00e1m&hellip; <br \/><a class=\"read-more-button\" href=\"https:\/\/dev.bison.cz\/en\/sports\/basketball\/size-tables\/warming-pants\/\">Read more<\/a><\/p>\n","protected":false},"author":1,"featured_media":0,"parent":565,"menu_order":0,"comment_status":"closed","ping_status":"closed","template":"","meta":[],"_links":{"self":[{"href":"https:\/\/dev.bison.cz\/en\/wp-json\/wp\/v2\/pages\/2105"}],"collection":[{"href":"https:\/\/dev.bison.cz\/en\/wp-json\/wp\/v2\/pages"}],"about":[{"href":"https:\/\/dev.bison.cz\/en\/wp-json\/wp\/v2\/types\/page"}],"author":[{"embeddable":true,"href":"https:\/\/dev.bison.cz\/en\/wp-json\/wp\/v2\/users\/1"}],"replies":[{"embeddable":true,"href":"https:\/\/dev.bison.cz\/en\/wp-json\/wp\/v2\/comments?post=2105"}],"version-history":[{"count":8,"href":"https:\/\/dev.bison.cz\/en\/wp-json\/wp\/v2\/pages\/2105\/revisions"}],"predecessor-version":[{"id":7364,"href":"https:\/\/dev.bison.cz\/en\/wp-json\/wp\/v2\/pages\/2105\/revisions\/7364"}],"up":[{"embeddable":true,"href":"https:\/\/dev.bison.cz\/en\/wp-json\/wp\/v2\/pages\/565"}],"wp:attachment":[{"href":"https:\/\/dev.bison.cz\/en\/wp-json\/wp\/v2\/media?parent=2105"}],"curies":[{"name":"wp","href":"https:\/\/api.w.org\/{rel}","templated":true}]}}