{"id":2095,"date":"2016-02-07T12:10:21","date_gmt":"2016-02-07T11:10:21","guid":{"rendered":"https:\/\/www.dev.bison.cz\/en\/?page_id=2095"},"modified":"2021-05-08T08:31:39","modified_gmt":"2021-05-08T06:31:39","slug":"ball-hockey-shorts","status":"publish","type":"page","link":"https:\/\/dev.bison.cz\/en\/sports\/ball-hockey\/size-tables\/ball-hockey-shorts\/","title":{"rendered":"Ball hockey Shorts"},"content":{"rendered":"<div class=\"menu-inline\">\n<h1>Velikostn\u00ed tabulky pro hokejbalov\u00e9 tren\u00fdrky.<\/h1>\n<h3>VELIKOSTN\u00cd TABULKA &#8211; DODATEK<\/h3>\n<p>Uveden\u00e9 rozm\u011bry uv\u00e1d\u011bj\u00ed \u0161\u00ed\u0159ku dresu, NE obvod.<\/p>\n<p>Doporu\u010den\u00fd zp\u016fsob zji\u0161t\u011bn\u00ed pot\u0159ebn\u00e9 velikosti: tren\u00fdrky, kter\u00e9 V\u00e1m p\u0159esn\u011b sed\u00ed, polo\u017ete na st\u016fl a v napnut\u00e9m stavu zm\u011b\u0159te \u0161\u00ed\u0159ku i v\u00fd\u0161ku tren\u00fdrek. Nam\u011b\u0159en\u00e9 hodnoty porovnejte s tabulkou.<\/p>\n<p>Velikostn\u00ed tabulky jsou pouze orienta\u010dn\u00ed. Jestli\u017ee budete na rozhran\u00ed dvou velikost\u00ed, pro v\u011bt\u0161\u00ed pohodl\u00ed doporu\u010dujeme zvolit vy\u0161\u0161\u00ed velikost. Pozor: tolerance \u0161\u00ed\u0159e i d\u00e9lky dresu +\/- 2cm<\/p>\n<p>V p\u0159\u00edpad\u011b po\u017eadavku na individu\u00e1ln\u00ed \u00fapravy d\u00e9lek produkt\u016f mimo rozm\u011bry uveden\u00e9 v tabulce si \u00fa\u010dtujeme poplatek 50,- K\u010d\/ks bez DPH.<\/p>\n<hr \/>\n<h3 style=\"text-align: center;\"><a href=\"#panske\">P\u00e1nsk\u00e9 tren\u00fdrky<\/a>\u00a0\/\u00a0<a href=\"#damske\">D\u00e1msk\u00e9 tren\u00fdrky<\/a><\/h3>\n<\/div>\n<hr \/>\n<p><img id=\"panske\" class=\"aligncenter wp-image-28140 size-large\" src=\"https:\/\/www.dev.bison.cz\/en\/wp-content\/uploads\/2021\/05\/vel_tab_trenky_fotbal-new-1-1-741x1024.jpg\" alt=\"\" width=\"741\" height=\"1024\" srcset=\"https:\/\/dev.bison.cz\/en\/wp-content\/uploads\/2021\/05\/vel_tab_trenky_fotbal-new-1-1-741x1024.jpg 741w, https:\/\/dev.bison.cz\/en\/wp-content\/uploads\/2021\/05\/vel_tab_trenky_fotbal-new-1-1-217x300.jpg 217w, https:\/\/dev.bison.cz\/en\/wp-content\/uploads\/2021\/05\/vel_tab_trenky_fotbal-new-1-1-1111x1536.jpg 1111w, https:\/\/dev.bison.cz\/en\/wp-content\/uploads\/2021\/05\/vel_tab_trenky_fotbal-new-1-1-scaled.jpg 1481w, https:\/\/dev.bison.cz\/en\/wp-content\/uploads\/2021\/05\/vel_tab_trenky_fotbal-new-1-1-1170x1618.jpg 1170w\" sizes=\"(max-width: 741px) 100vw, 741px\" \/><\/p>\n<hr \/>\n<p><img id=\"damske\" class=\"wp-image-8225 size-full aligncenter\" src=\"https:\/\/www.dev.bison.cz\/en\/wp-content\/uploads\/2019\/11\/vel_tab_trenky_fotbal-new-d\u00e1msk\u00e9-1.jpg\" alt=\"\" width=\"800\" height=\"1048\" srcset=\"https:\/\/dev.bison.cz\/en\/wp-content\/uploads\/2019\/11\/vel_tab_trenky_fotbal-new-d\u00e1msk\u00e9-1.jpg 800w, https:\/\/dev.bison.cz\/en\/wp-content\/uploads\/2019\/11\/vel_tab_trenky_fotbal-new-d\u00e1msk\u00e9-1-229x300.jpg 229w, https:\/\/dev.bison.cz\/en\/wp-content\/uploads\/2019\/11\/vel_tab_trenky_fotbal-new-d\u00e1msk\u00e9-1-782x1024.jpg 782w\" sizes=\"(max-width: 800px) 100vw, 800px\" \/><\/p>\n<hr \/>\n<p><a class=\"krok-zpet\" href=\"https:\/\/www.dev.bison.cz\/en\/sports\/ball-hockey\/size-tables\">Back<\/a><\/p>\n","protected":false},"excerpt":{"rendered":"<p>Velikostn\u00ed tabulky pro hokejbalov\u00e9 tren\u00fdrky. VELIKOSTN\u00cd TABULKA &#8211; DODATEK Uveden\u00e9 rozm\u011bry uv\u00e1d\u011bj\u00ed \u0161\u00ed\u0159ku dresu, NE obvod. Doporu\u010den\u00fd zp\u016fsob zji\u0161t\u011bn\u00ed pot\u0159ebn\u00e9 velikosti: tren\u00fdrky, kter\u00e9 V\u00e1m p\u0159esn\u011b sed\u00ed, polo\u017ete na st\u016fl a v napnut\u00e9m stavu zm\u011b\u0159te \u0161\u00ed\u0159ku i v\u00fd\u0161ku tren\u00fdrek. Nam\u011b\u0159en\u00e9 hodnoty&hellip; <br \/><a class=\"read-more-button\" href=\"https:\/\/dev.bison.cz\/en\/sports\/ball-hockey\/size-tables\/ball-hockey-shorts\/\">Read more<\/a><\/p>\n","protected":false},"author":1,"featured_media":0,"parent":583,"menu_order":0,"comment_status":"closed","ping_status":"closed","template":"","meta":[],"_links":{"self":[{"href":"https:\/\/dev.bison.cz\/en\/wp-json\/wp\/v2\/pages\/2095"}],"collection":[{"href":"https:\/\/dev.bison.cz\/en\/wp-json\/wp\/v2\/pages"}],"about":[{"href":"https:\/\/dev.bison.cz\/en\/wp-json\/wp\/v2\/types\/page"}],"author":[{"embeddable":true,"href":"https:\/\/dev.bison.cz\/en\/wp-json\/wp\/v2\/users\/1"}],"replies":[{"embeddable":true,"href":"https:\/\/dev.bison.cz\/en\/wp-json\/wp\/v2\/comments?post=2095"}],"version-history":[{"count":11,"href":"https:\/\/dev.bison.cz\/en\/wp-json\/wp\/v2\/pages\/2095\/revisions"}],"predecessor-version":[{"id":28142,"href":"https:\/\/dev.bison.cz\/en\/wp-json\/wp\/v2\/pages\/2095\/revisions\/28142"}],"up":[{"embeddable":true,"href":"https:\/\/dev.bison.cz\/en\/wp-json\/wp\/v2\/pages\/583"}],"wp:attachment":[{"href":"https:\/\/dev.bison.cz\/en\/wp-json\/wp\/v2\/media?parent=2095"}],"curies":[{"name":"wp","href":"https:\/\/api.w.org\/{rel}","templated":true}]}}