{"id":132,"date":"2015-11-21T19:32:50","date_gmt":"2015-11-21T18:32:50","guid":{"rendered":"https:\/\/www.dev.bison.cz\/en\/?page_id=132"},"modified":"2020-10-23T16:18:22","modified_gmt":"2020-10-23T14:18:22","slug":"athletics","status":"publish","type":"page","link":"https:\/\/dev.bison.cz\/en\/sports\/athletics\/","title":{"rendered":"Athletics"},"content":{"rendered":"\n<h2>Athletics<\/h2>\n\n\n<p>Athletics, Queen of sport. Its disciplines are often so diverse, yet so beautiful. It is athletics that can present the possibilities of the human body and the psyche to the extreme. Are you a &#8220;pro&#8221; and you need a really high quality jersey, or are you a \u201chobbyist\u201d and you want to feel in sportswear really well? Then do not hesitate and take advantage of Bison\u2019s assortment.<\/p>\n<div id=\"bottom-panel-inner\" class=\"collapseomatic noarrow\">\n<h3>More information<\/h3>\n<p><img src=\"\/en\/wp-content\/themes\/naturespace\/img\/sipku-down-grey.png\" \/><\/p>\n<\/div>\n<div id=\"target-bottom-panel-inner\" class=\"collapseomatic_content hidden-panel\">\n<h3>Men&#8217;s Jerseys<\/h3>\n<p>The material for the production of elastic men\u2019s undershirts and jerseys is made of Italian polypropylene fiber and elastic fiber Lycra, which is exceptionally soft, very light and air permeable. It is a material designed only for athletic products. Increased tightening ability positively protects the muscles, which is welcomed by sportswear. It is characterized by increased non-ceasing property. Undershirts and jerseys for both men and women are timeless thanks to specially close-fitting patterns for comfortable wearing.<\/p>\n<p>The basic jerseys and undershirts size can be determined using <a href=\"\/en\/information\/materials\/\">here<\/a>. The size can be determined using our <a href=\"\/en\/sports\/athletics\/size-tables\/\">size tables<\/a>. Information on the price can be found in the <a href=\"\/en\/sports\/athletics\/price-list\/\">price list<\/a>.<\/p>\n<h3>Men\u2019s Shorts<\/h3>\n<p>The material for the production of elastic men\u2019s shorts is made of Italian polypropylene fiber and elastic fiber Lycra, which is exceptionally soft, very light and air permeable. It is a material primarily intended for athletics products. Material, thanks to its increased tightening ability positively protects muscles, which is welcomed by sportswear. It is also characterized by increased non-ceasing property. Shorts for both men and women are timeless thanks to specially close-fitting patterns for comfortable wearing.<\/p>\n<p>More information about materials can be found <a href=\"\/en\/information\/materials\/\">here<\/a>. The size can be determined using our <a href=\"\/en\/sports\/athletics\/size-tables\/\">size tables<\/a>. And the price? Basic information can be found in <a href=\"\/en\/sports\/athletics\/price-list\/\">price list<\/a>.<\/p>\n<h3>Women\u2019s Jerseys<\/h3>\n<p>The material for the production of elastic women\u2019s jerseys is made of Italian polypropylene fiber and elastic fiber Lycra, which is exceptionally soft, very light and air permeable. It is a material primarily intended for athletics products. Material, thanks to its increased tightening ability positively protects muscles, which is which is welcomed by sportswear. It is also characterized by increased non-ceasing property. The jerseys both for men and women are timeless thanks to specially close-fitting patterns for comfortable wearing.<\/p>\n<p>More information about materials can be found <a href=\"\/en\/information\/materials\/\">here<\/a>. The size can be determined using our <a href=\"\/en\/sports\/athletics\/size-tables\/\">size tables<\/a>. And the price? Basic information can be found in <a href=\"\/en\/sports\/athletics\/price-list\/\">price list<\/a>.<\/p>\n<h3>Women Shorts<\/h3>\n<p>The material for the production of elastic women\u2019s shorts is made of Italian polypropylene fiber and elastic fiber Lycra, which is exceptionally soft, very light and air permeable. It is a material primarily intended for athletic products. Material, thanks to its increased tightening ability positively protects muscles, which is welcomed by sportswear. It is also characterized by increased non-ceasing property. Shorts both for men and women are timeless thanks to specially close-fitting patterns for comfortable wearing.<\/p>\n<p>More information about materials can be found <a href=\"\/en\/information\/materials\/\">here<\/a>. The size can be determined using our <a href=\"\/en\/sports\/athletics\/size-tables\/\">size tables<\/a>. And the price? Basic information can be found in <a href=\"\/en\/sports\/athletics\/price-list\/\">price list<\/a>.<\/p>\n<h3>Vlastn\u00ed n\u00e1vrh<\/h3>\n<p>Pokud si nevyberete \u017e\u00e1dn\u00fd model dresu z na\u0161\u00ed nab\u00eddky, nebo po\u017eadujete <strong>dresy v origin\u00e1ln\u00edm designu<\/strong>,m\u016f\u017eeme v na\u0161em grafick\u00e9m studiu spole\u010dn\u011b s v\u00e1mi vytvo\u0159it <strong>dresy podle va\u0161ich p\u0159edstav<\/strong>. <strong>P\u0159\u00edprava grafick\u00e9ho n\u00e1vrhu je zdarma.<\/strong> Samostatn\u00e1 v\u00fdroba se v\u017edy uskute\u010dn\u00ed a\u017e po odsouhlasen\u00ed vzork\u016f nebo tiskov\u00fdch n\u00e1hled\u016f. V p\u0159\u00edpad\u011b ztr\u00e1ty nebo zni\u010den\u00ed va\u0161ich sou\u010dasn\u00fdch <strong>dres\u016f<\/strong> v\u00e1m r\u00e1di zkompletujeme ne\u00fapln\u00e9 sady zhotoven\u00edm podobn\u00fdch <strong>dres\u016f<\/strong> tak, abyste i nad\u00e1le mohli tyto <strong>dresy<\/strong> pou\u017e\u00edvat.<\/p>\n<\/div>\n\n\n\n\n\r\n<div id=\"sport-squares\">\r\n                <div>\r\n\t\t\t\t\t<img src=\"\/en\/wp-content\/themes\/naturespace\/img\/squares\/fotogalerie-dresu.jpg\" \/>\r\n\t\t\t\t\t<a href=\"\/en\/sports\/wp-json\/photogallery-of-clothes\/\">Photogallery of jerseys<\/a>\r\n                <\/div>\r\n\r\n                <div>\r\n                    <img src=\"\/en\/wp-content\/themes\/naturespace\/img\/squares\/fotogalerie-tymu.jpg\" \/>\r\n\t\t\t\t\t<a href=\"\/en\/sports\/wp-json\/photogallery-of-teams\/\">Photogallery of teams<\/a>\r\n                <\/div>               \r\n\r\n\t\t\t\t<div>\r\n                    <img src=\"\/en\/wp-content\/themes\/naturespace\/img\/squares\/galerie-grafiky.jpg\" \/>\r\n\t\t\t\t\t<a href=\"\/en\/sports\/wp-json\/gallery-of-graphics\/\">Gallery of graphics<\/a>\r\n                <\/div>\r\n\t\r\n                <div style=\"margin-right: 0px; float: right;\">\r\n                    <img src=\"\/en\/wp-content\/themes\/naturespace\/img\/squares\/designova-inspirace.jpg\" \/>\r\n\t\t\t\t\t<a href=\"\/en\/sports\/wp-json\/designs-inspiration\/\">Designs inspiration<\/a>\r\n                <\/div>\r\n<\/div>\r\n<div style=\"clear: both;\"><\/div>\r\n\r\n\n","protected":false},"excerpt":{"rendered":"<p>Athletics Athletics, Queen of sport. Its disciplines are often so diverse, yet so beautiful. It is athletics that can present the possibilities of the human body and the psyche to the extreme. Are you a &#8220;pro&#8221; and you need a&hellip; <br \/><a class=\"read-more-button\" href=\"https:\/\/dev.bison.cz\/en\/sports\/athletics\/\">Read more<\/a><\/p>\n","protected":false},"author":1,"featured_media":0,"parent":142,"menu_order":0,"comment_status":"closed","ping_status":"closed","template":"","meta":[],"_links":{"self":[{"href":"https:\/\/dev.bison.cz\/en\/wp-json\/wp\/v2\/pages\/132"}],"collection":[{"href":"https:\/\/dev.bison.cz\/en\/wp-json\/wp\/v2\/pages"}],"about":[{"href":"https:\/\/dev.bison.cz\/en\/wp-json\/wp\/v2\/types\/page"}],"author":[{"embeddable":true,"href":"https:\/\/dev.bison.cz\/en\/wp-json\/wp\/v2\/users\/1"}],"replies":[{"embeddable":true,"href":"https:\/\/dev.bison.cz\/en\/wp-json\/wp\/v2\/comments?post=132"}],"version-history":[{"count":21,"href":"https:\/\/dev.bison.cz\/en\/wp-json\/wp\/v2\/pages\/132\/revisions"}],"predecessor-version":[{"id":21055,"href":"https:\/\/dev.bison.cz\/en\/wp-json\/wp\/v2\/pages\/132\/revisions\/21055"}],"up":[{"embeddable":true,"href":"https:\/\/dev.bison.cz\/en\/wp-json\/wp\/v2\/pages\/142"}],"wp:attachment":[{"href":"https:\/\/dev.bison.cz\/en\/wp-json\/wp\/v2\/media?parent=132"}],"curies":[{"name":"wp","href":"https:\/\/api.w.org\/{rel}","templated":true}]}}